{"id":767897,"date":"2025-08-28T13:02:57","date_gmt":"2025-08-28T10:02:57","guid":{"rendered":"https:\/\/roveyayinevi.com.tr\/index.php\/urun\/ben-kimim-bir-oncunun-hikayesi-martin-luther-king\/"},"modified":"2026-04-15T03:33:35","modified_gmt":"2026-04-15T00:33:35","slug":"ben-kimim-bir-oncunun-hikayesi-martin-luther-king","status":"publish","type":"product","link":"https:\/\/roveyayinevi.com.tr\/index.php\/urun\/ben-kimim-bir-oncunun-hikayesi-martin-luther-king\/","title":{"rendered":"Ben Kimim?- Bir \u00d6nc\u00fcn\u00fcn Hikayesi Martin Luther King"},"content":{"rendered":"<p>Bir hayalim var benim! Atalar\u0131 Afrika\u2019dan Amerika\u2019ya zorla getirilen Martin Luther King, g\u00f6z\u00fcn\u00fc siyahlar\u0131n \u0131rk\u00e7\u0131l\u0131\u011fa maruz kald\u0131\u011f\u0131, haklar\u0131n\u0131n esirgendi\u011fi bir d\u00fcnyaya a\u00e7t\u0131. Hayat\u0131n\u0131 \u0131rk\u00e7\u0131l\u0131kla m\u00fccadeleyle ge\u00e7irdi, siyahlar\u0131n haklar\u0131n\u0131 elde etmek i\u00e7in elinden gelen yapt\u0131. Organize etti\u011fi y\u00fcr\u00fcy\u00fc\u015fler ve protestolar sayesinde siyahlar, uzun y\u0131llard\u0131r hak ettiklerini alabildi\u2026 Martin, haklar\u0131n\u0131 ararken \u015fiddete ba\u015fvurmad\u0131.  Sadece siyahlar i\u00e7in de\u011fil, t\u00fcm d\u00fcnyada ezilen, haks\u0131zl\u0131\u011fa u\u011frayan insanlar i\u00e7in de bir \u015feyler yapmak istedi. Kimsenin \u0131rk\u0131ndan, renginden dolay\u0131 ayr\u0131mc\u0131l\u0131k ya\u015famad\u0131\u011f\u0131 bir d\u00fcnya kurmak i\u00e7in \u00e7al\u0131\u015ft\u0131.  Bu kitapta, Martin\u2019in amac\u0131na ula\u015fmak i\u00e7in verdi\u011fi m\u00fccadeleyi okuyacaks\u0131n\u0131z.<\/p>\n","protected":false},"excerpt":{"rendered":"<p>Bir hayalim var benim! Atalar\u0131 Afrika\u2019dan Amerika\u2019ya zorla getirilen Martin Luther King, g\u00f6z\u00fcn\u00fc siyahlar\u0131n \u0131rk\u00e7\u0131l\u0131\u011fa maruz kald\u0131\u011f\u0131, haklar\u0131n\u0131n esirgendi\u011fi bir d\u00fcnyaya a\u00e7t\u0131. Hayat\u0131n\u0131 \u0131rk\u00e7\u0131l\u0131kla m\u00fccadeleyle ge\u00e7irdi,<span class=\"excerpt-hellip\"> [\u2026]<\/span><\/p>\n","protected":false},"featured_media":0,"template":"","meta":{"_monsterinsights_skip_tracking":false,"_monsterinsights_sitenote_active":false,"_monsterinsights_sitenote_note":"","_monsterinsights_sitenote_category":0},"product_brand":[],"product_cat":[12274,12284],"product_tag":[],"class_list":{"0":"post-767897","1":"product","2":"type-product","3":"status-publish","5":"product_cat-cocuk-ve-genclik-kitaplari","6":"product_cat-hikayeler","7":"pa_cilt-ciltsiz","8":"pa_tur-kitap","9":"pa_yayinevi-erdem-cocuk","10":"pa_yazar-asli-kahraman-cinar","12":"first","13":"instock","14":"sale","15":"shipping-taxable","16":"purchasable","17":"product-type-simple"},"_links":{"self":[{"href":"https:\/\/roveyayinevi.com.tr\/index.php\/wp-json\/wp\/v2\/product\/767897","targetHints":{"allow":["GET"]}}],"collection":[{"href":"https:\/\/roveyayinevi.com.tr\/index.php\/wp-json\/wp\/v2\/product"}],"about":[{"href":"https:\/\/roveyayinevi.com.tr\/index.php\/wp-json\/wp\/v2\/types\/product"}],"wp:attachment":[{"href":"https:\/\/roveyayinevi.com.tr\/index.php\/wp-json\/wp\/v2\/media?parent=767897"}],"wp:term":[{"taxonomy":"product_brand","embeddable":true,"href":"https:\/\/roveyayinevi.com.tr\/index.php\/wp-json\/wp\/v2\/product_brand?post=767897"},{"taxonomy":"product_cat","embeddable":true,"href":"https:\/\/roveyayinevi.com.tr\/index.php\/wp-json\/wp\/v2\/product_cat?post=767897"},{"taxonomy":"product_tag","embeddable":true,"href":"https:\/\/roveyayinevi.com.tr\/index.php\/wp-json\/wp\/v2\/product_tag?post=767897"}],"curies":[{"name":"wp","href":"https:\/\/api.w.org\/{rel}","templated":true}]}}