{"id":767895,"date":"2025-08-28T13:02:53","date_gmt":"2025-08-28T10:02:53","guid":{"rendered":"https:\/\/roveyayinevi.com.tr\/index.php\/urun\/gizemli-bahcenin-sirri\/"},"modified":"2026-04-15T03:33:35","modified_gmt":"2026-04-15T00:33:35","slug":"gizemli-bahcenin-sirri","status":"publish","type":"product","link":"https:\/\/roveyayinevi.com.tr\/index.php\/urun\/gizemli-bahcenin-sirri\/","title":{"rendered":"Gizemli Bah\u00e7enin S\u0131rr\u0131"},"content":{"rendered":"<p>Erdem ve \u00c7i\u00e7ek, Cikcik Soka\u011f\u0131\u2019n\u0131 g\u00f6zlemler. Erdem\u2019in annesi bu sokaktaki gizemli evin s\u0131rr\u0131n\u0131 \u00e7\u00f6zmelerini istemi\u015ftir. Evin ger\u00e7ekten de gizemli bir h\u00e2li vard\u0131r. Sokaktaki di\u011fer evlerden \u00e7ok farkl\u0131d\u0131r. Bah\u00e7esi yemye\u015fil a\u011fa\u00e7larla dolu, sardunyalar\u0131 mis gibi kokuyor ve han\u0131meli duvar\u0131 a\u015f\u0131p yere kadar sark\u0131yor&#8230;  Erdem ve \u00c7i\u00e7ek sokaktaki \u00e7ocuklarla arkada\u015f olur ve gizemli ev hakk\u0131nda bilgi edinmeye \u00e7al\u0131\u015f\u0131rlar. Sonunda ev sahibi Salih amca ve Aynur teyzenin hi\u00e7 \u00e7\u00f6p atmad\u0131\u011f\u0131n\u0131 \u00f6\u011frenirler. B\u00f6yle bir \u015fey nas\u0131l olabilir acaba? S\u0131f\u0131r at\u0131k, geri d\u00f6n\u00fc\u015f\u00fcm, yenilenebilir enerji ve kompost hakk\u0131nda \u00e7ocuklara fark\u0131ndal\u0131k kazand\u0131racak merak uyand\u0131ran bir hik\u00e2ye.<\/p>\n","protected":false},"excerpt":{"rendered":"<p>Erdem ve \u00c7i\u00e7ek, Cikcik Soka\u011f\u0131\u2019n\u0131 g\u00f6zlemler. Erdem\u2019in annesi bu sokaktaki gizemli evin s\u0131rr\u0131n\u0131 \u00e7\u00f6zmelerini istemi\u015ftir. Evin ger\u00e7ekten de gizemli bir h\u00e2li vard\u0131r. Sokaktaki di\u011fer evlerden \u00e7ok<span class=\"excerpt-hellip\"> [\u2026]<\/span><\/p>\n","protected":false},"featured_media":0,"template":"","meta":{"_monsterinsights_skip_tracking":false,"_monsterinsights_sitenote_active":false,"_monsterinsights_sitenote_note":"","_monsterinsights_sitenote_category":0},"product_brand":[],"product_cat":[12274,12284],"product_tag":[],"class_list":{"0":"post-767895","1":"product","2":"type-product","3":"status-publish","5":"product_cat-cocuk-ve-genclik-kitaplari","6":"product_cat-hikayeler","7":"pa_cilt-ciltsiz","8":"pa_tur-kitap","9":"pa_yayinevi-erdem-cocuk","10":"pa_yazar-fatma-hazan-turkkol","12":"first","13":"instock","14":"sale","15":"shipping-taxable","16":"purchasable","17":"product-type-simple"},"_links":{"self":[{"href":"https:\/\/roveyayinevi.com.tr\/index.php\/wp-json\/wp\/v2\/product\/767895","targetHints":{"allow":["GET"]}}],"collection":[{"href":"https:\/\/roveyayinevi.com.tr\/index.php\/wp-json\/wp\/v2\/product"}],"about":[{"href":"https:\/\/roveyayinevi.com.tr\/index.php\/wp-json\/wp\/v2\/types\/product"}],"wp:attachment":[{"href":"https:\/\/roveyayinevi.com.tr\/index.php\/wp-json\/wp\/v2\/media?parent=767895"}],"wp:term":[{"taxonomy":"product_brand","embeddable":true,"href":"https:\/\/roveyayinevi.com.tr\/index.php\/wp-json\/wp\/v2\/product_brand?post=767895"},{"taxonomy":"product_cat","embeddable":true,"href":"https:\/\/roveyayinevi.com.tr\/index.php\/wp-json\/wp\/v2\/product_cat?post=767895"},{"taxonomy":"product_tag","embeddable":true,"href":"https:\/\/roveyayinevi.com.tr\/index.php\/wp-json\/wp\/v2\/product_tag?post=767895"}],"curies":[{"name":"wp","href":"https:\/\/api.w.org\/{rel}","templated":true}]}}