{"id":767894,"date":"2025-08-28T13:02:51","date_gmt":"2025-08-28T10:02:51","guid":{"rendered":"https:\/\/roveyayinevi.com.tr\/index.php\/urun\/caca-evet-demeyi-ogreniyor\/"},"modified":"2026-04-12T03:25:00","modified_gmt":"2026-04-12T00:25:00","slug":"caca-evet-demeyi-ogreniyor","status":"publish","type":"product","link":"https:\/\/roveyayinevi.com.tr\/index.php\/urun\/caca-evet-demeyi-ogreniyor\/","title":{"rendered":"\u00c7a\u00e7a Evet Demeyi \u00d6\u011freniyor"},"content":{"rendered":"<p>\u201cYazar, \u00e7ocuklar\u0131n kendilerini ifade ederken kendi s\u0131n\u0131rlar\u0131n\u0131 koruduklar\u0131 kadar ba\u015fkalar\u0131n\u0131n s\u0131n\u0131rlar\u0131n\u0131 da g\u00f6zetmeleri gereken dengeli bir ifade yolunun m\u00fcmk\u00fcn oldu\u011funu; bu yolun etrafta bulunan yeti\u015fkinlerin \u015fefkatli rehberli\u011fi ile bulunabilece\u011fini bizlere aktarmaktad\u0131r. \u00c7ocuklar, bu kitab\u0131 okurken hayal k\u0131r\u0131kl\u0131\u011f\u0131 ve \u00f6fke duygular\u0131 \u00fczerine d\u00fc\u015f\u00fcnebilir, kendileri ve di\u011ferlerini g\u00fcvende hissettirecek \u015fekilde ifade etmenin yollar\u0131n\u0131 ke\u015ffedebilirler.\u201d   \u0130PEK \u00c7EL\u0130K Psikolojik Dan\u0131\u015fman   *** \u201c\u00c7a\u00e7a\u2019n\u0131n yeni hik\u00e2yesi, \u2018Evet,\u2019 diyerek s\u0131n\u0131r koyman\u0131n nerede, nas\u0131l ve ne zaman yap\u0131laca\u011f\u0131n\u0131 ke\u015ffederken, bizlere de \u00f6nemli dersler veriyor. Do\u011fru yerde \u2018Evet,\u2019 diyebilmek, payla\u015fmay\u0131, i\u015f birli\u011fini ve sevgi dolu ili\u015fkiler kurmay\u0131 m\u00fcmk\u00fcn k\u0131lar. \u00c7a\u00e7a\u2019n\u0131n bu maceras\u0131, \u00e7ocuklar\u0131n hem kendilerini hem de \u00e7evrelerindekileri anlamalar\u0131 i\u00e7in e\u015fsiz bir f\u0131rsat sunuyor.\u201d   Cansu AKINCI Uzman Klinik Psikolog<\/p>\n","protected":false},"excerpt":{"rendered":"<p>\u201cYazar, \u00e7ocuklar\u0131n kendilerini ifade ederken kendi s\u0131n\u0131rlar\u0131n\u0131 koruduklar\u0131 kadar ba\u015fkalar\u0131n\u0131n s\u0131n\u0131rlar\u0131n\u0131 da g\u00f6zetmeleri gereken dengeli bir ifade yolunun m\u00fcmk\u00fcn oldu\u011funu; bu yolun etrafta bulunan yeti\u015fkinlerin \u015fefkatli<span class=\"excerpt-hellip\"> [\u2026]<\/span><\/p>\n","protected":false},"featured_media":0,"template":"","meta":{"_monsterinsights_skip_tracking":false,"_monsterinsights_sitenote_active":false,"_monsterinsights_sitenote_note":"","_monsterinsights_sitenote_category":0},"product_brand":[],"product_cat":[12274,12284],"product_tag":[],"class_list":{"0":"post-767894","1":"product","2":"type-product","3":"status-publish","5":"product_cat-cocuk-ve-genclik-kitaplari","6":"product_cat-hikayeler","7":"pa_cilt-ciltsiz","8":"pa_tur-kitap","9":"pa_yayinevi-luna-cocuk-yayinlari","10":"pa_yazar-ece-omercikoglu-ozturk","12":"first","13":"instock","14":"sale","15":"shipping-taxable","16":"purchasable","17":"product-type-simple"},"_links":{"self":[{"href":"https:\/\/roveyayinevi.com.tr\/index.php\/wp-json\/wp\/v2\/product\/767894","targetHints":{"allow":["GET"]}}],"collection":[{"href":"https:\/\/roveyayinevi.com.tr\/index.php\/wp-json\/wp\/v2\/product"}],"about":[{"href":"https:\/\/roveyayinevi.com.tr\/index.php\/wp-json\/wp\/v2\/types\/product"}],"wp:attachment":[{"href":"https:\/\/roveyayinevi.com.tr\/index.php\/wp-json\/wp\/v2\/media?parent=767894"}],"wp:term":[{"taxonomy":"product_brand","embeddable":true,"href":"https:\/\/roveyayinevi.com.tr\/index.php\/wp-json\/wp\/v2\/product_brand?post=767894"},{"taxonomy":"product_cat","embeddable":true,"href":"https:\/\/roveyayinevi.com.tr\/index.php\/wp-json\/wp\/v2\/product_cat?post=767894"},{"taxonomy":"product_tag","embeddable":true,"href":"https:\/\/roveyayinevi.com.tr\/index.php\/wp-json\/wp\/v2\/product_tag?post=767894"}],"curies":[{"name":"wp","href":"https:\/\/api.w.org\/{rel}","templated":true}]}}