{"id":767893,"date":"2025-08-28T13:02:49","date_gmt":"2025-08-28T10:02:49","guid":{"rendered":"https:\/\/roveyayinevi.com.tr\/index.php\/urun\/ernest-neden-agliyor\/"},"modified":"2026-04-15T03:33:35","modified_gmt":"2026-04-15T00:33:35","slug":"ernest-neden-agliyor","status":"publish","type":"product","link":"https:\/\/roveyayinevi.com.tr\/index.php\/urun\/ernest-neden-agliyor\/","title":{"rendered":"Ernest Neden A\u011fl\u0131yor"},"content":{"rendered":"<p>Ernest, birka\u00e7 g\u00fcnd\u00fcr yapt\u0131klar\u0131ndan keyif alm\u0131yordu. Kalbinde bir bo\u015fluk hissediyordu. Sanki yemek i\u00e7in kabu\u011funu k\u0131rd\u0131\u011f\u0131 cevizin i\u00e7i, bo\u015f \u00e7\u0131km\u0131\u015f gibiydi. Neden b\u00f6yle hissediyordu?   Ernest\u2019in hik\u00e2yesini okurken hem \u00e7ok e\u011flenecek hem de kaplumba\u011falar hakk\u0131nda birbirinden ilgin\u00e7 bilgiler \u00f6\u011freneceksiniz.   Ve bir de\u2026 Korkular\u0131m\u0131z\u0131n bazen gereksiz oldu\u011funu\u2026<\/p>\n","protected":false},"excerpt":{"rendered":"<p>Ernest, birka\u00e7 g\u00fcnd\u00fcr yapt\u0131klar\u0131ndan keyif alm\u0131yordu. Kalbinde bir bo\u015fluk hissediyordu. Sanki yemek i\u00e7in kabu\u011funu k\u0131rd\u0131\u011f\u0131 cevizin i\u00e7i, bo\u015f \u00e7\u0131km\u0131\u015f gibiydi. Neden b\u00f6yle hissediyordu? Ernest\u2019in hik\u00e2yesini okurken<span class=\"excerpt-hellip\"> [\u2026]<\/span><\/p>\n","protected":false},"featured_media":0,"template":"","meta":{"_monsterinsights_skip_tracking":false,"_monsterinsights_sitenote_active":false,"_monsterinsights_sitenote_note":"","_monsterinsights_sitenote_category":0},"product_brand":[],"product_cat":[12274,12284],"product_tag":[],"class_list":{"0":"post-767893","1":"product","2":"type-product","3":"status-publish","5":"product_cat-cocuk-ve-genclik-kitaplari","6":"product_cat-hikayeler","7":"pa_cilt-ciltsiz","8":"pa_tur-kitap","9":"pa_yayinevi-luna-cocuk-yayinlari","10":"pa_yazar-hande-kayacan","12":"first","13":"instock","14":"sale","15":"shipping-taxable","16":"purchasable","17":"product-type-simple"},"_links":{"self":[{"href":"https:\/\/roveyayinevi.com.tr\/index.php\/wp-json\/wp\/v2\/product\/767893","targetHints":{"allow":["GET"]}}],"collection":[{"href":"https:\/\/roveyayinevi.com.tr\/index.php\/wp-json\/wp\/v2\/product"}],"about":[{"href":"https:\/\/roveyayinevi.com.tr\/index.php\/wp-json\/wp\/v2\/types\/product"}],"wp:attachment":[{"href":"https:\/\/roveyayinevi.com.tr\/index.php\/wp-json\/wp\/v2\/media?parent=767893"}],"wp:term":[{"taxonomy":"product_brand","embeddable":true,"href":"https:\/\/roveyayinevi.com.tr\/index.php\/wp-json\/wp\/v2\/product_brand?post=767893"},{"taxonomy":"product_cat","embeddable":true,"href":"https:\/\/roveyayinevi.com.tr\/index.php\/wp-json\/wp\/v2\/product_cat?post=767893"},{"taxonomy":"product_tag","embeddable":true,"href":"https:\/\/roveyayinevi.com.tr\/index.php\/wp-json\/wp\/v2\/product_tag?post=767893"}],"curies":[{"name":"wp","href":"https:\/\/api.w.org\/{rel}","templated":true}]}}