{"id":767890,"date":"2025-08-28T13:02:43","date_gmt":"2025-08-28T10:02:43","guid":{"rendered":"https:\/\/roveyayinevi.com.tr\/index.php\/urun\/evie-balta-girmemis-ormanda\/"},"modified":"2026-04-15T03:33:35","modified_gmt":"2026-04-15T00:33:35","slug":"evie-balta-girmemis-ormanda","status":"publish","type":"product","link":"https:\/\/roveyayinevi.com.tr\/index.php\/urun\/evie-balta-girmemis-ormanda\/","title":{"rendered":"Evie Balta Girmemi\u015f Ormanda"},"content":{"rendered":"<p>Evie hayvanlarla konu\u015ftu\u011fu zaman hayvanlar Evie\u2019ye yan\u0131t veriyor.   On iki ya\u015f\u0131ndaki Evie\u2019nin \u00e7ok \u00f6zel bir yetene\u011fi var. S\u00fcper bir yetenek. Evie hayvanlar\u0131n d\u00fc\u015f\u00fcncelerini duyabiliyor. Evie babas\u0131yla birlikte ya\u011fmur Amazon ya\u011fmur ormanlar\u0131nda bir geziye \u00e7\u0131kar. Burada pembe nehir yunuslar\u0131yla arkada\u015f olur, yaral\u0131 bir tembelhayvan\u0131 kurtarmas\u0131 gerekir ve jaguarlar\u0131n gizli hayat\u0131n\u0131 ke\u015ffeder. \u00c7ok ge\u00e7meden balta girmemi\u015f orman\u0131n \u00e7ok b\u00fcy\u00fck tehlike alt\u0131nda oldu\u011funu g\u00f6r\u00fcr ve orman\u0131 kurtarmak i\u00e7in epey riskli bir plan yapmaya koyulur\u2026   \u00c7ok satan kitaplar\u0131n d\u00fcnyaca \u00fcnl\u00fc yazar\u0131 Matt Haig\u2019den do\u011fan\u0131n \u00f6nemine dair yepyeni bir macera daha\u2026 <\/p>\n","protected":false},"excerpt":{"rendered":"<p>Evie hayvanlarla konu\u015ftu\u011fu zaman hayvanlar Evie\u2019ye yan\u0131t veriyor. On iki ya\u015f\u0131ndaki Evie\u2019nin \u00e7ok \u00f6zel bir yetene\u011fi var. S\u00fcper bir yetenek. Evie hayvanlar\u0131n d\u00fc\u015f\u00fcncelerini duyabiliyor. Evie babas\u0131yla<span class=\"excerpt-hellip\"> [\u2026]<\/span><\/p>\n","protected":false},"featured_media":0,"template":"","meta":{"_monsterinsights_skip_tracking":false,"_monsterinsights_sitenote_active":false,"_monsterinsights_sitenote_note":"","_monsterinsights_sitenote_category":0},"product_brand":[],"product_cat":[12291,12711],"product_tag":[],"class_list":{"0":"post-767890","1":"product","2":"type-product","3":"status-publish","5":"product_cat-edebiyat","6":"product_cat-roman-oyku","7":"pa_cilt-ciltsiz","8":"pa_tur-kitap","9":"pa_yayinevi-yapi-kredi-yayinlari","10":"pa_yazar-matt-haig","12":"first","13":"instock","14":"sale","15":"shipping-taxable","16":"purchasable","17":"product-type-simple"},"_links":{"self":[{"href":"https:\/\/roveyayinevi.com.tr\/index.php\/wp-json\/wp\/v2\/product\/767890","targetHints":{"allow":["GET"]}}],"collection":[{"href":"https:\/\/roveyayinevi.com.tr\/index.php\/wp-json\/wp\/v2\/product"}],"about":[{"href":"https:\/\/roveyayinevi.com.tr\/index.php\/wp-json\/wp\/v2\/types\/product"}],"wp:attachment":[{"href":"https:\/\/roveyayinevi.com.tr\/index.php\/wp-json\/wp\/v2\/media?parent=767890"}],"wp:term":[{"taxonomy":"product_brand","embeddable":true,"href":"https:\/\/roveyayinevi.com.tr\/index.php\/wp-json\/wp\/v2\/product_brand?post=767890"},{"taxonomy":"product_cat","embeddable":true,"href":"https:\/\/roveyayinevi.com.tr\/index.php\/wp-json\/wp\/v2\/product_cat?post=767890"},{"taxonomy":"product_tag","embeddable":true,"href":"https:\/\/roveyayinevi.com.tr\/index.php\/wp-json\/wp\/v2\/product_tag?post=767890"}],"curies":[{"name":"wp","href":"https:\/\/api.w.org\/{rel}","templated":true}]}}