{"id":767882,"date":"2025-08-28T13:02:27","date_gmt":"2025-08-28T10:02:27","guid":{"rendered":"https:\/\/roveyayinevi.com.tr\/index.php\/urun\/bizim-cikmaz-sokagimiz\/"},"modified":"2026-04-03T03:24:34","modified_gmt":"2026-04-03T00:24:34","slug":"bizim-cikmaz-sokagimiz","status":"publish","type":"product","link":"https:\/\/roveyayinevi.com.tr\/index.php\/urun\/bizim-cikmaz-sokagimiz\/","title":{"rendered":"Bizim \u00c7\u0131kmaz Soka\u011f\u0131m\u0131z"},"content":{"rendered":"<p>Ben do\u011fduktan bir y\u0131l sonra ta\u015f\u0131nm\u0131\u015f annemle babam. Ad\u0131 gibi kendi de \u00e7\u0131kmaz bu soka\u011fa. \u201cAraba, motosiklet hi\u00e7 girmez\u201d demi\u015fler. Sokakta g\u00f6nl\u00fcmce oynayabileyim istemi\u015fler. [&#8230;]   Annemin \u00e7ocuklu\u011fu \u00c7i\u00e7ekli Da\u011f Soka\u011f\u0131\u2019nda ge\u00e7mi\u015f. Hem \u00e7ok \u00e7i\u00e7ekli bir sokakm\u0131\u015f hem de da\u011f kadar dikmi\u015f. Kollar\u0131n\u0131 a\u00e7\u0131p soka\u011f\u0131n ba\u015f\u0131ndan yoku\u015f a\u015fa\u011f\u0131 ko\u015farm\u0131\u015f. Sanki bir ku\u015f gibi s\u00fcz\u00fcl\u00fcp \u00e7i\u00e7eklerin aras\u0131ndan u\u00e7arm\u0131\u015f. Nas\u0131l b\u00fcy\u00fcd\u00fc\u011f\u00fcm\u00fcz, ya\u015fad\u0131\u011f\u0131m\u0131z sokaklarla da belirlenir.   Evimizin \u015fenlik bah\u00e7esidir sokaklar.   Do\u011fan G\u00fcnd\u00fcz\u2019\u00fcn yazd\u0131\u011f\u0131 Bizim \u00c7\u0131kmaz Soka\u011f\u0131m\u0131z\u2019a \u00d6zge T\u0131\u011fl\u0131 Ta\u015fl\u0131 resimleriyle e\u015flik ediyor. <\/p>\n","protected":false},"excerpt":{"rendered":"<p>Ben do\u011fduktan bir y\u0131l sonra ta\u015f\u0131nm\u0131\u015f annemle babam. Ad\u0131 gibi kendi de \u00e7\u0131kmaz bu soka\u011fa. \u201cAraba, motosiklet hi\u00e7 girmez\u201d demi\u015fler. Sokakta g\u00f6nl\u00fcmce oynayabileyim istemi\u015fler. [&#8230;] Annemin<span class=\"excerpt-hellip\"> [\u2026]<\/span><\/p>\n","protected":false},"featured_media":0,"template":"","meta":{"_monsterinsights_skip_tracking":false,"_monsterinsights_sitenote_active":false,"_monsterinsights_sitenote_note":"","_monsterinsights_sitenote_category":0},"product_brand":[],"product_cat":[12274,12284],"product_tag":[],"class_list":{"0":"post-767882","1":"product","2":"type-product","3":"status-publish","5":"product_cat-cocuk-ve-genclik-kitaplari","6":"product_cat-hikayeler","7":"pa_cilt-ciltsiz","8":"pa_tur-kitap","9":"pa_yayinevi-yapi-kredi-yayinlari","10":"pa_yazar-dogan-gunduz","12":"first","13":"instock","14":"sale","15":"shipping-taxable","16":"purchasable","17":"product-type-simple"},"_links":{"self":[{"href":"https:\/\/roveyayinevi.com.tr\/index.php\/wp-json\/wp\/v2\/product\/767882","targetHints":{"allow":["GET"]}}],"collection":[{"href":"https:\/\/roveyayinevi.com.tr\/index.php\/wp-json\/wp\/v2\/product"}],"about":[{"href":"https:\/\/roveyayinevi.com.tr\/index.php\/wp-json\/wp\/v2\/types\/product"}],"wp:attachment":[{"href":"https:\/\/roveyayinevi.com.tr\/index.php\/wp-json\/wp\/v2\/media?parent=767882"}],"wp:term":[{"taxonomy":"product_brand","embeddable":true,"href":"https:\/\/roveyayinevi.com.tr\/index.php\/wp-json\/wp\/v2\/product_brand?post=767882"},{"taxonomy":"product_cat","embeddable":true,"href":"https:\/\/roveyayinevi.com.tr\/index.php\/wp-json\/wp\/v2\/product_cat?post=767882"},{"taxonomy":"product_tag","embeddable":true,"href":"https:\/\/roveyayinevi.com.tr\/index.php\/wp-json\/wp\/v2\/product_tag?post=767882"}],"curies":[{"name":"wp","href":"https:\/\/api.w.org\/{rel}","templated":true}]}}