{"id":767880,"date":"2025-08-28T13:02:25","date_gmt":"2025-08-28T10:02:25","guid":{"rendered":"https:\/\/roveyayinevi.com.tr\/index.php\/urun\/kitap-lik-237-ocak-mart-2025\/"},"modified":"2026-04-15T03:33:34","modified_gmt":"2026-04-15T00:33:34","slug":"kitap-lik-237-ocak-mart-2025","status":"publish","type":"product","link":"https:\/\/roveyayinevi.com.tr\/index.php\/urun\/kitap-lik-237-ocak-mart-2025\/","title":{"rendered":"Kitap-l\u0131k 237 \/ Ocak \u2013 Mart 2025"},"content":{"rendered":"<p>Poetik Ben\u2019in \u0130n\u015fas\u0131   Ocak-Mart 2025 tarihli 237. say\u0131n\u0131n dosya konusu \u201cPoetik Ben\u2019in \u0130n\u015fas\u0131\u201d. Y\u00fccel Kay\u0131ran\u2019\u0131n haz\u0131rlad\u0131\u011f\u0131 dosya onun \u201cPoetik Ben\u2019in Neli\u011fi ve Edebi Yap\u0131tta Ortaya \u00c7\u0131k\u0131\u015f\u0131 &#8211; Hegelyen Bir Okuma\u201d ba\u015fl\u0131kl\u0131 yaz\u0131s\u0131yla ba\u015fl\u0131yor. Fahri \u00d6z Walt Whitman\u2019\u0131, Erhan Altan Abd\u00fclhak H\u00e2mit\u2019i, Mehmet Akif Tutumlu Edip Cansever\u2019i ve Enis Ak\u0131n Turgut Uyar\u2019\u0131 \u201cBen\u201d a\u00e7\u0131s\u0131ndan ele alan yaz\u0131lar\u0131yla dosyada yer ald\u0131lar.   Mehmet Rifat\u2019\u0131n Yves Stalloni\u2019den \u00e7evirdi\u011fi \u201cRomanc\u0131 Kimdir\u201d ba\u015fl\u0131kl\u0131 yaz\u0131, Y\u00fcksel Pazarkaya\u2019n\u0131n \u201cDilin Kirlenmesi\u201d ba\u015fl\u0131kl\u0131 yaz\u0131s\u0131 ve Esin Bilba\u015far Rey\u2019in babas\u0131 Kemal Bilba\u015far\u2019\u0131n Denizin \u00c7a\u011f\u0131r\u0131\u015f\u0131 roman\u0131n\u0131n Frans\u0131zcaya \u00e7evrildi\u011fini bildiren yaz\u0131s\u0131 bu say\u0131n\u0131n dikkat \u00e7eken sayfalar\u0131.   H\u00fcseyin Ferhad, Feridun Anda\u00e7, Josef K\u0131l\u00e7\u0131ks\u0131z, Robert Schild, Ne\u015fe Aksakal, Mukadder \u00d6zge\u00e7, Arife Kalender, M. \u015eeref \u00d6zsoy yaz\u0131lar\u0131; Enis Ak\u0131n, Cevdet Karal, Zafer \u015eenocak, \u0130lhan Durusel, Levent Karata\u015f, Soner Demirba\u015f, Ersun \u00c7\u0131plak, Serhat Uyurkulak, D\u00fcndar H\u0131zal, Davut Y\u00fccel, Didem G\u00fcl\u00e7in Erdem, An\u0131l Cihan \u015fiirleri; \u0130zzet G\u00f6ldeli, Sezer Duru, Muzaffer Kale, H\u00fcrriyet Ya\u015far, \u0130smail Pelit, Bat\u0131kan K\u00f6se, Hasan T\u00fcrksel, \u0130pek Nil, Nilg\u00fcn \u00c7elik \u00f6yk\u00fcleri; H\u00fcseyin Peker ve B\u00e2ki Ayhan s\u00f6yle\u015fileriyle kitap-l\u0131k dergisinin 237. say\u0131s\u0131ndalar. <\/p>\n","protected":false},"excerpt":{"rendered":"<p>Poetik Ben\u2019in \u0130n\u015fas\u0131 Ocak-Mart 2025 tarihli 237. say\u0131n\u0131n dosya konusu \u201cPoetik Ben\u2019in \u0130n\u015fas\u0131\u201d. Y\u00fccel Kay\u0131ran\u2019\u0131n haz\u0131rlad\u0131\u011f\u0131 dosya onun \u201cPoetik Ben\u2019in Neli\u011fi ve Edebi Yap\u0131tta Ortaya \u00c7\u0131k\u0131\u015f\u0131<span class=\"excerpt-hellip\"> [\u2026]<\/span><\/p>\n","protected":false},"featured_media":0,"template":"","meta":{"_monsterinsights_skip_tracking":false,"_monsterinsights_sitenote_active":false,"_monsterinsights_sitenote_note":"","_monsterinsights_sitenote_category":0},"product_brand":[],"product_cat":[30023,13527],"product_tag":[],"class_list":{"0":"post-767880","1":"product","2":"type-product","3":"status-publish","5":"product_cat-edebiyat-sureli-yayinlar","6":"product_cat-sureli-yayinlar","7":"pa_cilt-ciltsiz","8":"pa_tur-dergi","9":"pa_yayinevi-yapi-kredi-yayinlari-dergi","10":"pa_yazar-kolektif","12":"first","13":"instock","14":"sale","15":"shipping-taxable","16":"purchasable","17":"product-type-simple"},"_links":{"self":[{"href":"https:\/\/roveyayinevi.com.tr\/index.php\/wp-json\/wp\/v2\/product\/767880","targetHints":{"allow":["GET"]}}],"collection":[{"href":"https:\/\/roveyayinevi.com.tr\/index.php\/wp-json\/wp\/v2\/product"}],"about":[{"href":"https:\/\/roveyayinevi.com.tr\/index.php\/wp-json\/wp\/v2\/types\/product"}],"wp:attachment":[{"href":"https:\/\/roveyayinevi.com.tr\/index.php\/wp-json\/wp\/v2\/media?parent=767880"}],"wp:term":[{"taxonomy":"product_brand","embeddable":true,"href":"https:\/\/roveyayinevi.com.tr\/index.php\/wp-json\/wp\/v2\/product_brand?post=767880"},{"taxonomy":"product_cat","embeddable":true,"href":"https:\/\/roveyayinevi.com.tr\/index.php\/wp-json\/wp\/v2\/product_cat?post=767880"},{"taxonomy":"product_tag","embeddable":true,"href":"https:\/\/roveyayinevi.com.tr\/index.php\/wp-json\/wp\/v2\/product_tag?post=767880"}],"curies":[{"name":"wp","href":"https:\/\/api.w.org\/{rel}","templated":true}]}}