{"id":767879,"date":"2025-08-28T13:02:24","date_gmt":"2025-08-28T10:02:24","guid":{"rendered":"https:\/\/roveyayinevi.com.tr\/index.php\/urun\/osmanli-baroku-ciltli\/"},"modified":"2025-09-20T10:39:53","modified_gmt":"2025-09-20T07:39:53","slug":"osmanli-baroku-ciltli","status":"publish","type":"product","link":"https:\/\/roveyayinevi.com.tr\/index.php\/urun\/osmanli-baroku-ciltli\/","title":{"rendered":"Osmanl\u0131 Baroku (Ciltli)"},"content":{"rendered":"<p>\u0130stanbul\u2019un 18. y\u00fczy\u0131l mimarisi kendine has uyarlan\u0131\u015f\u0131yla \u00e7o\u011fu kez \u00f6zg\u00fcnl\u00fckten yoksun say\u0131lm\u0131\u015ft\u0131r. Bu g\u00f6r\u00fc\u015f geleneksel k\u00fclt\u00fcr \u00fczerindeki Bat\u0131 etkilerinden duyulan rahats\u0131zl\u0131\u011f\u0131 yans\u0131t\u0131r. Osmanl\u0131 Baroku\u2019nda \u00dcnver R\u00fcstem, Barok \u00fcslubundan hareketle Osmanl\u0131lar\u0131n 1740-1800 y\u0131llar\u0131 aras\u0131nda \u0130stanbul\u2019a dair yeni bir izlenim yaratmak \u00fczere Bat\u0131 bi\u00e7imlerini nas\u0131l bilin\u00e7li olarak uygulad\u0131klar\u0131n\u0131 g\u00f6steriyor. Yazar 18. y\u00fczy\u0131l \u0130stanbul binalar\u0131n\u0131n d\u00f6nemin di\u011fer mimari gelenekleriyle ba\u011flant\u0131s\u0131n\u0131 irdelemek amac\u0131yla \u201cOsmanl\u0131 Baroku\u201d tan\u0131m\u0131na yeniden itibar kazand\u0131r\u0131yor. Birincil kaynaklara ba\u015fvurarak, kente canl\u0131 bir hava katan bu mimarinin kendi d\u00f6neminde gerek Osmanl\u0131lar gerek yabanc\u0131lar taraf\u0131ndan nas\u0131l \u00f6v\u00fcld\u00fc\u011f\u00fcn\u00fc g\u00f6zler \u00f6n\u00fcne seriyor. \u00c7ok say\u0131da g\u00f6rsel malzemeyle desteklenen ve daha \u00f6nce yay\u0131mlanmam\u0131\u015f belgelere dayanan Osmanl\u0131 Baroku, g\u00fcn\u00fcm\u00fczde \u0130slam g\u00f6rsel k\u00fclt\u00fcr\u00fcne ili\u015fkin anlay\u0131\u015f\u0131m\u0131zda yeni bir \u00e7\u0131\u011f\u0131r a\u00e7\u0131yor ve k\u00fcresel sanat tarihi konusundaki Avrupa merkezci anlat\u0131mlara kar\u015f\u0131 tutarl\u0131 bir antitez sunuyor. Kapaktaki g\u00f6rsel: Nuruosmaniye Camii, ana giri\u015fin \u00fczerindeki yar\u0131m tonozdan ayr\u0131nt\u0131.   \u201cOsmanl\u0131 Baroku, Osmanl\u0131 mimarisinde daha \u00f6nce \u00f6nemsenmemi\u015f ve g\u00fcn\u00fcm\u00fcz uzman \u00e7evrelerinde yanl\u0131\u015f anla\u015f\u0131lm\u0131\u015f bu \u00f6nemli \u00fcslup de\u011fi\u015fikli\u011fine incelikli bir bak\u0131\u015f\u0131 benimsiyor. \u00dcnver R\u00fcstem alternatif ve son derece \u00f6zg\u00fcn bir perspektifle konuyu cesurca yeniden g\u00fcndeme getiriyor.\u201d   Ahmet Ersoy Architecture and the Late Ottoman Historical Imaginary kitab\u0131n\u0131n yazar\u0131   \u201c\u00dcnver R\u00fcstem\u2019in kitab\u0131, Osmanl\u0131 Baroku\u2019nun estetik ba\u011fda\u015ft\u0131rmac\u0131l\u0131\u011f\u0131na ili\u015fkin yerel ve yabanc\u0131 alg\u0131lar\u0131n son derece \u00f6zg\u00fcn bir d\u00f6k\u00fcm\u00fcn\u00fc sunuyor. Osmanl\u0131 ba\u015fkentindeki selatin cami in\u015fas\u0131n\u0131n de\u011fi\u015fen mimari emelleri \u00fczerinde durarak, bu sa\u011flam sanatsal diyalog ve k\u00fclt\u00fcrler aras\u0131 aktar\u0131m d\u00f6neminde ustal\u0131kla yol al\u0131yor. Tarihyaz\u0131m\u0131 a\u00e7\u0131s\u0131ndan uyumlu, g\u00f6rsel bak\u0131mdan \u00e7ekici ve \u00f6zenle yaz\u0131lm\u0131\u015f bir kitap.\u201d                                                                                                                              Mary Roberts Istanbul Exchanges kitab\u0131n\u0131n yazar\u0131 <\/p>\n","protected":false},"excerpt":{"rendered":"<p>\u0130stanbul\u2019un 18. y\u00fczy\u0131l mimarisi kendine has uyarlan\u0131\u015f\u0131yla \u00e7o\u011fu kez \u00f6zg\u00fcnl\u00fckten yoksun say\u0131lm\u0131\u015ft\u0131r. Bu g\u00f6r\u00fc\u015f geleneksel k\u00fclt\u00fcr \u00fczerindeki Bat\u0131 etkilerinden duyulan rahats\u0131zl\u0131\u011f\u0131 yans\u0131t\u0131r. Osmanl\u0131 Baroku\u2019nda \u00dcnver R\u00fcstem,<span class=\"excerpt-hellip\"> [\u2026]<\/span><\/p>\n","protected":false},"featured_media":0,"template":"","meta":{"_monsterinsights_skip_tracking":false,"_monsterinsights_sitenote_active":false,"_monsterinsights_sitenote_note":"","_monsterinsights_sitenote_category":0},"product_brand":[],"product_cat":[13512,12408],"product_tag":[],"class_list":{"0":"post-767879","1":"product","2":"type-product","3":"status-publish","5":"product_cat-mimarlik","6":"product_cat-sanat","7":"pa_cilt-ciltli","8":"pa_tur-kitap","9":"pa_yayinevi-yapi-kredi-yayinlari","10":"pa_yazar-unver-rustem","12":"first","13":"instock","14":"sale","15":"shipping-taxable","16":"purchasable","17":"product-type-simple"},"_links":{"self":[{"href":"https:\/\/roveyayinevi.com.tr\/index.php\/wp-json\/wp\/v2\/product\/767879","targetHints":{"allow":["GET"]}}],"collection":[{"href":"https:\/\/roveyayinevi.com.tr\/index.php\/wp-json\/wp\/v2\/product"}],"about":[{"href":"https:\/\/roveyayinevi.com.tr\/index.php\/wp-json\/wp\/v2\/types\/product"}],"wp:attachment":[{"href":"https:\/\/roveyayinevi.com.tr\/index.php\/wp-json\/wp\/v2\/media?parent=767879"}],"wp:term":[{"taxonomy":"product_brand","embeddable":true,"href":"https:\/\/roveyayinevi.com.tr\/index.php\/wp-json\/wp\/v2\/product_brand?post=767879"},{"taxonomy":"product_cat","embeddable":true,"href":"https:\/\/roveyayinevi.com.tr\/index.php\/wp-json\/wp\/v2\/product_cat?post=767879"},{"taxonomy":"product_tag","embeddable":true,"href":"https:\/\/roveyayinevi.com.tr\/index.php\/wp-json\/wp\/v2\/product_tag?post=767879"}],"curies":[{"name":"wp","href":"https:\/\/api.w.org\/{rel}","templated":true}]}}