{"id":767877,"date":"2025-08-28T13:02:19","date_gmt":"2025-08-28T10:02:19","guid":{"rendered":"https:\/\/roveyayinevi.com.tr\/index.php\/urun\/maimonides\/"},"modified":"2026-04-15T03:33:34","modified_gmt":"2026-04-15T00:33:34","slug":"maimonides","status":"publish","type":"product","link":"https:\/\/roveyayinevi.com.tr\/index.php\/urun\/maimonides\/","title":{"rendered":"Maimonides"},"content":{"rendered":"<p>\u0130ster g\u00f6n\u00fcll\u00fc bir gezgin ister zoraki bir s\u00fcrg\u00fcn olarak bir yerde gelip ge\u00e7ici olmay\u0131 deneyimlemeyen, be\u015fikten mezara ayn\u0131 yerde \u00e7ak\u0131l\u0131p kalan, (Romal\u0131lar\u0131n tavsiye etti\u011fi gibi) do\u011fdu\u011fu yerin dar \u00e7evresi d\u0131\u015f\u0131nda yeti\u015fmi\u015f hi\u00e7bir \u015fey yemeyen, yerli olmayan hi\u00e7bir \u015feyi umursamayan (\u2026) biri, herhalde \u00e7e\u015fitli konularda ara\u015ft\u0131rmaya ve sa\u011fl\u0131kl\u0131 meraka pek olanak tan\u0131mayan ola\u011fan\u00fcst\u00fc darkafal\u0131 ve kat\u0131 biridir.    Maimonides ya da \u0130slam \u00e2leminde bilinen ad\u0131yla Musa bin Meymun, \u00fc\u00e7 semavi dinde de sayg\u0131 duyulan, orta\u00e7a\u011f\u2019\u0131n ku\u015fkusuz en \u00f6nemli Yahudi \u00e2limidir. Hayat\u0131n\u0131 Arap-\u0130slam, Yahudi ve H\u0131ristiyan k\u00fclt\u00fcrlerinin etkile\u015fim i\u00e7inde oldu\u011fu bir co\u011frafyada, s\u0131k s\u0131k g\u00f6\u00e7 ederek ge\u00e7iren Maimonides, d\u00f6nemin bu canl\u0131 entelekt\u00fcel ortam\u0131nda Yunan d\u00fc\u015f\u00fcn\u00fcrlerini \u00f6zellikle Aristoteles\u2019i okuma f\u0131rsat\u0131 da buldu.   Manguel, Yahudi inanc\u0131n\u0131 keskin g\u00f6zlem g\u00fcc\u00fc, yarat\u0131c\u0131l\u0131k ve ak\u0131lla harmanlayan bu ilgin\u00e7 d\u00fc\u015f\u00fcn\u00fcr\u00fc ya\u015fam\u0131ndan yap\u0131tlar\u0131na, etkiledi\u011fi Levinas, Derrida, Kafka gibi \u00e7a\u011fda\u015f yazar ve filozoflara kadar ayr\u0131nt\u0131l\u0131 bi\u00e7imde ele alarak g\u00fcn\u00fcm\u00fcz okuruna yeniden tan\u0131t\u0131yor. <\/p>\n","protected":false},"excerpt":{"rendered":"<p>\u0130ster g\u00f6n\u00fcll\u00fc bir gezgin ister zoraki bir s\u00fcrg\u00fcn olarak bir yerde gelip ge\u00e7ici olmay\u0131 deneyimlemeyen, be\u015fikten mezara ayn\u0131 yerde \u00e7ak\u0131l\u0131p kalan, (Romal\u0131lar\u0131n tavsiye etti\u011fi gibi) do\u011fdu\u011fu<span class=\"excerpt-hellip\"> [\u2026]<\/span><\/p>\n","protected":false},"featured_media":0,"template":"","meta":{"_monsterinsights_skip_tracking":false,"_monsterinsights_sitenote_active":false,"_monsterinsights_sitenote_note":"","_monsterinsights_sitenote_category":0},"product_brand":[],"product_cat":[13072,12291],"product_tag":[],"class_list":{"0":"post-767877","1":"product","2":"type-product","3":"status-publish","5":"product_cat-arastirma-inceleme-referans","6":"product_cat-edebiyat","7":"pa_cilt-ciltsiz","8":"pa_tur-kitap","9":"pa_yayinevi-yapi-kredi-yayinlari","10":"pa_yazar-alberto-manguel","12":"first","13":"instock","14":"sale","15":"shipping-taxable","16":"purchasable","17":"product-type-simple"},"_links":{"self":[{"href":"https:\/\/roveyayinevi.com.tr\/index.php\/wp-json\/wp\/v2\/product\/767877","targetHints":{"allow":["GET"]}}],"collection":[{"href":"https:\/\/roveyayinevi.com.tr\/index.php\/wp-json\/wp\/v2\/product"}],"about":[{"href":"https:\/\/roveyayinevi.com.tr\/index.php\/wp-json\/wp\/v2\/types\/product"}],"wp:attachment":[{"href":"https:\/\/roveyayinevi.com.tr\/index.php\/wp-json\/wp\/v2\/media?parent=767877"}],"wp:term":[{"taxonomy":"product_brand","embeddable":true,"href":"https:\/\/roveyayinevi.com.tr\/index.php\/wp-json\/wp\/v2\/product_brand?post=767877"},{"taxonomy":"product_cat","embeddable":true,"href":"https:\/\/roveyayinevi.com.tr\/index.php\/wp-json\/wp\/v2\/product_cat?post=767877"},{"taxonomy":"product_tag","embeddable":true,"href":"https:\/\/roveyayinevi.com.tr\/index.php\/wp-json\/wp\/v2\/product_tag?post=767877"}],"curies":[{"name":"wp","href":"https:\/\/api.w.org\/{rel}","templated":true}]}}