{"id":767875,"date":"2025-08-28T13:02:16","date_gmt":"2025-08-28T10:02:16","guid":{"rendered":"https:\/\/roveyayinevi.com.tr\/index.php\/urun\/iktisat-ve-toplum-dergisi-171-sayi-cocuklari-pistten-alalim\/"},"modified":"2026-04-15T03:33:34","modified_gmt":"2026-04-15T00:33:34","slug":"iktisat-ve-toplum-dergisi-171-sayi-cocuklari-pistten-alalim","status":"publish","type":"product","link":"https:\/\/roveyayinevi.com.tr\/index.php\/urun\/iktisat-ve-toplum-dergisi-171-sayi-cocuklari-pistten-alalim\/","title":{"rendered":"\u0130ktisat ve Toplum Dergisi 171. Say\u0131 \u00c7ocuklar\u0131 Pistten Alal\u0131m"},"content":{"rendered":"<p>Bu say\u0131da: \u00c7ocuklar\u0131 Pistten Alal\u0131m L\u00fctfen: \u201cGer\u00e7ek\u201d Heterodoks \u0130ktisat H\u00fcseyin \u00d6zel T\u00fcrkiye Ekonomisinde \u0130stikrar Aray\u0131\u015flar\u0131 ve Siyaset \u00d6ner G\u00fcn\u00e7avd\u0131 \u0130stanbul\u2019a Bir \u00c7evre Plan\u0131 Yap\u0131lmas\u0131 \u00dczerine Notlar \u0130lhan Tekeli S\u00fcrd\u00fcr\u00fclebilir Kentler i\u00e7in Yenilik\u00e7i Yol Kenar\u0131 Y\u00f6netimi Eren \u0130nci Kurumlar \u0130ktisat ve Toplum i\u00e7in \u00d6nemlidir ama Nas\u0131l?: Ele\u015ftiriler Alper Duman 2024\u2019\u00fcn Siyasal Geli\u015fmeleri \u00dczerine Ersin Kalayc\u0131o\u011flu Geli\u015fmekte Olan \u00dclkelerde Mali Bask\u0131nl\u0131k ve Para Politikas\u0131 Bora S\u00fcsl\u00fc, Mehmet Avc\u0131 \u0130stanbul Dar\u00fclf\u00fcnun (\u00dcniversitesi) Hukuk Fak\u00fcltesi: T\u00fcrkiye\u2019de \u0130lk \u0130ktisat Lisans ve Doktora Program\u0131n\u0131n A\u00e7\u0131lmas\u0131 Tarihi Ercan Eren Belediyeler, (Pop\u00fcler) Sanat ve Tiyatro (IV) Sacit Hadi Akdede Bu Bir Ekonomi Yaz\u0131s\u0131d\u0131r\u2026 Yas\u0327ar Ta\u015fk\u0131n Ko\u00e7 Do\u011fu-Bat\u0131 Ekseninde K\u00fclt\u00fcrel \u00c7at\u0131\u015fma: Frankfurt Okulu ve H\u00e2\u015fim-Tanizaki \u00dczerine Bir Okuma G\u00fcl\u00e7in Elif Y\u00fccel <\/p>\n","protected":false},"excerpt":{"rendered":"<p>Bu say\u0131da: \u00c7ocuklar\u0131 Pistten Alal\u0131m L\u00fctfen: \u201cGer\u00e7ek\u201d Heterodoks \u0130ktisat H\u00fcseyin \u00d6zel T\u00fcrkiye Ekonomisinde \u0130stikrar Aray\u0131\u015flar\u0131 ve Siyaset \u00d6ner G\u00fcn\u00e7avd\u0131 \u0130stanbul\u2019a Bir \u00c7evre Plan\u0131 Yap\u0131lmas\u0131 \u00dczerine Notlar<span class=\"excerpt-hellip\"> [\u2026]<\/span><\/p>\n","protected":false},"featured_media":0,"template":"","meta":{"_monsterinsights_skip_tracking":false,"_monsterinsights_sitenote_active":false,"_monsterinsights_sitenote_note":"","_monsterinsights_sitenote_category":0},"product_brand":[],"product_cat":[13527],"product_tag":[],"class_list":{"0":"post-767875","1":"product","2":"type-product","3":"status-publish","5":"product_cat-sureli-yayinlar","6":"pa_cilt-ciltsiz","7":"pa_tur-dergi","8":"pa_yayinevi-efil-yayinevi-dergi","9":"pa_yazar-kolektif","11":"first","12":"instock","13":"sale","14":"shipping-taxable","15":"purchasable","16":"product-type-simple"},"_links":{"self":[{"href":"https:\/\/roveyayinevi.com.tr\/index.php\/wp-json\/wp\/v2\/product\/767875","targetHints":{"allow":["GET"]}}],"collection":[{"href":"https:\/\/roveyayinevi.com.tr\/index.php\/wp-json\/wp\/v2\/product"}],"about":[{"href":"https:\/\/roveyayinevi.com.tr\/index.php\/wp-json\/wp\/v2\/types\/product"}],"wp:attachment":[{"href":"https:\/\/roveyayinevi.com.tr\/index.php\/wp-json\/wp\/v2\/media?parent=767875"}],"wp:term":[{"taxonomy":"product_brand","embeddable":true,"href":"https:\/\/roveyayinevi.com.tr\/index.php\/wp-json\/wp\/v2\/product_brand?post=767875"},{"taxonomy":"product_cat","embeddable":true,"href":"https:\/\/roveyayinevi.com.tr\/index.php\/wp-json\/wp\/v2\/product_cat?post=767875"},{"taxonomy":"product_tag","embeddable":true,"href":"https:\/\/roveyayinevi.com.tr\/index.php\/wp-json\/wp\/v2\/product_tag?post=767875"}],"curies":[{"name":"wp","href":"https:\/\/api.w.org\/{rel}","templated":true}]}}