{"id":767871,"date":"2025-08-28T13:02:07","date_gmt":"2025-08-28T10:02:07","guid":{"rendered":"https:\/\/roveyayinevi.com.tr\/index.php\/urun\/afacan-ile-bilgin-deniz-macerasi\/"},"modified":"2026-04-15T03:33:34","modified_gmt":"2026-04-15T00:33:34","slug":"afacan-ile-bilgin-deniz-macerasi","status":"publish","type":"product","link":"https:\/\/roveyayinevi.com.tr\/index.php\/urun\/afacan-ile-bilgin-deniz-macerasi\/","title":{"rendered":"Afacan ile Bilgin &#8211; Deniz Maceras\u0131"},"content":{"rendered":"<p>Birlikte ge\u00e7irdikleri her an birbirinden e\u011flenceli!   Afacan denize gitmek istiyor, Bilgin ise evde kal\u0131p kitab\u0131n\u0131 okumak. Afacan\u2019a g\u00f6re her yeni g\u00fcn, yeni bir macera demek oldu\u011fu i\u00e7in Bilgin ona e\u015flik etmeye ikna oluyor. Ancak Bilgin \u00e7ok tedirgin: Ya denizde kocaman ve bal\u0131\u011fa benzeyen bir \u015feyle kar\u015f\u0131la\u015f\u0131rlarsa?<\/p>\n","protected":false},"excerpt":{"rendered":"<p>Birlikte ge\u00e7irdikleri her an birbirinden e\u011flenceli! Afacan denize gitmek istiyor, Bilgin ise evde kal\u0131p kitab\u0131n\u0131 okumak. Afacan\u2019a g\u00f6re her yeni g\u00fcn, yeni bir macera demek oldu\u011fu<span class=\"excerpt-hellip\"> [\u2026]<\/span><\/p>\n","protected":false},"featured_media":0,"template":"","meta":{"_monsterinsights_skip_tracking":false,"_monsterinsights_sitenote_active":false,"_monsterinsights_sitenote_note":"","_monsterinsights_sitenote_category":0},"product_brand":[],"product_cat":[12274,12284],"product_tag":[],"class_list":{"0":"post-767871","1":"product","2":"type-product","3":"status-publish","5":"product_cat-cocuk-ve-genclik-kitaplari","6":"product_cat-hikayeler","7":"pa_cilt-ciltsiz","8":"pa_tur-kitap","9":"pa_yayinevi-ketebe-yayinlari","10":"pa_yazar-alan-macdonald","12":"first","13":"instock","14":"sale","15":"shipping-taxable","16":"purchasable","17":"product-type-simple"},"_links":{"self":[{"href":"https:\/\/roveyayinevi.com.tr\/index.php\/wp-json\/wp\/v2\/product\/767871","targetHints":{"allow":["GET"]}}],"collection":[{"href":"https:\/\/roveyayinevi.com.tr\/index.php\/wp-json\/wp\/v2\/product"}],"about":[{"href":"https:\/\/roveyayinevi.com.tr\/index.php\/wp-json\/wp\/v2\/types\/product"}],"wp:attachment":[{"href":"https:\/\/roveyayinevi.com.tr\/index.php\/wp-json\/wp\/v2\/media?parent=767871"}],"wp:term":[{"taxonomy":"product_brand","embeddable":true,"href":"https:\/\/roveyayinevi.com.tr\/index.php\/wp-json\/wp\/v2\/product_brand?post=767871"},{"taxonomy":"product_cat","embeddable":true,"href":"https:\/\/roveyayinevi.com.tr\/index.php\/wp-json\/wp\/v2\/product_cat?post=767871"},{"taxonomy":"product_tag","embeddable":true,"href":"https:\/\/roveyayinevi.com.tr\/index.php\/wp-json\/wp\/v2\/product_tag?post=767871"}],"curies":[{"name":"wp","href":"https:\/\/api.w.org\/{rel}","templated":true}]}}