{"id":767866,"date":"2025-08-28T13:01:57","date_gmt":"2025-08-28T10:01:57","guid":{"rendered":"https:\/\/roveyayinevi.com.tr\/index.php\/urun\/zaferin-kalbi-mucadelede-atar\/"},"modified":"2026-04-15T03:33:34","modified_gmt":"2026-04-15T00:33:34","slug":"zaferin-kalbi-mucadelede-atar","status":"publish","type":"product","link":"https:\/\/roveyayinevi.com.tr\/index.php\/urun\/zaferin-kalbi-mucadelede-atar\/","title":{"rendered":"Zaferin Kalbi M\u00fccadelede Atar"},"content":{"rendered":"<p>\u201cM\u00dcCADELE, RUHUN ATE\u015eLE SINANDI\u011eI B\u0130R YOLDUR. PES EDEN K\u00dcL OLUR, D\u0130RENEN \u0130SE I\u015eI\u011eA D\u00d6N\u00dc\u015e\u00dcR.\u201d   M\u00fccadele, insan ruhunun en derin kuyular\u0131ndan s\u00fcz\u00fclen bir irade \u0131\u015f\u0131\u011f\u0131d\u0131r. Her birimiz, hayat\u0131n zorlu yollar\u0131nda kar\u015f\u0131la\u015ft\u0131\u011f\u0131m\u0131z engellerle, kendi i\u00e7imizdeki karanl\u0131kla ve d\u00fcnyadaki adaletsizliklerle sava\u015f\u0131rken, ger\u00e7ek kimli\u011fimizi ve kapasitemizi ke\u015ffederiz. M\u00fccadele, i\u00e7imizdeki potansiyeli harekete ge\u00e7iren bir k\u0131v\u0131lc\u0131md\u0131r. Her ad\u0131m\u0131yla, her g\u00f6zya\u015f\u0131yla ve her zaferiyle, bizi y\u00fcceltir, bize kim oldu\u011fumuzu hat\u0131rlat\u0131r.   Prof. Dr. Bengi Ba\u015fer, kalp doktoru olman\u0131n \u00f6tesinde bir insan haklar\u0131 savunucusu olarak kaleme ald\u0131\u011f\u0131 bu eserde, kendi ya\u015fam\u0131ndan derin kesitler sunarak, bireysel ve toplumsal m\u00fccadelelerin insan\u0131 nas\u0131l \u015fekillendirdi\u011fini derinlemesine ele al\u0131yor. Hayatta kar\u015f\u0131n\u0131za \u00e7\u0131kan her zorlu\u011fun, asl\u0131nda birer zafer f\u0131rsat\u0131 oldu\u011funu g\u00f6steren bu kitap, i\u00e7sel g\u00fcc\u00fcn\u00fcz\u00fc ortaya \u00e7\u0131karmak ve karanl\u0131\u011fa \u0131\u015f\u0131k tutmak i\u00e7in bir rehber.   Zaferin Kalbi M\u00fccadelede Atar, sadece kitap de\u011fil, ayn\u0131 zamanda bir direni\u015f manifestosu. <\/p>\n","protected":false},"excerpt":{"rendered":"<p>\u201cM\u00dcCADELE, RUHUN ATE\u015eLE SINANDI\u011eI B\u0130R YOLDUR. PES EDEN K\u00dcL OLUR, D\u0130RENEN \u0130SE I\u015eI\u011eA D\u00d6N\u00dc\u015e\u00dcR.\u201d M\u00fccadele, insan ruhunun en derin kuyular\u0131ndan s\u00fcz\u00fclen bir irade \u0131\u015f\u0131\u011f\u0131d\u0131r. Her birimiz,<span class=\"excerpt-hellip\"> [\u2026]<\/span><\/p>\n","protected":false},"featured_media":0,"template":"","meta":{"_monsterinsights_skip_tracking":false,"_monsterinsights_sitenote_active":false,"_monsterinsights_sitenote_note":"","_monsterinsights_sitenote_category":0},"product_brand":[],"product_cat":[12364,12376],"product_tag":[],"class_list":{"0":"post-767866","1":"product","2":"type-product","3":"status-publish","5":"product_cat-genel-konular","6":"product_cat-kisisel-gelisim","7":"pa_cilt-ciltsiz","8":"pa_tur-kitap","9":"pa_yayinevi-destek-yayinlari","10":"pa_yazar-bengi-baser","12":"first","13":"instock","14":"sale","15":"shipping-taxable","16":"purchasable","17":"product-type-simple"},"_links":{"self":[{"href":"https:\/\/roveyayinevi.com.tr\/index.php\/wp-json\/wp\/v2\/product\/767866","targetHints":{"allow":["GET"]}}],"collection":[{"href":"https:\/\/roveyayinevi.com.tr\/index.php\/wp-json\/wp\/v2\/product"}],"about":[{"href":"https:\/\/roveyayinevi.com.tr\/index.php\/wp-json\/wp\/v2\/types\/product"}],"wp:attachment":[{"href":"https:\/\/roveyayinevi.com.tr\/index.php\/wp-json\/wp\/v2\/media?parent=767866"}],"wp:term":[{"taxonomy":"product_brand","embeddable":true,"href":"https:\/\/roveyayinevi.com.tr\/index.php\/wp-json\/wp\/v2\/product_brand?post=767866"},{"taxonomy":"product_cat","embeddable":true,"href":"https:\/\/roveyayinevi.com.tr\/index.php\/wp-json\/wp\/v2\/product_cat?post=767866"},{"taxonomy":"product_tag","embeddable":true,"href":"https:\/\/roveyayinevi.com.tr\/index.php\/wp-json\/wp\/v2\/product_tag?post=767866"}],"curies":[{"name":"wp","href":"https:\/\/api.w.org\/{rel}","templated":true}]}}