{"id":767865,"date":"2025-08-28T13:01:55","date_gmt":"2025-08-28T10:01:55","guid":{"rendered":"https:\/\/roveyayinevi.com.tr\/index.php\/urun\/kuvvetini-mazluma-degil-zalime-kullan-haci-bektas-veli\/"},"modified":"2026-04-15T03:33:34","modified_gmt":"2026-04-15T00:33:34","slug":"kuvvetini-mazluma-degil-zalime-kullan-haci-bektas-veli","status":"publish","type":"product","link":"https:\/\/roveyayinevi.com.tr\/index.php\/urun\/kuvvetini-mazluma-degil-zalime-kullan-haci-bektas-veli\/","title":{"rendered":"Kuvvetini Mazluma De\u011fil Zalime Kullan \u2013 Hac\u0131 Bekta\u015f Veli"},"content":{"rendered":"<p>\u201cHer ne ararsan kendinde ara&#8230;\u201d   Anadolu\u2019nun derin yaralar\u0131n\u0131 sevgiyle iyile\u015ftiren bir bilge, \u00e7a\u011flar\u0131n \u00f6tesine \u0131\u015f\u0131k tutan bir yol g\u00f6sterici: Hac\u0131 Bekta\u015f Veli.   \u00c7ok satan Var m\u0131s\u0131n ki Yok Olmaktan Korkuyorsun kitab\u0131n\u0131n yazar\u0131 Mesud Topal bu kitab\u0131nda Hac\u0131 Bekta\u015f Veli\u2019nin derin tasavvuf \u00f6\u011fretilerini, halk\u0131n g\u00f6nl\u00fcnde k\u00f6k salan s\u00f6zlerini ve insanl\u0131\u011fa arma\u011fan etti\u011fi evrensel de\u011ferleri ke\u015ffetmeniz i\u00e7in bir anahtar sunuyor. Mo\u011fol istilalar\u0131n\u0131n karanl\u0131\u011f\u0131nda dahi bir umut me\u015falesi yakan bu b\u00fcy\u00fck d\u00fc\u015f\u00fcn\u00fcr\u00fcn hik\u00e2yesi, size b\u00fcy\u00fck ilham verecek. Sayfalar\u0131 \u00e7evirdik\u00e7e sadece bir tarih yolculu\u011funa \u00e7\u0131kmayacak, kendi i\u00e7d\u00fcnyan\u0131z\u0131n derinliklerine de ineceksiniz.   Bu kitap, y\u00fczy\u0131llar \u00f6ncesinden gelen bir sesin, g\u00fcn\u00fcm\u00fcz\u00fcn karma\u015fas\u0131na rehberlik eden bir \u00e7a\u011fr\u0131n\u0131n hik\u00e2yesidir. Kendini anlamak ve hakikati bulmak isteyenler i\u00e7in&#8230; <\/p>\n","protected":false},"excerpt":{"rendered":"<p>\u201cHer ne ararsan kendinde ara&#8230;\u201d Anadolu\u2019nun derin yaralar\u0131n\u0131 sevgiyle iyile\u015ftiren bir bilge, \u00e7a\u011flar\u0131n \u00f6tesine \u0131\u015f\u0131k tutan bir yol g\u00f6sterici: Hac\u0131 Bekta\u015f Veli. \u00c7ok satan Var m\u0131s\u0131n<span class=\"excerpt-hellip\"> [\u2026]<\/span><\/p>\n","protected":false},"featured_media":0,"template":"","meta":{"_monsterinsights_skip_tracking":false,"_monsterinsights_sitenote_active":false,"_monsterinsights_sitenote_note":"","_monsterinsights_sitenote_category":0},"product_brand":[],"product_cat":[19998,12388],"product_tag":[],"class_list":{"0":"post-767865","1":"product","2":"type-product","3":"status-publish","5":"product_cat-din-felsefesi","6":"product_cat-felsefe","7":"pa_cilt-ciltsiz","8":"pa_tur-kitap","9":"pa_yayinevi-destek-yayinlari","10":"pa_yazar-mesud-topal","12":"first","13":"instock","14":"sale","15":"shipping-taxable","16":"purchasable","17":"product-type-simple"},"_links":{"self":[{"href":"https:\/\/roveyayinevi.com.tr\/index.php\/wp-json\/wp\/v2\/product\/767865","targetHints":{"allow":["GET"]}}],"collection":[{"href":"https:\/\/roveyayinevi.com.tr\/index.php\/wp-json\/wp\/v2\/product"}],"about":[{"href":"https:\/\/roveyayinevi.com.tr\/index.php\/wp-json\/wp\/v2\/types\/product"}],"wp:attachment":[{"href":"https:\/\/roveyayinevi.com.tr\/index.php\/wp-json\/wp\/v2\/media?parent=767865"}],"wp:term":[{"taxonomy":"product_brand","embeddable":true,"href":"https:\/\/roveyayinevi.com.tr\/index.php\/wp-json\/wp\/v2\/product_brand?post=767865"},{"taxonomy":"product_cat","embeddable":true,"href":"https:\/\/roveyayinevi.com.tr\/index.php\/wp-json\/wp\/v2\/product_cat?post=767865"},{"taxonomy":"product_tag","embeddable":true,"href":"https:\/\/roveyayinevi.com.tr\/index.php\/wp-json\/wp\/v2\/product_tag?post=767865"}],"curies":[{"name":"wp","href":"https:\/\/api.w.org\/{rel}","templated":true}]}}