{"id":767861,"date":"2025-08-28T13:01:48","date_gmt":"2025-08-28T10:01:48","guid":{"rendered":"https:\/\/roveyayinevi.com.tr\/index.php\/urun\/karambol\/"},"modified":"2026-04-15T03:33:34","modified_gmt":"2026-04-15T00:33:34","slug":"karambol","status":"publish","type":"product","link":"https:\/\/roveyayinevi.com.tr\/index.php\/urun\/karambol\/","title":{"rendered":"Karambol"},"content":{"rendered":"<p>1992 y\u0131l\u0131nda \u0130ngiliz futbolu, Avrupa turnuvalar\u0131ndan be\u015f y\u0131l boyunca menedilmi\u015f olman\u0131n etkilerini h\u00e2l\u00e2 u\u0308zerinde ta\u015f\u0131yordu. Oynanan oyun, modern futbol anlay\u0131\u015f\u0131ndan olduk\u00e7a uzakt\u0131. Futbol fiziksel gu\u0308ce dayal\u0131yd\u0131; h\u0131zdan \u00e7ok kuvvet, centilmenlikten \u00e7ok agresiflik \u00f6n plandayd\u0131. Sert mu\u0308dahaleler, uzun boylu forvetlerin hava toplar\u0131yla gol aramas\u0131 ve topu ceza sahas\u0131na doldurmak gibi taktikler yayg\u0131nd\u0131. Dizili\u015f a\u00e7\u0131s\u0131ndan 4-4-2 d\u0131\u015f\u0131nda pek fazla alternatif du\u0308\u015fu\u0308nu\u0308lmu\u0308yor, tak\u0131mlar taktiksel yeniliklerden ka\u00e7\u0131n\u0131yordu. O d\u00f6nem futbol, a\u011f\u0131rl\u0131kl\u0131 olarak gu\u0308\u00e7lu\u0308 oyuncular\u0131n bireysel mu\u0308cadelesine dayanan basit bir oyun olarak kabul ediliyordu.Sonra, neredeyse bir gecede her \u015fey de\u011fi\u015fti. Premier Lig\u2019in kurulmas\u0131, futboldaki en \u00f6nemli kural de\u011fi\u015fikliklerinden biriyle, geri pas\u0131n yasaklanmas\u0131yla ayn\u0131 d\u00f6neme denk geldi. Bir anda savunmac\u0131lar i\u00e7in kurtulu\u015f yolu kalmad\u0131, kaleciler topu kontrol edebilmek ve oyuna sokabilmek zorundayd\u0131, oyunun temposu da inan\u0131lmaz \u015fekilde h\u0131zland\u0131. Bu d\u00f6nemde, taktikler, di\u011fer u\u0308lkelerin liglerinden al\u0131nan ilhamla h\u0131zla evrildi.Karambol, Premier Lig\u2019in taktiksel hik\u00e2yesine derinlemesine inen ve futbolun nas\u0131l geli\u015fti\u011fini ayr\u0131nt\u0131l\u0131 bir \u015fekilde ele alan ilk kitap. Ferguson\u2019\u0131n do\u011frudan oyun anlay\u0131\u015f\u0131ndan Keegan\u2019\u0131n su\u0308rekli hu\u0308cum eden Newcastle\u2019\u0131na, Mourinho\u2019nun temkinli ve reaksiyonel Chelsea\u2019sine, Ranieri\u2019nin kontratak \u015fampiyonlar\u0131na kadar bir\u00e7ok d\u00f6nemi kapsayan Karambol, \u015fimdiye kadar yaz\u0131lm\u0131\u015f en e\u011flenceli, bilgi dolu ve zengin futbol kitaplar\u0131ndan biri.<\/p>\n","protected":false},"excerpt":{"rendered":"<p>1992 y\u0131l\u0131nda \u0130ngiliz futbolu, Avrupa turnuvalar\u0131ndan be\u015f y\u0131l boyunca menedilmi\u015f olman\u0131n etkilerini h\u00e2l\u00e2 u\u0308zerinde ta\u015f\u0131yordu. Oynanan oyun, modern futbol anlay\u0131\u015f\u0131ndan olduk\u00e7a uzakt\u0131. Futbol fiziksel gu\u0308ce dayal\u0131yd\u0131;<span class=\"excerpt-hellip\"> [\u2026]<\/span><\/p>\n","protected":false},"featured_media":0,"template":"","meta":{"_monsterinsights_skip_tracking":false,"_monsterinsights_sitenote_active":false,"_monsterinsights_sitenote_note":"","_monsterinsights_sitenote_category":0},"product_brand":[],"product_cat":[15563,15564],"product_tag":[],"class_list":{"0":"post-767861","1":"product","2":"type-product","3":"status-publish","5":"product_cat-hobi","6":"product_cat-spor","7":"pa_cilt-ciltsiz","8":"pa_tur-kitap","9":"pa_yayinevi-ithaki-yayinlari","10":"pa_yazar-michael-cox","12":"first","13":"instock","14":"sale","15":"shipping-taxable","16":"purchasable","17":"product-type-simple"},"_links":{"self":[{"href":"https:\/\/roveyayinevi.com.tr\/index.php\/wp-json\/wp\/v2\/product\/767861","targetHints":{"allow":["GET"]}}],"collection":[{"href":"https:\/\/roveyayinevi.com.tr\/index.php\/wp-json\/wp\/v2\/product"}],"about":[{"href":"https:\/\/roveyayinevi.com.tr\/index.php\/wp-json\/wp\/v2\/types\/product"}],"wp:attachment":[{"href":"https:\/\/roveyayinevi.com.tr\/index.php\/wp-json\/wp\/v2\/media?parent=767861"}],"wp:term":[{"taxonomy":"product_brand","embeddable":true,"href":"https:\/\/roveyayinevi.com.tr\/index.php\/wp-json\/wp\/v2\/product_brand?post=767861"},{"taxonomy":"product_cat","embeddable":true,"href":"https:\/\/roveyayinevi.com.tr\/index.php\/wp-json\/wp\/v2\/product_cat?post=767861"},{"taxonomy":"product_tag","embeddable":true,"href":"https:\/\/roveyayinevi.com.tr\/index.php\/wp-json\/wp\/v2\/product_tag?post=767861"}],"curies":[{"name":"wp","href":"https:\/\/api.w.org\/{rel}","templated":true}]}}