{"id":767860,"date":"2025-08-28T13:01:46","date_gmt":"2025-08-28T10:01:46","guid":{"rendered":"https:\/\/roveyayinevi.com.tr\/index.php\/urun\/gunduz-seytanlari\/"},"modified":"2026-04-15T03:33:34","modified_gmt":"2026-04-15T00:33:34","slug":"gunduz-seytanlari","status":"publish","type":"product","link":"https:\/\/roveyayinevi.com.tr\/index.php\/urun\/gunduz-seytanlari\/","title":{"rendered":"G\u00fcnd\u00fcz \u015eeytanlar\u0131"},"content":{"rendered":"<p>\u201c\u2026 Bu gece saat bir sular\u0131nda Tokyo\u2019nun bir semtinde bir su\u00e7 eylemi, daha do\u011frusu cinayet sahnelenecek. \u015eimdi haz\u0131rlan\u0131p seninle o olay\u0131 seyretmeye gitmek istiyorum, ne dersin?\u201d20. yu\u0308zy\u0131l Japon edebiyat\u0131n\u0131n devlerinden, bu\u0308yu\u0308k eserlerin yarat\u0131c\u0131s\u0131 Cuni\u00e7iro Tanizaki, kariyeri boyunca u\u0308lkesinde d\u00f6neminin en bu\u0308yu\u0308k yazar\u0131 olarak kabul g\u00f6rdu\u0308, daha sonra ise Haruki Murakami, Yasunari Kavabata ve Yukio Mi\u015fima\u2019yla birlikte sava\u015f sonras\u0131 Japon edebiyat\u0131n\u0131n \u201cbu\u0308yu\u0308k d\u00f6rtlu\u0308\u201dsu\u0308nden biri olarak an\u0131ld\u0131. Eserlerinde kad\u0131n erkek ili\u015fkilerini, erotizmi ve saplant\u0131lar\u0131 cesurca i\u015fleyen Tanizaki, Gu\u0308ndu\u0308z \u015eeytanlar\u0131\u2019nda cinayet, r\u00f6ntgencilik ve Tokyo\u2019nun yeralt\u0131 su\u00e7 du\u0308nyas\u0131na dair heyecanl\u0131 bir hik\u00e2ye anlat\u0131yor.Bir sabah, bu\u0308tu\u0308n gece \u00e7al\u0131\u015fm\u0131\u015f olan yazar Takaha\u015fi, eski dostu Sonomura\u2019dan bir telefon al\u0131r. Heyecan\u0131n\u0131 zorlukla kontrol edebilen Sonomura, Edgar Allan Poe\u2019nun \u201cAlt\u0131n B\u00f6cek\u201d \u00f6yku\u0308su\u0308nden esinlenen gizli bir kriptografik kodu k\u0131rd\u0131\u011f\u0131n\u0131 ve gece yar\u0131s\u0131 i\u015flenecek bir cinayetin yeri ve zaman\u0131n\u0131 tahmin etti\u011fini s\u00f6yler. Sonomura\u2019n\u0131n \u00e7\u0131lg\u0131nl\u0131klar\u0131na ve amat\u00f6r dedektif ge\u00e7mi\u015fine a\u015fina olan Takaha\u015fi ona inanmakta zorlan\u0131r ama merak\u0131na engel olamaz ve mu\u0308stakbel su\u00e7 mahallinde r\u00f6ntgencili\u011fe ba\u015flad\u0131klar\u0131nda tuhaf olaylar onlar\u0131 bulacakt\u0131r.<\/p>\n","protected":false},"excerpt":{"rendered":"<p>\u201c\u2026 Bu gece saat bir sular\u0131nda Tokyo\u2019nun bir semtinde bir su\u00e7 eylemi, daha do\u011frusu cinayet sahnelenecek. \u015eimdi haz\u0131rlan\u0131p seninle o olay\u0131 seyretmeye gitmek istiyorum, ne dersin?\u201d20.<span class=\"excerpt-hellip\"> [\u2026]<\/span><\/p>\n","protected":false},"featured_media":0,"template":"","meta":{"_monsterinsights_skip_tracking":false,"_monsterinsights_sitenote_active":false,"_monsterinsights_sitenote_note":"","_monsterinsights_sitenote_category":0},"product_brand":[],"product_cat":[12416,12291],"product_tag":[],"class_list":{"0":"post-767860","1":"product","2":"type-product","3":"status-publish","5":"product_cat-cizgi-roman","6":"product_cat-edebiyat","7":"pa_cilt-ciltsiz","8":"pa_tur-kitap","9":"pa_yayinevi-ithaki-yayinlari","10":"pa_yazar-cuniciro-tanizaki","12":"first","13":"instock","14":"sale","15":"shipping-taxable","16":"purchasable","17":"product-type-simple"},"_links":{"self":[{"href":"https:\/\/roveyayinevi.com.tr\/index.php\/wp-json\/wp\/v2\/product\/767860","targetHints":{"allow":["GET"]}}],"collection":[{"href":"https:\/\/roveyayinevi.com.tr\/index.php\/wp-json\/wp\/v2\/product"}],"about":[{"href":"https:\/\/roveyayinevi.com.tr\/index.php\/wp-json\/wp\/v2\/types\/product"}],"wp:attachment":[{"href":"https:\/\/roveyayinevi.com.tr\/index.php\/wp-json\/wp\/v2\/media?parent=767860"}],"wp:term":[{"taxonomy":"product_brand","embeddable":true,"href":"https:\/\/roveyayinevi.com.tr\/index.php\/wp-json\/wp\/v2\/product_brand?post=767860"},{"taxonomy":"product_cat","embeddable":true,"href":"https:\/\/roveyayinevi.com.tr\/index.php\/wp-json\/wp\/v2\/product_cat?post=767860"},{"taxonomy":"product_tag","embeddable":true,"href":"https:\/\/roveyayinevi.com.tr\/index.php\/wp-json\/wp\/v2\/product_tag?post=767860"}],"curies":[{"name":"wp","href":"https:\/\/api.w.org\/{rel}","templated":true}]}}