{"id":767859,"date":"2025-08-28T13:01:44","date_gmt":"2025-08-28T10:01:44","guid":{"rendered":"https:\/\/roveyayinevi.com.tr\/index.php\/urun\/dorohedoro-1-cilt\/"},"modified":"2026-04-15T03:33:34","modified_gmt":"2026-04-15T00:33:34","slug":"dorohedoro-1-cilt","status":"publish","type":"product","link":"https:\/\/roveyayinevi.com.tr\/index.php\/urun\/dorohedoro-1-cilt\/","title":{"rendered":"Dorohedoro 1. Cilt"},"content":{"rendered":"<p>T\u00dcM D\u00dcNYADA SANSASYON YARATAN DOROHEDORO SER\u0130S\u0130 \u015e\u0130MD\u0130 T\u00dcRK\u00c7EDE!\u201cDelik\u201d olarak bilinen kasvetli \u015fehirde, bu\u0308yu\u0308cu\u0308ler klan\u0131 kara bu\u0308yu\u0308 kullanarak insanlar u\u0308zerinde korkun\u00e7 deneyler yapmaktad\u0131r. Bir gu\u0308n karanl\u0131k bir ara sokakta Nikaido, kertenkele ba\u015fl\u0131 ve amneziden mustarip Kaiman\u2019\u0131 bulur. Kaiman\u2019a yap\u0131lan bu\u0308yu\u0308yu\u0308 bozmak i\u00e7in, Delik\u2019teki bu\u0308yu\u0308cu\u0308leri avlay\u0131p \u00f6ldu\u0308rmeye ba\u015flarlar. Hedefleri do\u011fru ki\u015fiyi bulmakt\u0131r. Ancak Ba\u015fbu\u0308yu\u0308cu\u0308 En, adamlar\u0131n\u0131 katleden bir kertenkele adam oldu\u011funu \u00f6\u011frendi\u011finde, \u201ctemizlik\u00e7i\u201d ekibini Delik\u2019e g\u00f6nderecektir ve bu da iki du\u0308nya aras\u0131nda bir sava\u015f\u0131 ate\u015fleyecektir.<\/p>\n","protected":false},"excerpt":{"rendered":"<p>T\u00dcM D\u00dcNYADA SANSASYON YARATAN DOROHEDORO SER\u0130S\u0130 \u015e\u0130MD\u0130 T\u00dcRK\u00c7EDE!\u201cDelik\u201d olarak bilinen kasvetli \u015fehirde, bu\u0308yu\u0308cu\u0308ler klan\u0131 kara bu\u0308yu\u0308 kullanarak insanlar u\u0308zerinde korkun\u00e7 deneyler yapmaktad\u0131r. Bir gu\u0308n karanl\u0131k bir<span class=\"excerpt-hellip\"> [\u2026]<\/span><\/p>\n","protected":false},"featured_media":0,"template":"","meta":{"_monsterinsights_skip_tracking":false,"_monsterinsights_sitenote_active":false,"_monsterinsights_sitenote_note":"","_monsterinsights_sitenote_category":0},"product_brand":[],"product_cat":[12416,12291],"product_tag":[],"class_list":{"0":"post-767859","1":"product","2":"type-product","3":"status-publish","5":"product_cat-cizgi-roman","6":"product_cat-edebiyat","7":"pa_cilt-ciltsiz","8":"pa_tur-kitap","9":"pa_yayinevi-ithaki-yayinlari","10":"pa_yazar-q-hayasida","12":"first","13":"instock","14":"sale","15":"shipping-taxable","16":"purchasable","17":"product-type-simple"},"_links":{"self":[{"href":"https:\/\/roveyayinevi.com.tr\/index.php\/wp-json\/wp\/v2\/product\/767859","targetHints":{"allow":["GET"]}}],"collection":[{"href":"https:\/\/roveyayinevi.com.tr\/index.php\/wp-json\/wp\/v2\/product"}],"about":[{"href":"https:\/\/roveyayinevi.com.tr\/index.php\/wp-json\/wp\/v2\/types\/product"}],"wp:attachment":[{"href":"https:\/\/roveyayinevi.com.tr\/index.php\/wp-json\/wp\/v2\/media?parent=767859"}],"wp:term":[{"taxonomy":"product_brand","embeddable":true,"href":"https:\/\/roveyayinevi.com.tr\/index.php\/wp-json\/wp\/v2\/product_brand?post=767859"},{"taxonomy":"product_cat","embeddable":true,"href":"https:\/\/roveyayinevi.com.tr\/index.php\/wp-json\/wp\/v2\/product_cat?post=767859"},{"taxonomy":"product_tag","embeddable":true,"href":"https:\/\/roveyayinevi.com.tr\/index.php\/wp-json\/wp\/v2\/product_tag?post=767859"}],"curies":[{"name":"wp","href":"https:\/\/api.w.org\/{rel}","templated":true}]}}