{"id":767858,"date":"2025-08-28T13:01:42","date_gmt":"2025-08-28T10:01:42","guid":{"rendered":"https:\/\/roveyayinevi.com.tr\/index.php\/urun\/edebiyat-ve-sinemada-kaos-karmasiklik-ve-zuhur\/"},"modified":"2026-04-15T03:33:34","modified_gmt":"2026-04-15T00:33:34","slug":"edebiyat-ve-sinemada-kaos-karmasiklik-ve-zuhur","status":"publish","type":"product","link":"https:\/\/roveyayinevi.com.tr\/index.php\/urun\/edebiyat-ve-sinemada-kaos-karmasiklik-ve-zuhur\/","title":{"rendered":"Edebiyat ve Sinemada Kaos, Karma\u015f\u0131kl\u0131k ve Zuhur"},"content":{"rendered":"<p>\u201cFiziksel ger\u00e7eklikte, bir etkiyi yaln\u0131z bir sebep do\u011furmaz, birbirinden farkl\u0131 bir\u00e7ok sebep onun do\u011fu\u015funa katk\u0131da bulunur ve i\u00e7lerinden her birinin pay\u0131n\u0131 ay\u0131rt etmek i\u00e7in elimizde hi\u00e7bir vas\u0131ta yoktur.\u201d \u2013 Henri Poincar\u00e9   Kaos Kuram\u0131, bilgilenmeyi kendi iktidar\u0131na g\u00f6re programlayan mekanik\u00e7i akl\u0131n hegemonyas\u0131na 1960\u2019l\u0131 y\u0131llarda son vermesinin yan\u0131 s\u0131ra, bilim d\u00fcnyas\u0131nda sim\u00fclasyon kuramlar\u0131, karma\u015f\u0131kl\u0131k bilimi ve kendili\u011finden \u00f6rg\u00fctlenme alanlar\u0131n\u0131 ortaya \u00e7\u0131kard\u0131. Baz\u0131lar\u0131n\u0131n \u201cpostmodernizm\u201d veya \u201cyap\u0131s\u00f6k\u00fcm\u201d olarak tan\u0131mlad\u0131\u011f\u0131, baz\u0131lar\u0131n\u0131n \u00dc\u00e7\u00fcnc\u00fc K\u00fclt\u00fcr dedi\u011fi bilimdeki bu de\u011fi\u015fimin metaforlar\u0131 edebiyat ve sinema d\u00fcnyas\u0131n\u0131 da etkiledi.   Prof. Dr. Gediz Akdeniz, bu kitapta bu metaforik etkilerin edebiyat ve sinema d\u00fcnyas\u0131nda birer paradigma olarak ortaya \u00e7\u0131k\u0131\u015flar\u0131n\u0131 ele al\u0131yor. Bu paradigmalar\u0131n temelleri \u00fczerine k\u0131sa bilgiler verirken, bu d\u00fcnyalarda nas\u0131l bir dile d\u00f6n\u00fc\u015fm\u00fc\u015f oldu\u011funu k\u00fclt \u00f6rneklerle anlat\u0131yor.\u00d6nerdi\u011fi Kaotik Fark\u0131ndal\u0131k Sim\u00fclasyon (KFS) kuram\u0131yla, bu geli\u015fmelerden esinlenen yazarlar\u0131n ve sinemac\u0131lar\u0131n nas\u0131l yeni bir dil aray\u0131\u015f\u0131 i\u00e7inde olduklar\u0131n\u0131 g\u00f6stererek edebiyat ve sinema d\u00fcnyas\u0131nda yeni ufuklar a\u00e7\u0131yor. <\/p>\n","protected":false},"excerpt":{"rendered":"<p>\u201cFiziksel ger\u00e7eklikte, bir etkiyi yaln\u0131z bir sebep do\u011furmaz, birbirinden farkl\u0131 bir\u00e7ok sebep onun do\u011fu\u015funa katk\u0131da bulunur ve i\u00e7lerinden her birinin pay\u0131n\u0131 ay\u0131rt etmek i\u00e7in elimizde hi\u00e7bir<span class=\"excerpt-hellip\"> [\u2026]<\/span><\/p>\n","protected":false},"featured_media":0,"template":"","meta":{"_monsterinsights_skip_tracking":false,"_monsterinsights_sitenote_active":false,"_monsterinsights_sitenote_note":"","_monsterinsights_sitenote_category":0},"product_brand":[],"product_cat":[13072,12291],"product_tag":[],"class_list":{"0":"post-767858","1":"product","2":"type-product","3":"status-publish","5":"product_cat-arastirma-inceleme-referans","6":"product_cat-edebiyat","7":"pa_cilt-ciltsiz","8":"pa_tur-kitap","9":"pa_yayinevi-beyaz-baykus-yayinlari","10":"pa_yazar-gediz-akdeniz","12":"first","13":"instock","14":"sale","15":"shipping-taxable","16":"purchasable","17":"product-type-simple"},"_links":{"self":[{"href":"https:\/\/roveyayinevi.com.tr\/index.php\/wp-json\/wp\/v2\/product\/767858","targetHints":{"allow":["GET"]}}],"collection":[{"href":"https:\/\/roveyayinevi.com.tr\/index.php\/wp-json\/wp\/v2\/product"}],"about":[{"href":"https:\/\/roveyayinevi.com.tr\/index.php\/wp-json\/wp\/v2\/types\/product"}],"wp:attachment":[{"href":"https:\/\/roveyayinevi.com.tr\/index.php\/wp-json\/wp\/v2\/media?parent=767858"}],"wp:term":[{"taxonomy":"product_brand","embeddable":true,"href":"https:\/\/roveyayinevi.com.tr\/index.php\/wp-json\/wp\/v2\/product_brand?post=767858"},{"taxonomy":"product_cat","embeddable":true,"href":"https:\/\/roveyayinevi.com.tr\/index.php\/wp-json\/wp\/v2\/product_cat?post=767858"},{"taxonomy":"product_tag","embeddable":true,"href":"https:\/\/roveyayinevi.com.tr\/index.php\/wp-json\/wp\/v2\/product_tag?post=767858"}],"curies":[{"name":"wp","href":"https:\/\/api.w.org\/{rel}","templated":true}]}}