{"id":767856,"date":"2025-08-28T13:01:38","date_gmt":"2025-08-28T10:01:38","guid":{"rendered":"https:\/\/roveyayinevi.com.tr\/index.php\/urun\/resim-terapisi-hadrianopolis-renkleri-cocuklar-icin-arkeoloji-serisi-1\/"},"modified":"2026-04-15T03:33:34","modified_gmt":"2026-04-15T00:33:34","slug":"resim-terapisi-hadrianopolis-renkleri-cocuklar-icin-arkeoloji-serisi-1","status":"publish","type":"product","link":"https:\/\/roveyayinevi.com.tr\/index.php\/urun\/resim-terapisi-hadrianopolis-renkleri-cocuklar-icin-arkeoloji-serisi-1\/","title":{"rendered":"Resim Terapisi Hadrianopolis Renkleri \/\u00c7ocuklar \u0130\u00e7in Arkeoloji Serisi 1"},"content":{"rendered":"<p>Ersin ve Eda \u00c7elikba\u015f Arkeoloji serilerinin ilk kitab\u0131d\u0131r. Bu kitap arkeoloji alan\u0131nda disiplinleraras\u0131 ba\u011flamda ve de resim terapisi alan\u0131nda ilk eserlerden birisidir. Serinin ilk kitab\u0131nda, kaz\u0131lardan, antik kentlerden, m\u00fcze olgusundan, arkeoloji alan\u0131nda kullan\u0131lan materyallere ve arkeolog kavram\u0131na kadar \u00e7ocuklar\u0131n anlayabilece\u011fi; tek ba\u015flar\u0131na ve aileleriyle beraber s\u0131k\u0131lmadan etkinliklerinden faydalanarak hem \u00f6\u011frenip hem e\u011flenecekleri bir \u00e7al\u0131\u015fma ortaya \u00e7\u0131kar\u0131lmak istenmi\u015ftir. \u00c7al\u0131\u015fma, Ersin \u00c7elikba\u015f\u2019\u0131n arkeoloji bilgisi ve on be\u015f y\u0131l\u0131 a\u015fk\u0131n s\u00fcrelik arkeoloji ve kaz\u0131 deneyimleri ile Eda \u00d6z \u00c7elikba\u015f\u2019\u0131n on \u00fc\u00e7 y\u0131ll\u0131k sanat terapileri ser\u00fcveniyle birle\u015ferek yeni ve farkl\u0131 bir alan a\u00e7mak i\u00e7in alternatif olarak ortaya \u00e7\u0131kar\u0131lm\u0131\u015ft\u0131r. Okuyucu ve uygulay\u0131c\u0131 \u00e7ocuklar ve onlarla kendini ke\u015ffedecek olan yeti\u015fkinler ve ebeveynler arkeoloji alan\u0131n\u0131 ke\u015ffederken ayn\u0131 zamanda i\u00e7indeki \u00e7ocu\u011fu da ke\u015ffederek \u00e7ocuklu\u011funa, ge\u00e7mi\u015fine ve anda burada g\u00fcn\u00fcm\u00fcze k\u0131sa bir yolculuk yaparak kendini bulur. \u00c7ocuklar ise, fark\u0131nda olmadan \u00f6\u011frenen ve uygulayan olarak terap\u00f6tik bir s\u00fcre\u00e7 ya\u015far. <\/p>\n","protected":false},"excerpt":{"rendered":"<p>Ersin ve Eda \u00c7elikba\u015f Arkeoloji serilerinin ilk kitab\u0131d\u0131r. Bu kitap arkeoloji alan\u0131nda disiplinleraras\u0131 ba\u011flamda ve de resim terapisi alan\u0131nda ilk eserlerden birisidir. Serinin ilk kitab\u0131nda, kaz\u0131lardan,<span class=\"excerpt-hellip\"> [\u2026]<\/span><\/p>\n","protected":false},"featured_media":0,"template":"","meta":{"_monsterinsights_skip_tracking":false,"_monsterinsights_sitenote_active":false,"_monsterinsights_sitenote_note":"","_monsterinsights_sitenote_category":0},"product_brand":[],"product_cat":[12644,12274],"product_tag":[],"class_list":{"0":"post-767856","1":"product","2":"type-product","3":"status-publish","5":"product_cat-boyama-kitaplari","6":"product_cat-cocuk-ve-genclik-kitaplari","7":"pa_cilt-ciltsiz","8":"pa_tur-kitap","9":"pa_yayinevi-bilgin-kultur-sanat","10":"pa_yazar-ersin-celikbas-eda-oz-celikbas","12":"first","13":"instock","14":"sale","15":"shipping-taxable","16":"purchasable","17":"product-type-simple"},"_links":{"self":[{"href":"https:\/\/roveyayinevi.com.tr\/index.php\/wp-json\/wp\/v2\/product\/767856","targetHints":{"allow":["GET"]}}],"collection":[{"href":"https:\/\/roveyayinevi.com.tr\/index.php\/wp-json\/wp\/v2\/product"}],"about":[{"href":"https:\/\/roveyayinevi.com.tr\/index.php\/wp-json\/wp\/v2\/types\/product"}],"wp:attachment":[{"href":"https:\/\/roveyayinevi.com.tr\/index.php\/wp-json\/wp\/v2\/media?parent=767856"}],"wp:term":[{"taxonomy":"product_brand","embeddable":true,"href":"https:\/\/roveyayinevi.com.tr\/index.php\/wp-json\/wp\/v2\/product_brand?post=767856"},{"taxonomy":"product_cat","embeddable":true,"href":"https:\/\/roveyayinevi.com.tr\/index.php\/wp-json\/wp\/v2\/product_cat?post=767856"},{"taxonomy":"product_tag","embeddable":true,"href":"https:\/\/roveyayinevi.com.tr\/index.php\/wp-json\/wp\/v2\/product_tag?post=767856"}],"curies":[{"name":"wp","href":"https:\/\/api.w.org\/{rel}","templated":true}]}}