{"id":767852,"date":"2025-08-28T13:01:30","date_gmt":"2025-08-28T10:01:30","guid":{"rendered":"https:\/\/roveyayinevi.com.tr\/index.php\/urun\/antropolojik-dilbilim-temek-kavramlar-1\/"},"modified":"2026-04-15T03:33:34","modified_gmt":"2026-04-15T00:33:34","slug":"antropolojik-dilbilim-temek-kavramlar-1","status":"publish","type":"product","link":"https:\/\/roveyayinevi.com.tr\/index.php\/urun\/antropolojik-dilbilim-temek-kavramlar-1\/","title":{"rendered":"Antropolojik Dilbilim Temek Kavramlar 1"},"content":{"rendered":"<p>Hem dilin insan k\u00fclt\u00fcr\u00fc ve toplumu \u00fczerindeki etkisini hem de bu unsurlar\u0131n dil \u00fczerindeki etkisini inceleyen bir disiplinleraras\u0131 ara\u015ft\u0131rma alan\u0131 olan Antropolojik Dilbilim \u00f6zellikle dilin k\u00fclt\u00fcrel ba\u011flamda nas\u0131l i\u015fledi\u011fini anlamaya odaklan\u0131r. Bu alan, dil ile k\u00fclt\u00fcr, kimlik, d\u00fc\u015f\u00fcnce ve sosyal yap\u0131 aras\u0131ndaki kar\u015f\u0131l\u0131kl\u0131 ili\u015fkiyi anlamaya \u00e7al\u0131\u015f\u0131r. Bu kitap, bu alana ilgi duyanlar i\u00e7in temel bir kaynak g\u00f6revi g\u00f6rmekte ve alana ili\u015fkin temel kavramlar\u0131 a\u00e7\u0131klay\u0131c\u0131 ve yorumlu olarak tan\u0131tmaktad\u0131r.<\/p>\n","protected":false},"excerpt":{"rendered":"<p>Hem dilin insan k\u00fclt\u00fcr\u00fc ve toplumu \u00fczerindeki etkisini hem de bu unsurlar\u0131n dil \u00fczerindeki etkisini inceleyen bir disiplinleraras\u0131 ara\u015ft\u0131rma alan\u0131 olan Antropolojik Dilbilim \u00f6zellikle dilin k\u00fclt\u00fcrel<span class=\"excerpt-hellip\"> [\u2026]<\/span><\/p>\n","protected":false},"featured_media":0,"template":"","meta":{"_monsterinsights_skip_tracking":false,"_monsterinsights_sitenote_active":false,"_monsterinsights_sitenote_note":"","_monsterinsights_sitenote_category":0},"product_brand":[],"product_cat":[15499,13488],"product_tag":[],"class_list":{"0":"post-767852","1":"product","2":"type-product","3":"status-publish","5":"product_cat-antropoloji","6":"product_cat-toplum-ve-insan","7":"pa_cilt-ciltsiz","8":"pa_tur-kitap","9":"pa_yayinevi-bilgin-kultur-sanat","10":"pa_yazar-guven-mengu","12":"first","13":"instock","14":"sale","15":"shipping-taxable","16":"purchasable","17":"product-type-simple"},"_links":{"self":[{"href":"https:\/\/roveyayinevi.com.tr\/index.php\/wp-json\/wp\/v2\/product\/767852","targetHints":{"allow":["GET"]}}],"collection":[{"href":"https:\/\/roveyayinevi.com.tr\/index.php\/wp-json\/wp\/v2\/product"}],"about":[{"href":"https:\/\/roveyayinevi.com.tr\/index.php\/wp-json\/wp\/v2\/types\/product"}],"wp:attachment":[{"href":"https:\/\/roveyayinevi.com.tr\/index.php\/wp-json\/wp\/v2\/media?parent=767852"}],"wp:term":[{"taxonomy":"product_brand","embeddable":true,"href":"https:\/\/roveyayinevi.com.tr\/index.php\/wp-json\/wp\/v2\/product_brand?post=767852"},{"taxonomy":"product_cat","embeddable":true,"href":"https:\/\/roveyayinevi.com.tr\/index.php\/wp-json\/wp\/v2\/product_cat?post=767852"},{"taxonomy":"product_tag","embeddable":true,"href":"https:\/\/roveyayinevi.com.tr\/index.php\/wp-json\/wp\/v2\/product_tag?post=767852"}],"curies":[{"name":"wp","href":"https:\/\/api.w.org\/{rel}","templated":true}]}}