{"id":767849,"date":"2025-08-28T13:01:24","date_gmt":"2025-08-28T10:01:24","guid":{"rendered":"https:\/\/roveyayinevi.com.tr\/index.php\/urun\/edebiyatta-kadin-ve-ask\/"},"modified":"2026-04-15T03:33:34","modified_gmt":"2026-04-15T00:33:34","slug":"edebiyatta-kadin-ve-ask","status":"publish","type":"product","link":"https:\/\/roveyayinevi.com.tr\/index.php\/urun\/edebiyatta-kadin-ve-ask\/","title":{"rendered":"Edebiyatta Kad\u0131n ve A\u015fk"},"content":{"rendered":"<p>Kitap, d\u00fcnyan\u0131n farkl\u0131 k\u00fclt\u00fcrlerinde romandan \u015fiire, oyundan \u00f6yk\u00fcye farkl\u0131 edeb\u00ee t\u00fcrlerde yaz\u0131lm\u0131\u015f eserlerde kad\u0131n merkezli a\u015fk temas\u0131na odaklanmakta; kad\u0131n-a\u015fk ili\u015fkisini ve etkile\u015fimini farkl\u0131 kuramsal ve k\u00fclt\u00fcrel de\u011ferlendirmeler ile yorumlamalara tabi tutmakta; \u00e2\u015f\u0131k olunan kad\u0131n ile \u00e2\u015f\u0131k olan kad\u0131n\u0131n deneyimlerini eserlerdeki kad\u0131n karakterler \u00fczerinden incelemekte; \u00f6zellikle ataerkil toplumlarda kad\u0131n\u0131n bu ba\u011flamda nas\u0131l yans\u0131t\u0131ld\u0131\u011f\u0131n\u0131 resmetmektedir. Bu y\u00f6nleriyle kitap, kad\u0131n \u00e7al\u0131\u015fmalar\u0131na ve kad\u0131n\u0131n anlat\u0131l\u0131p anla\u015f\u0131lmas\u0131na hem tarihsel hem k\u00fclt\u00fcrel hem de toplumsal ve bireysel a\u00e7\u0131lardan katk\u0131lar sa\u011flamakta ve \u0131\u015f\u0131k tutmaktad\u0131r.<\/p>\n","protected":false},"excerpt":{"rendered":"<p>Kitap, d\u00fcnyan\u0131n farkl\u0131 k\u00fclt\u00fcrlerinde romandan \u015fiire, oyundan \u00f6yk\u00fcye farkl\u0131 edeb\u00ee t\u00fcrlerde yaz\u0131lm\u0131\u015f eserlerde kad\u0131n merkezli a\u015fk temas\u0131na odaklanmakta; kad\u0131n-a\u015fk ili\u015fkisini ve etkile\u015fimini farkl\u0131 kuramsal ve k\u00fclt\u00fcrel<span class=\"excerpt-hellip\"> [\u2026]<\/span><\/p>\n","protected":false},"featured_media":0,"template":"","meta":{"_monsterinsights_skip_tracking":false,"_monsterinsights_sitenote_active":false,"_monsterinsights_sitenote_note":"","_monsterinsights_sitenote_category":0},"product_brand":[],"product_cat":[12291],"product_tag":[],"class_list":{"0":"post-767849","1":"product","2":"type-product","3":"status-publish","5":"product_cat-edebiyat","6":"pa_cilt-ciltsiz","7":"pa_tur-kitap","8":"pa_yayinevi-bilgin-kultur-sanat","9":"pa_yazar-ayten-er-yavuz-celik","11":"first","12":"instock","13":"sale","14":"shipping-taxable","15":"purchasable","16":"product-type-simple"},"_links":{"self":[{"href":"https:\/\/roveyayinevi.com.tr\/index.php\/wp-json\/wp\/v2\/product\/767849","targetHints":{"allow":["GET"]}}],"collection":[{"href":"https:\/\/roveyayinevi.com.tr\/index.php\/wp-json\/wp\/v2\/product"}],"about":[{"href":"https:\/\/roveyayinevi.com.tr\/index.php\/wp-json\/wp\/v2\/types\/product"}],"wp:attachment":[{"href":"https:\/\/roveyayinevi.com.tr\/index.php\/wp-json\/wp\/v2\/media?parent=767849"}],"wp:term":[{"taxonomy":"product_brand","embeddable":true,"href":"https:\/\/roveyayinevi.com.tr\/index.php\/wp-json\/wp\/v2\/product_brand?post=767849"},{"taxonomy":"product_cat","embeddable":true,"href":"https:\/\/roveyayinevi.com.tr\/index.php\/wp-json\/wp\/v2\/product_cat?post=767849"},{"taxonomy":"product_tag","embeddable":true,"href":"https:\/\/roveyayinevi.com.tr\/index.php\/wp-json\/wp\/v2\/product_tag?post=767849"}],"curies":[{"name":"wp","href":"https:\/\/api.w.org\/{rel}","templated":true}]}}