{"id":767847,"date":"2025-08-28T13:01:21","date_gmt":"2025-08-28T10:01:21","guid":{"rendered":"https:\/\/roveyayinevi.com.tr\/index.php\/urun\/stressiz-yatirim-sanati\/"},"modified":"2026-04-15T03:33:34","modified_gmt":"2026-04-15T00:33:34","slug":"stressiz-yatirim-sanati","status":"publish","type":"product","link":"https:\/\/roveyayinevi.com.tr\/index.php\/urun\/stressiz-yatirim-sanati\/","title":{"rendered":"Stressiz Yat\u0131r\u0131m Sanat\u0131"},"content":{"rendered":"<p>Stressiz bir finansal hayat nas\u0131l ya\u015fan\u0131r? Bir\u00e7o\u011fumuz finansal kayg\u0131larla dolu bir hayat ya\u015f\u0131yoruz. Bor\u00e7lar, kredi \u00f6demeleri, birikim eksikli\u011fi\u2026 Geceleri uyuyam\u0131yor, g\u00fcn i\u00e7inde endi\u015feden kurtulam\u0131yoruz. Fakat bu kitab\u0131n s\u00f6yledi\u011fi \u00e7ok net: Finansal stres gereksizdir ve ekonomik a\u00e7\u0131dan stressiz bir ya\u015fama \u00e7ok rahat ula\u015fabilirsiniz. Stresiz Yat\u0131r\u0131m Sanat\u0131, size basit ama g\u00fc\u00e7l\u00fc bir finansal denge kurman\u0131n yollar\u0131n\u0131 sunuyor. G\u00fcnl\u00fck k\u00fc\u00e7\u00fck kararlarla bo\u011fu\u015fmak yerine, hayat\u0131n\u0131zdaki b\u00fcy\u00fck kararlar\u0131 do\u011fru vermeniz i\u00e7in bir yol haritas\u0131 \u00e7iziyor. Bu kitapta, bor\u00e7lar\u0131n ve risklerin sizi nas\u0131l y\u0131pratt\u0131\u011f\u0131n\u0131 g\u00f6recek ve onlar\u0131 y\u00f6netmenin ak\u0131lc\u0131 yollar\u0131n\u0131 ke\u015ffedeceksiniz. \u00c7\u00fcnk\u00fc huzur, daha \u00e7ok para kazanmakla de\u011fil, parayla olan ili\u015fkinizi do\u011fru kurmakla ba\u015flar. Bu kitapla:  \u2022  Parayla ilgili d\u00fc\u015f\u00fcnce yap\u0131n\u0131z\u0131 g\u00f6zden ge\u00e7irecek, duygusal engellerinizin fark\u0131na varacaks\u0131n\u0131z.  \u2022  Bor\u00e7lanma ve yat\u0131r\u0131m kararlar\u0131n\u0131z\u0131 daha bilin\u00e7li verecek, stresin sizi y\u0131pratmas\u0131na izin vermeyeceksiniz.  \u2022  Nihayetinde, paran\u0131n mutluluk kayna\u011f\u0131 de\u011fil, onu sa\u011flama arac\u0131 oldu\u011funu g\u00f6receksiniz.   Stressiz Yat\u0131r\u0131m Sanat\u0131, maddi huzur arayan herkes i\u00e7in bir \u00e7\u0131k\u0131\u015f yolu. Paray\u0131 d\u00fc\u015f\u00fcnmek zorunda kalmad\u0131\u011f\u0131n\u0131z, finansal olarak rahat bir hayat i\u00e7in bu kitab\u0131 elinizden b\u0131rakmay\u0131n. <\/p>\n","protected":false},"excerpt":{"rendered":"<p>Stressiz bir finansal hayat nas\u0131l ya\u015fan\u0131r? Bir\u00e7o\u011fumuz finansal kayg\u0131larla dolu bir hayat ya\u015f\u0131yoruz. Bor\u00e7lar, kredi \u00f6demeleri, birikim eksikli\u011fi\u2026 Geceleri uyuyam\u0131yor, g\u00fcn i\u00e7inde endi\u015feden kurtulam\u0131yoruz. Fakat bu<span class=\"excerpt-hellip\"> [\u2026]<\/span><\/p>\n","protected":false},"featured_media":0,"template":"","meta":{"_monsterinsights_skip_tracking":false,"_monsterinsights_sitenote_active":false,"_monsterinsights_sitenote_note":"","_monsterinsights_sitenote_category":0},"product_brand":[],"product_cat":[17249,13043],"product_tag":[],"class_list":{"0":"post-767847","1":"product","2":"type-product","3":"status-publish","5":"product_cat-borsa-finans","6":"product_cat-ekonomi","7":"pa_cilt-ciltsiz","8":"pa_tur-kitap","9":"pa_yayinevi-say-yayinlari","10":"pa_yazar-jared-dillian","12":"first","13":"instock","14":"sale","15":"shipping-taxable","16":"purchasable","17":"product-type-simple"},"_links":{"self":[{"href":"https:\/\/roveyayinevi.com.tr\/index.php\/wp-json\/wp\/v2\/product\/767847","targetHints":{"allow":["GET"]}}],"collection":[{"href":"https:\/\/roveyayinevi.com.tr\/index.php\/wp-json\/wp\/v2\/product"}],"about":[{"href":"https:\/\/roveyayinevi.com.tr\/index.php\/wp-json\/wp\/v2\/types\/product"}],"wp:attachment":[{"href":"https:\/\/roveyayinevi.com.tr\/index.php\/wp-json\/wp\/v2\/media?parent=767847"}],"wp:term":[{"taxonomy":"product_brand","embeddable":true,"href":"https:\/\/roveyayinevi.com.tr\/index.php\/wp-json\/wp\/v2\/product_brand?post=767847"},{"taxonomy":"product_cat","embeddable":true,"href":"https:\/\/roveyayinevi.com.tr\/index.php\/wp-json\/wp\/v2\/product_cat?post=767847"},{"taxonomy":"product_tag","embeddable":true,"href":"https:\/\/roveyayinevi.com.tr\/index.php\/wp-json\/wp\/v2\/product_tag?post=767847"}],"curies":[{"name":"wp","href":"https:\/\/api.w.org\/{rel}","templated":true}]}}