{"id":767846,"date":"2025-08-28T13:01:19","date_gmt":"2025-08-28T10:01:19","guid":{"rendered":"https:\/\/roveyayinevi.com.tr\/index.php\/urun\/sifirdan-milyonerlige\/"},"modified":"2026-04-15T03:33:34","modified_gmt":"2026-04-15T00:33:34","slug":"sifirdan-milyonerlige","status":"publish","type":"product","link":"https:\/\/roveyayinevi.com.tr\/index.php\/urun\/sifirdan-milyonerlige\/","title":{"rendered":"S\u0131f\u0131rdan Milyonerli\u011fe"},"content":{"rendered":"<p>Bu kitab\u0131n amac\u0131 iyi bir yat\u0131r\u0131mc\u0131 olmadan \u00f6nce binlerce dolar\u0131n yok oldu\u011funu g\u00f6rmenizi engellemektir. \u00c7oktan g\u00f6rd\u00fcyseniz kusura bakmay\u0131n! Baz\u0131 dersler di\u011ferlerinden daha \u00e7ok ac\u0131 verir. \u00d6d\u00fcll\u00fc finans yazar\u0131 Nicolas B\u00e9rub\u00e9, yat\u0131r\u0131m d\u00fcnyas\u0131na sa\u011flam ad\u0131mlarla girmek isteyenler i\u00e7in elinizdeki rehberi haz\u0131rlad\u0131. Kendi deneyimleriyle ba\u015flay\u0131p b\u00fcy\u00fck yat\u0131r\u0131mc\u0131lar\u0131n stratejilerini mercek alt\u0131na alan yazar, profesyonellerin piyasada nas\u0131l kazand\u0131klar\u0131n\u0131 g\u00f6zler \u00f6n\u00fcne seriyor. \u00dcstelik tarih, psikoloji ve finans\u0131 harmanlayarak yat\u0131r\u0131m yapmay\u0131 heyecan verici bir yolculu\u011fa d\u00f6n\u00fc\u015ft\u00fcr\u00fcyor. Newton\u2019un borsa \u00e7\u00f6k\u00fc\u015f\u00fcnden Mona Lisa h\u0131rs\u0131zl\u0131\u011f\u0131na kadar az bilinen hik\u00e2yeler e\u015fli\u011finde, yat\u0131r\u0131mlar\u0131n\u0131za bug\u00fcn ba\u015flaman\u0131z veya do\u011fru yolda ilerlemeniz i\u00e7in ihtiyac\u0131n\u0131z olan t\u00fcm ipu\u00e7lar\u0131n\u0131 sunuyor. Kendini \u201cs\u0131f\u0131r\u201d gibi hissetti\u011fi ba\u015far\u0131s\u0131zl\u0131klarla dolu ilk ad\u0131mlar\u0131ndan, kazananlar\u0131 kaybedenlerden ay\u0131ran detaylara uzanan B\u00e9rub\u00e9, kan\u0131tlanm\u0131\u015f stratejileri herkesin uygulayabilece\u011fi bir rehbere d\u00f6n\u00fc\u015ft\u00fcr\u00fcyor.   Finans d\u00fcnyas\u0131n\u0131n mitlerini sorgularken, sa\u011flam bir yat\u0131r\u0131mc\u0131 olman\u0131n basit ama etkili yollar\u0131n\u0131 \u00f6\u011frenmeye haz\u0131r m\u0131s\u0131n\u0131z? \u015eimdi, ad\u0131m ad\u0131m servet biriktirmenin ve i\u00e7 huzuruyla yat\u0131r\u0131m yapman\u0131n s\u0131rr\u0131n\u0131 ke\u015ffetme zaman\u0131. <\/p>\n","protected":false},"excerpt":{"rendered":"<p>Bu kitab\u0131n amac\u0131 iyi bir yat\u0131r\u0131mc\u0131 olmadan \u00f6nce binlerce dolar\u0131n yok oldu\u011funu g\u00f6rmenizi engellemektir. \u00c7oktan g\u00f6rd\u00fcyseniz kusura bakmay\u0131n! Baz\u0131 dersler di\u011ferlerinden daha \u00e7ok ac\u0131 verir. \u00d6d\u00fcll\u00fc<span class=\"excerpt-hellip\"> [\u2026]<\/span><\/p>\n","protected":false},"featured_media":0,"template":"","meta":{"_monsterinsights_skip_tracking":false,"_monsterinsights_sitenote_active":false,"_monsterinsights_sitenote_note":"","_monsterinsights_sitenote_category":0},"product_brand":[],"product_cat":[17249,13043],"product_tag":[],"class_list":{"0":"post-767846","1":"product","2":"type-product","3":"status-publish","5":"product_cat-borsa-finans","6":"product_cat-ekonomi","7":"pa_cilt-ciltsiz","8":"pa_tur-kitap","9":"pa_yayinevi-say-yayinlari","10":"pa_yazar-nicolas-berube","12":"first","13":"instock","14":"sale","15":"shipping-taxable","16":"purchasable","17":"product-type-simple"},"_links":{"self":[{"href":"https:\/\/roveyayinevi.com.tr\/index.php\/wp-json\/wp\/v2\/product\/767846","targetHints":{"allow":["GET"]}}],"collection":[{"href":"https:\/\/roveyayinevi.com.tr\/index.php\/wp-json\/wp\/v2\/product"}],"about":[{"href":"https:\/\/roveyayinevi.com.tr\/index.php\/wp-json\/wp\/v2\/types\/product"}],"wp:attachment":[{"href":"https:\/\/roveyayinevi.com.tr\/index.php\/wp-json\/wp\/v2\/media?parent=767846"}],"wp:term":[{"taxonomy":"product_brand","embeddable":true,"href":"https:\/\/roveyayinevi.com.tr\/index.php\/wp-json\/wp\/v2\/product_brand?post=767846"},{"taxonomy":"product_cat","embeddable":true,"href":"https:\/\/roveyayinevi.com.tr\/index.php\/wp-json\/wp\/v2\/product_cat?post=767846"},{"taxonomy":"product_tag","embeddable":true,"href":"https:\/\/roveyayinevi.com.tr\/index.php\/wp-json\/wp\/v2\/product_tag?post=767846"}],"curies":[{"name":"wp","href":"https:\/\/api.w.org\/{rel}","templated":true}]}}