{"id":767845,"date":"2025-08-28T13:01:18","date_gmt":"2025-08-28T10:01:18","guid":{"rendered":"https:\/\/roveyayinevi.com.tr\/index.php\/urun\/psikoloji-101-3\/"},"modified":"2026-04-15T03:33:34","modified_gmt":"2026-04-15T00:33:34","slug":"psikoloji-101-3","status":"publish","type":"product","link":"https:\/\/roveyayinevi.com.tr\/index.php\/urun\/psikoloji-101-3\/","title":{"rendered":"Psikoloji 101"},"content":{"rendered":"<p>\u0130nsan Zihninin Gizli Kap\u0131lar\u0131n\u0131 Aralay\u0131n! Psikoloji, herkesin hakk\u0131nda bir fikri oldu\u011fu ama \u00e7ok az ki\u015finin derinlemesine anlad\u0131\u011f\u0131 b\u00fcy\u00fcleyici bir alan. Psikoloji 101 ile bu belirsizlikleri geride b\u0131rak\u0131n ve insan zihninin karma\u015f\u0131k d\u00fcnyas\u0131na ad\u0131m at\u0131n. Bu kapsaml\u0131 kitap, d\u00fc\u015f\u00fcncelerimiz, duygular\u0131m\u0131z ve davran\u0131\u015flar\u0131m\u0131z\u0131n ard\u0131ndaki bilimsel temelleri ke\u015ffetmeniz i\u00e7in size e\u015flik ediyor.  Alg\u0131dan haf\u0131zaya, duygulardan ki\u015fili\u011fe, zek\u00e2, sosyal etki, uyku ve beyin gibi konulara kadar psikolojinin t\u00fcm \u00f6nemli alanlar\u0131n\u0131 sade ve anla\u015f\u0131l\u0131r bir dille ele al\u0131yor. Ayr\u0131ca, ruh sa\u011fl\u0131\u011f\u0131 ve psikolojik terapiler gibi g\u00fcncel ve \u00f6nemli konularda da derinlemesine bilgi sunuyor. \u0130ster bir \u00f6\u011frenci olun ister zihnin i\u015fleyi\u015fine dair daha fazla bilgi edinmek isteyen merakl\u0131 bir okuyucu, Psikoloi 101 vazge\u00e7ilmez bir rehber olacak. \u0130nsan zihnini anlamak hi\u00e7 bu kadar keyifli olmam\u0131\u015ft\u0131! <\/p>\n","protected":false},"excerpt":{"rendered":"<p>\u0130nsan Zihninin Gizli Kap\u0131lar\u0131n\u0131 Aralay\u0131n! Psikoloji, herkesin hakk\u0131nda bir fikri oldu\u011fu ama \u00e7ok az ki\u015finin derinlemesine anlad\u0131\u011f\u0131 b\u00fcy\u00fcleyici bir alan. Psikoloji 101 ile bu belirsizlikleri geride<span class=\"excerpt-hellip\"> [\u2026]<\/span><\/p>\n","protected":false},"featured_media":0,"template":"","meta":{"_monsterinsights_skip_tracking":false,"_monsterinsights_sitenote_active":false,"_monsterinsights_sitenote_note":"","_monsterinsights_sitenote_category":0},"product_brand":[],"product_cat":[12357],"product_tag":[],"class_list":{"0":"post-767845","1":"product","2":"type-product","3":"status-publish","5":"product_cat-psikoloji","6":"pa_cilt-ciltsiz","7":"pa_tur-kitap","8":"pa_yayinevi-say-yayinlari","9":"pa_yazar-sandi-mann","11":"first","12":"instock","13":"sale","14":"shipping-taxable","15":"purchasable","16":"product-type-simple"},"_links":{"self":[{"href":"https:\/\/roveyayinevi.com.tr\/index.php\/wp-json\/wp\/v2\/product\/767845","targetHints":{"allow":["GET"]}}],"collection":[{"href":"https:\/\/roveyayinevi.com.tr\/index.php\/wp-json\/wp\/v2\/product"}],"about":[{"href":"https:\/\/roveyayinevi.com.tr\/index.php\/wp-json\/wp\/v2\/types\/product"}],"wp:attachment":[{"href":"https:\/\/roveyayinevi.com.tr\/index.php\/wp-json\/wp\/v2\/media?parent=767845"}],"wp:term":[{"taxonomy":"product_brand","embeddable":true,"href":"https:\/\/roveyayinevi.com.tr\/index.php\/wp-json\/wp\/v2\/product_brand?post=767845"},{"taxonomy":"product_cat","embeddable":true,"href":"https:\/\/roveyayinevi.com.tr\/index.php\/wp-json\/wp\/v2\/product_cat?post=767845"},{"taxonomy":"product_tag","embeddable":true,"href":"https:\/\/roveyayinevi.com.tr\/index.php\/wp-json\/wp\/v2\/product_tag?post=767845"}],"curies":[{"name":"wp","href":"https:\/\/api.w.org\/{rel}","templated":true}]}}