{"id":767843,"date":"2025-08-28T13:01:16","date_gmt":"2025-08-28T10:01:16","guid":{"rendered":"https:\/\/roveyayinevi.com.tr\/index.php\/urun\/ayasofya-istanbul-aya-sofia-constantinople\/"},"modified":"2026-04-15T03:33:34","modified_gmt":"2026-04-15T00:33:34","slug":"ayasofya-istanbul-aya-sofia-constantinople","status":"publish","type":"product","link":"https:\/\/roveyayinevi.com.tr\/index.php\/urun\/ayasofya-istanbul-aya-sofia-constantinople\/","title":{"rendered":"Ayasofya-\u0130stanbul \/ Aya Sofia-Constantinople"},"content":{"rendered":"<p>Eski \u00c7a\u011f\u2019daki insan eme\u011fi eserlerden baz\u0131lar\u0131 D\u00fcnya\u2019n\u0131n Yedi Harikas\u0131 olarak adland\u0131r\u0131lm\u0131\u015f ve belleklerimizde yer etmi\u015flerdir. Bug\u00fcn i\u00e7in bir k\u0131sm\u0131 yok olmu\u015f bu eserlerden esinlenilerek yeni harikalar belirleme giri\u015fimleri olmakta kimi zaman. Harika olarak nitelendirilebilecek eserler aras\u0131nda say\u0131lmay\u0131 hak eden Ayasofya, bir mimari \u015faheser olarak kabul g\u00f6rmekte ku\u015fkusuz. \u00c7e\u015fitli nedenlerle u\u011frad\u0131\u011f\u0131 y\u0131k\u0131mlar\u0131 m\u00fcteakip, son olarak Bizans \u0130mparatoru Justinianus taraf\u0131ndan 532&#8217;de ayn\u0131 yerinde yeniden in\u015fa ettirilen Ayasofya, y\u00fczy\u0131llar boyunca tarihin y\u0131prat\u0131c\u0131 etkisine maruz kalm\u0131\u015f zaruri olarak. 1847 y\u0131l\u0131nda, Sultan Abd\u00fclmecit, \u0130talyan mimarlar Fossati karde\u015fleri Ayasofya&#8217;n\u0131n bak\u0131m\u0131 ve onar\u0131m\u0131 ile g\u00f6revlendirmi\u015f ve bu restorasyon faaliyetleri s\u0131ras\u0131nda mabet yeni bir \u00e7ehreye b\u00fcr\u00fcnm\u00fc\u015f, hatta baz\u0131lar\u0131 bu \u00e7al\u0131\u015fman\u0131n bir restorasyona g\u00f6re fazla radikal de\u011fi\u015fiklikler i\u00e7erdi\u011fini kabul ediyor. Gaspare Fossati, Ayasofya onar\u0131m faaliyetleri tamamlan\u0131p g\u00f6rkemli a\u00e7\u0131l\u0131\u015f t\u00f6reni yap\u0131ld\u0131ktan sonra (13 Temmuz 1849), Londra&#8217;da, 1852 y\u0131l\u0131nda, \u201cSultan Abd\u00fclmecid D\u00f6neminde Yap\u0131lan Restorasyon Zaman\u0131nda Ayasofya-\u0130stanbul\u201d adl\u0131 bir kitap yay\u0131nlam\u0131\u015f. \u0130\u015fte \u015fu an elinizdeki kitap, bu kitap. Kitapta mimar Gaspare Fossati\u2019nin Ayasofya\u2019dan ve \u0130stanbul\u2019dan orijinal \u00e7izimlerine yer verilen grav\u00fcrler ve Adalbert De Beaumont\u2019un bu \u00e7izimlere ili\u015fkin a\u00e7\u0131klamalar\u0131 ile \u00d6ns\u00f6z\u2019de binan\u0131n mimar\u00ee safhalar\u0131 hakk\u0131nda k\u0131sa bir tarih\u00e7e yer almakta. Ta\u015f bask\u0131lar ise Louis Haghe imzas\u0131n\u0131 ta\u015f\u0131makta. Kitaptaki grav\u00fcrler hakk\u0131ndaki a\u00e7\u0131klamalar\u0131n Frans\u0131zca orijinal metinleriyle birlikte T\u00fcrk\u00e7e \u00e7evirisinin de yer ald\u0131\u011f\u0131 renkli olarak yay\u0131mlad\u0131\u011f\u0131m\u0131z bu kitap, tam bir kaynak kitap olmas\u0131n\u0131n yan\u0131 s\u0131ra, \u0130stanbul\u2019a, Ayasofya\u2019ya, mimariye ve g\u00fczel sanatlara ilgi duyanlar i\u00e7in nadide bir eser ayn\u0131 zamanda. Yay\u0131nevi\u2019nin, \u201cdo\u011fru rota ile yeni ufuklara\u201d yolculu\u011fu bu harika kitap ile kesintisiz devam ediyor. <\/p>\n","protected":false},"excerpt":{"rendered":"<p>Eski \u00c7a\u011f\u2019daki insan eme\u011fi eserlerden baz\u0131lar\u0131 D\u00fcnya\u2019n\u0131n Yedi Harikas\u0131 olarak adland\u0131r\u0131lm\u0131\u015f ve belleklerimizde yer etmi\u015flerdir. Bug\u00fcn i\u00e7in bir k\u0131sm\u0131 yok olmu\u015f bu eserlerden esinlenilerek yeni harikalar<span class=\"excerpt-hellip\"> [\u2026]<\/span><\/p>\n","protected":false},"featured_media":0,"template":"","meta":{"_monsterinsights_skip_tracking":false,"_monsterinsights_sitenote_active":false,"_monsterinsights_sitenote_note":"","_monsterinsights_sitenote_category":0},"product_brand":[],"product_cat":[13512,12408],"product_tag":[],"class_list":{"0":"post-767843","1":"product","2":"type-product","3":"status-publish","5":"product_cat-mimarlik","6":"product_cat-sanat","7":"pa_cilt-ciltsiz","8":"pa_tur-kitap","9":"pa_yayinevi-kaptan-kitap","10":"pa_yazar-gaspare-fossati-adalbert-de-beaumont","12":"first","13":"instock","14":"sale","15":"shipping-taxable","16":"purchasable","17":"product-type-simple"},"_links":{"self":[{"href":"https:\/\/roveyayinevi.com.tr\/index.php\/wp-json\/wp\/v2\/product\/767843","targetHints":{"allow":["GET"]}}],"collection":[{"href":"https:\/\/roveyayinevi.com.tr\/index.php\/wp-json\/wp\/v2\/product"}],"about":[{"href":"https:\/\/roveyayinevi.com.tr\/index.php\/wp-json\/wp\/v2\/types\/product"}],"wp:attachment":[{"href":"https:\/\/roveyayinevi.com.tr\/index.php\/wp-json\/wp\/v2\/media?parent=767843"}],"wp:term":[{"taxonomy":"product_brand","embeddable":true,"href":"https:\/\/roveyayinevi.com.tr\/index.php\/wp-json\/wp\/v2\/product_brand?post=767843"},{"taxonomy":"product_cat","embeddable":true,"href":"https:\/\/roveyayinevi.com.tr\/index.php\/wp-json\/wp\/v2\/product_cat?post=767843"},{"taxonomy":"product_tag","embeddable":true,"href":"https:\/\/roveyayinevi.com.tr\/index.php\/wp-json\/wp\/v2\/product_tag?post=767843"}],"curies":[{"name":"wp","href":"https:\/\/api.w.org\/{rel}","templated":true}]}}