{"id":767841,"date":"2025-08-28T13:01:12","date_gmt":"2025-08-28T10:01:12","guid":{"rendered":"https:\/\/roveyayinevi.com.tr\/index.php\/urun\/beni-aya-gotur\/"},"modified":"2026-04-15T03:33:33","modified_gmt":"2026-04-15T00:33:33","slug":"beni-aya-gotur","status":"publish","type":"product","link":"https:\/\/roveyayinevi.com.tr\/index.php\/urun\/beni-aya-gotur\/","title":{"rendered":"Beni Ay\u2019a G\u00f6t\u00fcr"},"content":{"rendered":"<p>A\u015eK VE MUTLULUK DOLU EVL\u0130L\u0130K KOMED\u0130S\u0130 BA\u015eLIYOR! \u00c7al\u0131\u015fkan ama biraz \u015fap\u015fal bir \u00f6\u011frenci olan Nasa Yuzaki, bir g\u00fcn Tsukasa ad\u0131ndaki gizemli ve \u00e7ok g\u00fczel bir k\u0131zla tan\u0131\u015f\u0131yor. Nasa, her \u015feyi g\u00f6ze al\u0131p ona a\u015fk\u0131n\u0131 itiraf edince \u015fu \u015fekilde bir kar\u015f\u0131l\u0131k al\u0131yor: \u201cBenimle evlenirsen seninle \u00e7\u0131kar\u0131m!\u201d Nasa\u2019n\u0131n gizemlerle dolu ve her \u015feyden daha tatl\u0131 e\u015fiyle evlilik hayat\u0131 ba\u015fl\u0131yor!! <\/p>\n","protected":false},"excerpt":{"rendered":"<p>A\u015eK VE MUTLULUK DOLU EVL\u0130L\u0130K KOMED\u0130S\u0130 BA\u015eLIYOR! \u00c7al\u0131\u015fkan ama biraz \u015fap\u015fal bir \u00f6\u011frenci olan Nasa Yuzaki, bir g\u00fcn Tsukasa ad\u0131ndaki gizemli ve \u00e7ok g\u00fczel bir k\u0131zla<span class=\"excerpt-hellip\"> [\u2026]<\/span><\/p>\n","protected":false},"featured_media":0,"template":"","meta":{"_monsterinsights_skip_tracking":false,"_monsterinsights_sitenote_active":false,"_monsterinsights_sitenote_note":"","_monsterinsights_sitenote_category":0},"product_brand":[],"product_cat":[12416,12291],"product_tag":[],"class_list":{"0":"post-767841","1":"product","2":"type-product","3":"status-publish","5":"product_cat-cizgi-roman","6":"product_cat-edebiyat","7":"pa_cilt-ciltsiz","8":"pa_tur-kitap","9":"pa_yayinevi-kayip-kita-yayinlari","10":"pa_yazar-kenjiro-hata","12":"first","13":"instock","14":"sale","15":"shipping-taxable","16":"purchasable","17":"product-type-simple"},"_links":{"self":[{"href":"https:\/\/roveyayinevi.com.tr\/index.php\/wp-json\/wp\/v2\/product\/767841","targetHints":{"allow":["GET"]}}],"collection":[{"href":"https:\/\/roveyayinevi.com.tr\/index.php\/wp-json\/wp\/v2\/product"}],"about":[{"href":"https:\/\/roveyayinevi.com.tr\/index.php\/wp-json\/wp\/v2\/types\/product"}],"wp:attachment":[{"href":"https:\/\/roveyayinevi.com.tr\/index.php\/wp-json\/wp\/v2\/media?parent=767841"}],"wp:term":[{"taxonomy":"product_brand","embeddable":true,"href":"https:\/\/roveyayinevi.com.tr\/index.php\/wp-json\/wp\/v2\/product_brand?post=767841"},{"taxonomy":"product_cat","embeddable":true,"href":"https:\/\/roveyayinevi.com.tr\/index.php\/wp-json\/wp\/v2\/product_cat?post=767841"},{"taxonomy":"product_tag","embeddable":true,"href":"https:\/\/roveyayinevi.com.tr\/index.php\/wp-json\/wp\/v2\/product_tag?post=767841"}],"curies":[{"name":"wp","href":"https:\/\/api.w.org\/{rel}","templated":true}]}}