{"id":767840,"date":"2025-08-28T13:01:10","date_gmt":"2025-08-28T10:01:10","guid":{"rendered":"https:\/\/roveyayinevi.com.tr\/index.php\/urun\/ilahi-yalan\/"},"modified":"2026-04-15T03:33:33","modified_gmt":"2026-04-15T00:33:33","slug":"ilahi-yalan","status":"publish","type":"product","link":"https:\/\/roveyayinevi.com.tr\/index.php\/urun\/ilahi-yalan\/","title":{"rendered":"\u0130lahi Yalan"},"content":{"rendered":"<p>Annesiyle ya\u015fayan alt\u0131nc\u0131 s\u0131n\u0131f \u00f6\u011frencisi Natsuru Nanao, i\u00e7ine kapan\u0131k Rio Suzumura&#8217;yla beklenmedik bir \u015fekilde yak\u0131n arkada\u015f oluyor. Natsuru, futbol kamp\u0131na gitmekten vazge\u00e7erek b\u00fct\u00fcn yaz tatilini Rio ve karde\u015fiyle onlar\u0131n y\u0131k\u0131k d\u00f6k\u00fck evinde ge\u00e7iriyor ancak karanl\u0131k bir s\u0131r, pamuk ipli\u011fine ba\u011fl\u0131 mutluluklar\u0131na b\u00fcy\u00fck bir tehdit olu\u015fturuyor. <\/p>\n","protected":false},"excerpt":{"rendered":"<p>Annesiyle ya\u015fayan alt\u0131nc\u0131 s\u0131n\u0131f \u00f6\u011frencisi Natsuru Nanao, i\u00e7ine kapan\u0131k Rio Suzumura&#8217;yla beklenmedik bir \u015fekilde yak\u0131n arkada\u015f oluyor. Natsuru, futbol kamp\u0131na gitmekten vazge\u00e7erek b\u00fct\u00fcn yaz tatilini Rio<span class=\"excerpt-hellip\"> [\u2026]<\/span><\/p>\n","protected":false},"featured_media":0,"template":"","meta":{"_monsterinsights_skip_tracking":false,"_monsterinsights_sitenote_active":false,"_monsterinsights_sitenote_note":"","_monsterinsights_sitenote_category":0},"product_brand":[],"product_cat":[12416,12291],"product_tag":[],"class_list":{"0":"post-767840","1":"product","2":"type-product","3":"status-publish","5":"product_cat-cizgi-roman","6":"product_cat-edebiyat","7":"pa_cilt-ciltsiz","8":"pa_tur-kitap","9":"pa_yayinevi-kayip-kita-yayinlari","10":"pa_yazar-kaori-ozaki","12":"first","13":"instock","14":"sale","15":"shipping-taxable","16":"purchasable","17":"product-type-simple"},"_links":{"self":[{"href":"https:\/\/roveyayinevi.com.tr\/index.php\/wp-json\/wp\/v2\/product\/767840","targetHints":{"allow":["GET"]}}],"collection":[{"href":"https:\/\/roveyayinevi.com.tr\/index.php\/wp-json\/wp\/v2\/product"}],"about":[{"href":"https:\/\/roveyayinevi.com.tr\/index.php\/wp-json\/wp\/v2\/types\/product"}],"wp:attachment":[{"href":"https:\/\/roveyayinevi.com.tr\/index.php\/wp-json\/wp\/v2\/media?parent=767840"}],"wp:term":[{"taxonomy":"product_brand","embeddable":true,"href":"https:\/\/roveyayinevi.com.tr\/index.php\/wp-json\/wp\/v2\/product_brand?post=767840"},{"taxonomy":"product_cat","embeddable":true,"href":"https:\/\/roveyayinevi.com.tr\/index.php\/wp-json\/wp\/v2\/product_cat?post=767840"},{"taxonomy":"product_tag","embeddable":true,"href":"https:\/\/roveyayinevi.com.tr\/index.php\/wp-json\/wp\/v2\/product_tag?post=767840"}],"curies":[{"name":"wp","href":"https:\/\/api.w.org\/{rel}","templated":true}]}}