{"id":767839,"date":"2025-08-28T13:01:08","date_gmt":"2025-08-28T10:01:08","guid":{"rendered":"https:\/\/roveyayinevi.com.tr\/index.php\/urun\/17-yuzyilda-harput\/"},"modified":"2026-04-15T03:33:33","modified_gmt":"2026-04-15T00:33:33","slug":"17-yuzyilda-harput","status":"publish","type":"product","link":"https:\/\/roveyayinevi.com.tr\/index.php\/urun\/17-yuzyilda-harput\/","title":{"rendered":"17. Y\u00fczy\u0131lda Harput"},"content":{"rendered":"<p>Bug\u00fcn Elaz\u0131\u011f ili s\u0131n\u0131rlar\u0131 i\u00e7erisinde yer alan Harput, co\u011frafi konumu ve stratejik \u00f6nemi nedeniyle tarihsel s\u00fcre\u00e7 boyunca pek \u00e7ok devletin egemenlik kurma arzusu ta\u015f\u0131d\u0131\u011f\u0131 bir yerle\u015fim merkezi olmu\u015ftur. Bu nedenle, Harput&#8217;u bir\u00e7ok kavim ve devletin istilas\u0131na maruz kalarak s\u0131k s\u0131k el de\u011fi\u015ftirmi\u015ftir. Ancak Osmanl\u0131 Devleti\u2019nin b\u00f6lgede h\u00e2kimiyet kurmas\u0131 ile birlikte istikrarl\u0131 bir yap\u0131ya kavu\u015fmu\u015ftur. Harput, Osmanl\u0131 Devleti\u2019nin egemenli\u011fine girdikten sonra kentsel ve k\u00fclt\u00fcrel geli\u015fimini b\u00fcy\u00fck \u00f6l\u00e7\u00fcde tamamlayan \u00f6nemli bir yerle\u015fim yeri olmu\u015ftur. Co\u011frafi konumu itibariyle de  farkl\u0131 yollar\u0131n kesi\u015fim noktas\u0131nda yer almas\u0131 nedeniyle \u015fehirleraras\u0131 ticareti destekleyen stratejik bir avantaja sahipti. Dolay\u0131s\u0131yla Harput, \u00e7evre b\u00f6lgelerden gelen t\u00fcccarlar\u0131n yan\u0131 s\u0131ra, daha uzak illerden gelen ticaret erbaplar\u0131n\u0131n da dikkatini \u00e7ekmi\u015ftir. Fakat Osmanl\u0131 Devleti\u2019nin 16. y\u00fczy\u0131l\u0131n sonlar\u0131ndan itibaren ge\u00e7irdi\u011fi sars\u0131nt\u0131l\u0131 durum Harput\u2019un geli\u015fim s\u00fcrecini de olumsuz y\u00f6nde etkilemi\u015ftir. 17. y\u00fczy\u0131lda imparatorlu\u011fu \u00e7alkant\u0131l\u0131 durumdan kurtarmak i\u00e7in idari, askeri, iktisadi ve siyasi alanlarda birtak\u0131m yap\u0131sal yeniliklere gidilmesi ile Harput sancak idaresinde de y\u00f6netimsel bak\u0131mdan \u00f6nemli de\u011fi\u015fiklikler olmu\u015ftur. Bu eser, 17. y\u00fczy\u0131lda Harput&#8217;un tarih\u00ee, k\u00fclt\u00fcrel, idari, siyasi, ekonomik ve sosyal yap\u0131s\u0131n\u0131 detayl\u0131 bir \u015fekilde incelemektedir. Harput&#8217;un tarihi miras\u0131n\u0131 ke\u015ffetmek isteyen ara\u015ft\u0131rmac\u0131lar ve merakl\u0131 okurlar i\u00e7in bu kitap de\u011ferli bir referans kayna\u011f\u0131 olacakt\u0131r.<\/p>\n","protected":false},"excerpt":{"rendered":"<p>Bug\u00fcn Elaz\u0131\u011f ili s\u0131n\u0131rlar\u0131 i\u00e7erisinde yer alan Harput, co\u011frafi konumu ve stratejik \u00f6nemi nedeniyle tarihsel s\u00fcre\u00e7 boyunca pek \u00e7ok devletin egemenlik kurma arzusu ta\u015f\u0131d\u0131\u011f\u0131 bir yerle\u015fim<span class=\"excerpt-hellip\"> [\u2026]<\/span><\/p>\n","protected":false},"featured_media":0,"template":"","meta":{"_monsterinsights_skip_tracking":false,"_monsterinsights_sitenote_active":false,"_monsterinsights_sitenote_note":"","_monsterinsights_sitenote_category":0},"product_brand":[],"product_cat":[12304],"product_tag":[],"class_list":{"0":"post-767839","1":"product","2":"type-product","3":"status-publish","5":"product_cat-tarih","6":"pa_cilt-ciltsiz","7":"pa_tur-kitap","8":"pa_yayinevi-aktif-yayinevi","9":"pa_yazar-celalettin-uzuner","11":"first","12":"instock","13":"sale","14":"shipping-taxable","15":"purchasable","16":"product-type-simple"},"_links":{"self":[{"href":"https:\/\/roveyayinevi.com.tr\/index.php\/wp-json\/wp\/v2\/product\/767839","targetHints":{"allow":["GET"]}}],"collection":[{"href":"https:\/\/roveyayinevi.com.tr\/index.php\/wp-json\/wp\/v2\/product"}],"about":[{"href":"https:\/\/roveyayinevi.com.tr\/index.php\/wp-json\/wp\/v2\/types\/product"}],"wp:attachment":[{"href":"https:\/\/roveyayinevi.com.tr\/index.php\/wp-json\/wp\/v2\/media?parent=767839"}],"wp:term":[{"taxonomy":"product_brand","embeddable":true,"href":"https:\/\/roveyayinevi.com.tr\/index.php\/wp-json\/wp\/v2\/product_brand?post=767839"},{"taxonomy":"product_cat","embeddable":true,"href":"https:\/\/roveyayinevi.com.tr\/index.php\/wp-json\/wp\/v2\/product_cat?post=767839"},{"taxonomy":"product_tag","embeddable":true,"href":"https:\/\/roveyayinevi.com.tr\/index.php\/wp-json\/wp\/v2\/product_tag?post=767839"}],"curies":[{"name":"wp","href":"https:\/\/api.w.org\/{rel}","templated":true}]}}