{"id":767838,"date":"2025-08-28T13:01:07","date_gmt":"2025-08-28T10:01:07","guid":{"rendered":"https:\/\/roveyayinevi.com.tr\/index.php\/urun\/ilhanlilar-tarihinde-cobanogullari-sulduslar\/"},"modified":"2026-04-15T03:33:33","modified_gmt":"2026-04-15T00:33:33","slug":"ilhanlilar-tarihinde-cobanogullari-sulduslar","status":"publish","type":"product","link":"https:\/\/roveyayinevi.com.tr\/index.php\/urun\/ilhanlilar-tarihinde-cobanogullari-sulduslar\/","title":{"rendered":"\u0130lhanl\u0131lar Tarihinde \u00c7obano\u011fullar\u0131 (Sulduslar)"},"content":{"rendered":"<p>Temu\u00e7in\u2019in b\u00fcy\u00fck han olma yolunda a\u015fmas\u0131 gereken en b\u00fcy\u00fck engel esaretten kurtulmas\u0131yd\u0131. Zaten ne ba\u015fka bir se\u00e7ene\u011fi ne de gidebilece\u011fi bir yeri vard\u0131.  Suldus Kabilesine mensup Sorhan \u015eira, Cengiz Han\u2019\u0131n hayat\u0131n\u0131 kurtararak belki de d\u00fcnya tarihinin seyrini de\u011fi\u015ftirmi\u015fti. 1206\u2019da otuz dokuz ya\u015f\u0131nda Cengiz Han ad\u0131n\u0131 ald\u0131\u011f\u0131ndaTemu\u00e7in\u2019in, yan\u0131nda Suldus Kabilesine mensup Sorhan \u015eira ve \u00e7ocuklar\u0131 vard\u0131.   Gerek Cengiz Han hayattayken gerekse \u00f6l\u00fcm\u00fcnden sonra, halefleri devrinde, \u00c7in\u2019den T\u00fcrkistan\u2019a bir\u00e7ok b\u00f6lgeye yay\u0131lan Suldus kabilesi ve \u00fcyeleri gittikleri her yerde Cengiz Han\u2019\u0131n halefleri taraf\u0131ndan kurulan devletlerin kaderinde etkili olmu\u015flard\u0131r.   Cengiz Han\u2019\u0131n torunu H\u00fclag\u00fc taraf\u0131ndan 1256\u2019da \u0130ran\u2019da kurulan ve 1295\u2019den itibaren ba\u011f\u0131ms\u0131z bir hale gelen \u0130lhanl\u0131 Devleti, \u201cyenilik\u00e7i\u201d Gazan Han\u2019\u0131n 1304 y\u0131l\u0131nda \u00f6l\u00fcm\u00fcnden sonra gerilemeye ba\u015flam\u0131\u015ft\u0131r. Gazan Han\u2019\u0131n \u00f6l\u00fcm\u00fc, \u0130lhanl\u0131 Devleti\u2019nin gelece\u011fi a\u00e7\u0131s\u0131ndan bir k\u0131r\u0131lma noktas\u0131 olarak kabul edilmektedir. Olcaytu\u2019nun 1316\u2019da tahta \u00e7\u0131kan o\u011flu Eb\u00fb Sa\u0619 \u00eed\u2019in ya da daha do\u011fru bir ifade ile Em\u00eer\u00fc\u2019l-\u00fcmer\u00e2 Suldus Emir \u00c7oban d\u00f6nemi \u201cMo\u011fol y\u00f6netiminin alt\u0131n \u00e7a\u011f\u0131\u201d olarak tan\u0131mlanmaktad\u0131r. Son \u0130lhan Eb\u00fb Sa\u0619 \u00eed\u2019in Emir \u00c7oban\u2019\u0131 \u00f6ld\u00fcrtmesi \u0130lhanl\u0131 Devleti i\u00e7in sonun ba\u015flang\u0131c\u0131 olmu\u015ftur.   \u0130ran ba\u015fta olmak \u00fczere Azerbaycan, G\u00fcneydo\u011fu Anadolu, Irak, \u0130ran, G\u00fcrcistan ve bug\u00fcnk\u00fc Ermenistan\u2019\u0131n bir b\u00f6l\u00fcm\u00fcn\u00fc de i\u00e7ine alan geni\u015f bir co\u011frafyada etkili olan Suldus\/\u00c7obano\u011fullar\u0131, h\u00e2kimiyet s\u00fcrelerinin b\u00fcy\u00fck bir b\u00f6l\u00fcm\u00fcnde g\u00f6lge ilhanlar ilan etmek suretiyle \u0130lhanl\u0131 Devleti\u2019nin hayatta kalmas\u0131na \u00e7aba sarf etmi\u015fler ve bu co\u011frafyalar\u0131n siyasi, askeri ve k\u00fclt\u00fcrel miras\u0131nda etkili olmu\u015flard\u0131r. <\/p>\n","protected":false},"excerpt":{"rendered":"<p>Temu\u00e7in\u2019in b\u00fcy\u00fck han olma yolunda a\u015fmas\u0131 gereken en b\u00fcy\u00fck engel esaretten kurtulmas\u0131yd\u0131. Zaten ne ba\u015fka bir se\u00e7ene\u011fi ne de gidebilece\u011fi bir yeri vard\u0131. Suldus Kabilesine mensup<span class=\"excerpt-hellip\"> [\u2026]<\/span><\/p>\n","protected":false},"featured_media":0,"template":"","meta":{"_monsterinsights_skip_tracking":false,"_monsterinsights_sitenote_active":false,"_monsterinsights_sitenote_note":"","_monsterinsights_sitenote_category":0},"product_brand":[],"product_cat":[12304],"product_tag":[],"class_list":{"0":"post-767838","1":"product","2":"type-product","3":"status-publish","5":"product_cat-tarih","6":"pa_cilt-ciltsiz","7":"pa_tur-kitap","8":"pa_yayinevi-aktif-yayinevi","9":"pa_yazar-cem-tuysuz","11":"first","12":"instock","13":"sale","14":"shipping-taxable","15":"purchasable","16":"product-type-simple"},"_links":{"self":[{"href":"https:\/\/roveyayinevi.com.tr\/index.php\/wp-json\/wp\/v2\/product\/767838","targetHints":{"allow":["GET"]}}],"collection":[{"href":"https:\/\/roveyayinevi.com.tr\/index.php\/wp-json\/wp\/v2\/product"}],"about":[{"href":"https:\/\/roveyayinevi.com.tr\/index.php\/wp-json\/wp\/v2\/types\/product"}],"wp:attachment":[{"href":"https:\/\/roveyayinevi.com.tr\/index.php\/wp-json\/wp\/v2\/media?parent=767838"}],"wp:term":[{"taxonomy":"product_brand","embeddable":true,"href":"https:\/\/roveyayinevi.com.tr\/index.php\/wp-json\/wp\/v2\/product_brand?post=767838"},{"taxonomy":"product_cat","embeddable":true,"href":"https:\/\/roveyayinevi.com.tr\/index.php\/wp-json\/wp\/v2\/product_cat?post=767838"},{"taxonomy":"product_tag","embeddable":true,"href":"https:\/\/roveyayinevi.com.tr\/index.php\/wp-json\/wp\/v2\/product_tag?post=767838"}],"curies":[{"name":"wp","href":"https:\/\/api.w.org\/{rel}","templated":true}]}}