{"id":767837,"date":"2025-08-28T13:01:06","date_gmt":"2025-08-28T10:01:06","guid":{"rendered":"https:\/\/roveyayinevi.com.tr\/index.php\/urun\/burdur-ilinde-kulturel-turizmin-mekansal-oruntusu\/"},"modified":"2026-04-15T03:33:33","modified_gmt":"2026-04-15T00:33:33","slug":"burdur-ilinde-kulturel-turizmin-mekansal-oruntusu","status":"publish","type":"product","link":"https:\/\/roveyayinevi.com.tr\/index.php\/urun\/burdur-ilinde-kulturel-turizmin-mekansal-oruntusu\/","title":{"rendered":"Burdur \u0130linde K\u00fclt\u00fcrel Turizmin Mekansal \u00d6r\u00fcnt\u00fcs\u00fc"},"content":{"rendered":"<p>Antik D\u00f6nem&#8217;de Pisidia B\u00f6lgesi olarak adland\u0131r\u0131lan Burdur, Paleolitik \u00c7a\u011f&#8217;dan ba\u015flayarak arkeolojik verileri ile birlikte bir\u00e7ok tarihi yerle\u015fime ev sahipli\u011fi yapm\u0131\u015ft\u0131r. G\u00fcn\u00fcm\u00fczde k\u00fcresel \u00e7apta tan\u0131nan tarihi mek\u00e2nlar\u0131 ile dikkat \u00e7eken Burdur ili, Teke Y\u00f6resi K\u00fclt\u00fcr\u00fc&#8217;n\u00fcn \u00f6nemli merkezlerinden biri olup T\u00fcrk-\u0130slam D\u00f6nemi&#8217;ne ait somut ve somut olmayan k\u00fclt\u00fcrel de\u011ferler a\u00e7\u0131s\u0131ndan b\u00fcy\u00fck bir potansiyeli de bar\u0131nd\u0131rmaktad\u0131r.   Burdur \u0130linde K\u00fclt\u00fcrel Turizmin Mek\u00e2nsal \u00d6r\u00fcnt\u00fcs\u00fc, Burdur ilinin e\u015fsiz do\u011fal ve k\u00fclt\u00fcrel miras de\u011ferlerini g\u00fcncel durumlar\u0131yla kay\u0131t alt\u0131na almak ve bu e\u015fsiz miras unsurlar\u0131n\u0131 k\u00fclt\u00fcrel turizmle tan\u0131\u015ft\u0131rarak hem k\u0131rsal kalk\u0131nman\u0131n desteklenmesine hem de korunmas\u0131na katk\u0131 sa\u011flamak amac\u0131yla haz\u0131rlanm\u0131\u015ft\u0131r. Burdur ilinin bu k\u00fclt\u00fcrel zenginli\u011finden yola \u00e7\u0131k\u0131larak haz\u0131rlanan eserde k\u00fclt\u00fcr, k\u00fclt\u00fcrel turizm ve k\u00fclt\u00fcr rotas\u0131 kavramlar\u0131 k\u0131saca ele al\u0131nm\u0131\u015f olup d\u00fcnyada, \u00fclkemizde ve Burdur ilinde k\u00fclt\u00fcrel turizmin geli\u015fimine; b\u00f6lgenin fiziki, be\u015feri ve co\u011frafi \u00f6zelliklerinin turizm faaliyetlerine etkisine de ayr\u0131ca de\u011finilmi\u015ftir. Bununla beraber Burdur ilinde k\u00fclt\u00fcrel turizmin geli\u015fmesini te\u015fvik etmek amac\u0131yla ilin do\u011fal ve k\u00fclt\u00fcrel miras de\u011ferlerini kapsayan k\u00fclt\u00fcrel rota \u00f6nerilerine de eserde yer verilmi\u015ftir. <\/p>\n","protected":false},"excerpt":{"rendered":"<p>Antik D\u00f6nem&#8217;de Pisidia B\u00f6lgesi olarak adland\u0131r\u0131lan Burdur, Paleolitik \u00c7a\u011f&#8217;dan ba\u015flayarak arkeolojik verileri ile birlikte bir\u00e7ok tarihi yerle\u015fime ev sahipli\u011fi yapm\u0131\u015ft\u0131r. G\u00fcn\u00fcm\u00fczde k\u00fcresel \u00e7apta tan\u0131nan tarihi mek\u00e2nlar\u0131<span class=\"excerpt-hellip\"> [\u2026]<\/span><\/p>\n","protected":false},"featured_media":0,"template":"","meta":{"_monsterinsights_skip_tracking":false,"_monsterinsights_sitenote_active":false,"_monsterinsights_sitenote_note":"","_monsterinsights_sitenote_category":0},"product_brand":[],"product_cat":[74169],"product_tag":[],"class_list":{"0":"post-767837","1":"product","2":"type-product","3":"status-publish","5":"product_cat-cografya","6":"pa_cilt-ciltsiz","7":"pa_tur-kitap","8":"pa_yayinevi-aktif-yayinevi","9":"pa_yazar-ugur-tozkoparan","11":"first","12":"instock","13":"sale","14":"shipping-taxable","15":"purchasable","16":"product-type-simple"},"_links":{"self":[{"href":"https:\/\/roveyayinevi.com.tr\/index.php\/wp-json\/wp\/v2\/product\/767837","targetHints":{"allow":["GET"]}}],"collection":[{"href":"https:\/\/roveyayinevi.com.tr\/index.php\/wp-json\/wp\/v2\/product"}],"about":[{"href":"https:\/\/roveyayinevi.com.tr\/index.php\/wp-json\/wp\/v2\/types\/product"}],"wp:attachment":[{"href":"https:\/\/roveyayinevi.com.tr\/index.php\/wp-json\/wp\/v2\/media?parent=767837"}],"wp:term":[{"taxonomy":"product_brand","embeddable":true,"href":"https:\/\/roveyayinevi.com.tr\/index.php\/wp-json\/wp\/v2\/product_brand?post=767837"},{"taxonomy":"product_cat","embeddable":true,"href":"https:\/\/roveyayinevi.com.tr\/index.php\/wp-json\/wp\/v2\/product_cat?post=767837"},{"taxonomy":"product_tag","embeddable":true,"href":"https:\/\/roveyayinevi.com.tr\/index.php\/wp-json\/wp\/v2\/product_tag?post=767837"}],"curies":[{"name":"wp","href":"https:\/\/api.w.org\/{rel}","templated":true}]}}