{"id":767836,"date":"2025-08-28T13:01:04","date_gmt":"2025-08-28T10:01:04","guid":{"rendered":"https:\/\/roveyayinevi.com.tr\/index.php\/urun\/13387-numarali-temettuat-vergi-defterine-gore-19-yuzyilda-sizir\/"},"modified":"2026-04-15T03:33:33","modified_gmt":"2026-04-15T00:33:33","slug":"13387-numarali-temettuat-vergi-defterine-gore-19-yuzyilda-sizir","status":"publish","type":"product","link":"https:\/\/roveyayinevi.com.tr\/index.php\/urun\/13387-numarali-temettuat-vergi-defterine-gore-19-yuzyilda-sizir\/","title":{"rendered":"13387 Numaral\u0131 Temettuat (Vergi) Defterine G\u00f6re 19. Y\u00fczy\u0131lda S\u0131z\u0131r"},"content":{"rendered":"<p>\u0130nsanl\u0131k tarihi kadar eski olan vergi sistemi devletle\u015fme ile birlikte devletin kendinden beklenen g\u00f6revleri yerine getirebilmesi i\u00e7in zamanla \u00f6nem kazanm\u0131\u015ft\u0131r . Temettuat vergisi de bu grup vergi s\u0131n\u0131f\u0131na girmektedir. Osmanl\u0131 Devleti\u2019nin sosyo-ekonomik tarihi ara\u015ft\u0131rmalar\u0131nda \u00f6zellikle Temettuat Defterleri\u2019nin yeri \u00e7ok \u00f6nemlidir. S\u00f6z konusu bu defterler, Osmanl\u0131 toplumundaki hanelerin maddi imk\u00e2nlar\u0131n\u0131 hanenin sahip oldu\u011fu hayvan, arazi ve di\u011fer emtia \u00fczerinden devletin alaca\u011f\u0131 vergiyi tespit etmek amac\u0131yla tutulmu\u015ftur. Hane reislerinin ad\u0131n\u0131n baba ad\u0131yla, lakab\u0131yla veya s\u00fcl\u00e2le ad\u0131yla yaz\u0131ld\u0131\u011f\u0131, fiziki tasvir, ya\u015f ve \u00e7ocuklara dair herhangi bir kayd\u0131n olmad\u0131\u011f\u0131 bu defterler, olduk\u00e7a detayl\u0131 bilgiler i\u00e7erdiklerinden d\u00f6neminin sosyo-ekonomik yap\u0131s\u0131na \u0131\u015f\u0131k tutan \u00f6nemli kay\u0131tlar olarak g\u00f6r\u00fclmektedir . Kay\u0131tlar\u0131n tutuldu\u011fu yerle\u015fimdeki hane reislerinin adlar\u0131n\u0131, lakaplar\u0131n\u0131, ne i\u015fle me\u015fgul olduklar\u0131n\u0131, kazan\u00e7lar\u0131n\u0131 ve buna ba\u011fl\u0131 olarak \u00f6dedikleri vergi miktarlar\u0131n\u0131, dolay\u0131s\u0131yla bulunduklar\u0131 toplumda ki\u015filerin sosyal stat\u00fclerini bu kay\u0131tlar sayesinde tespit etmek m\u00fcmk\u00fcnd\u00fcr.   13387 Numaral\u0131 Temettuat (Vergi) Defterine G\u00f6re 19. Y\u00fczy\u0131lda S\u0131z\u0131r (Sosyo-Ekonomik Hayat) isimli bu esere konu olan \u00e7al\u0131\u015fma kapsam\u0131nda Yozgat Sanca\u011f\u0131 S\u0131z\u0131r Karyesi\u2019ne y\u00f6nelik olarak Ba\u015fbakanl\u0131k Osmanl\u0131 Ar\u015fivinde yer alan 13387 numaral\u0131 ve 36 sayfal\u0131k Temettuat Defterinin \u00f6ncelikle trankripsiyonu yap\u0131lm\u0131\u015f ve karyedeki sosyo-ekonomik yap\u0131ya ili\u015fkin ortaya \u00e7\u0131kan durum t\u00fcm y\u00f6nleriyle de\u011ferlendirilmi\u015ftir. Temettuat Defterlerinin \u00f6nemi ve bu konuda yap\u0131lan ilk \u00e7al\u0131\u015fmalarla ba\u015flayan eserde, Yozgat Sanca\u011f\u0131 i\u00e7erisinde S\u0131z\u0131r Karyesi\u2019nin yeri ve \u00f6nemi irdelenmi\u015f, defter kay\u0131tlar\u0131ndaki d\u00fczenleme s\u0131ras\u0131na g\u00f6re sosyo k\u00fclt\u00fcrel ve sosyo-ekonomik yap\u0131 tablolarla da desteklenerek karyenin sosyal ve iktisadi hayat\u0131 detayl\u0131ca incelenmi\u015ftir.<\/p>\n","protected":false},"excerpt":{"rendered":"<p>\u0130nsanl\u0131k tarihi kadar eski olan vergi sistemi devletle\u015fme ile birlikte devletin kendinden beklenen g\u00f6revleri yerine getirebilmesi i\u00e7in zamanla \u00f6nem kazanm\u0131\u015ft\u0131r . Temettuat vergisi de bu grup<span class=\"excerpt-hellip\"> [\u2026]<\/span><\/p>\n","protected":false},"featured_media":0,"template":"","meta":{"_monsterinsights_skip_tracking":false,"_monsterinsights_sitenote_active":false,"_monsterinsights_sitenote_note":"","_monsterinsights_sitenote_category":0},"product_brand":[],"product_cat":[12304],"product_tag":[],"class_list":{"0":"post-767836","1":"product","2":"type-product","3":"status-publish","5":"product_cat-tarih","6":"pa_cilt-ciltsiz","7":"pa_tur-kitap","8":"pa_yayinevi-aktif-yayinevi","9":"pa_yazar-belkis-doganay","11":"first","12":"instock","13":"sale","14":"shipping-taxable","15":"purchasable","16":"product-type-simple"},"_links":{"self":[{"href":"https:\/\/roveyayinevi.com.tr\/index.php\/wp-json\/wp\/v2\/product\/767836","targetHints":{"allow":["GET"]}}],"collection":[{"href":"https:\/\/roveyayinevi.com.tr\/index.php\/wp-json\/wp\/v2\/product"}],"about":[{"href":"https:\/\/roveyayinevi.com.tr\/index.php\/wp-json\/wp\/v2\/types\/product"}],"wp:attachment":[{"href":"https:\/\/roveyayinevi.com.tr\/index.php\/wp-json\/wp\/v2\/media?parent=767836"}],"wp:term":[{"taxonomy":"product_brand","embeddable":true,"href":"https:\/\/roveyayinevi.com.tr\/index.php\/wp-json\/wp\/v2\/product_brand?post=767836"},{"taxonomy":"product_cat","embeddable":true,"href":"https:\/\/roveyayinevi.com.tr\/index.php\/wp-json\/wp\/v2\/product_cat?post=767836"},{"taxonomy":"product_tag","embeddable":true,"href":"https:\/\/roveyayinevi.com.tr\/index.php\/wp-json\/wp\/v2\/product_tag?post=767836"}],"curies":[{"name":"wp","href":"https:\/\/api.w.org\/{rel}","templated":true}]}}