{"id":767830,"date":"2025-08-28T13:00:51","date_gmt":"2025-08-28T10:00:51","guid":{"rendered":"https:\/\/roveyayinevi.com.tr\/index.php\/urun\/bonbon-toplarini-ariyor-fenerli-ara-bul-kitabi-18-ay\/"},"modified":"2026-04-05T03:25:15","modified_gmt":"2026-04-05T00:25:15","slug":"bonbon-toplarini-ariyor-fenerli-ara-bul-kitabi-18-ay","status":"publish","type":"product","link":"https:\/\/roveyayinevi.com.tr\/index.php\/urun\/bonbon-toplarini-ariyor-fenerli-ara-bul-kitabi-18-ay\/","title":{"rendered":"Bonbon Toplar\u0131n\u0131 Ar\u0131yor &#8211; Fenerli Ara Bul Kitab\u0131 18 + Ay"},"content":{"rendered":"<p>Bonbon ormanda oynarken toplar\u0131n\u0131 kaybeder. Haydi, feneri kullanarak Bonbon\u2019a toplar\u0131n\u0131 bulmas\u0131 i\u00e7in yard\u0131m edelim. Bu kitapta minik okurlar say\u0131 sayma, renkleri \u00f6\u011frenme, g\u00f6rsel d\u00fc\u015f\u00fcnme, ili\u015fkisel d\u00fc\u015f\u00fcnme, dikkat ve alg\u0131 konusunda geli\u015fim g\u00f6sterirler. Psikolog onayl\u0131d\u0131r.<\/p>\n","protected":false},"excerpt":{"rendered":"<p>Bonbon ormanda oynarken toplar\u0131n\u0131 kaybeder. Haydi, feneri kullanarak Bonbon\u2019a toplar\u0131n\u0131 bulmas\u0131 i\u00e7in yard\u0131m edelim. Bu kitapta minik okurlar say\u0131 sayma, renkleri \u00f6\u011frenme, g\u00f6rsel d\u00fc\u015f\u00fcnme, ili\u015fkisel d\u00fc\u015f\u00fcnme,<span class=\"excerpt-hellip\"> [\u2026]<\/span><\/p>\n","protected":false},"featured_media":0,"template":"","meta":{"_monsterinsights_skip_tracking":false,"_monsterinsights_sitenote_active":false,"_monsterinsights_sitenote_note":"","_monsterinsights_sitenote_category":0},"product_brand":[],"product_cat":[12274,12284],"product_tag":[],"class_list":{"0":"post-767830","1":"product","2":"type-product","3":"status-publish","5":"product_cat-cocuk-ve-genclik-kitaplari","6":"product_cat-hikayeler","7":"pa_cilt-ciltsiz","8":"pa_tur-kitap","9":"pa_yayinevi-cikolata-yayinevi","10":"pa_yazar-meltem-erincmen-kanoglu","12":"first","13":"instock","14":"sale","15":"shipping-taxable","16":"purchasable","17":"product-type-simple"},"_links":{"self":[{"href":"https:\/\/roveyayinevi.com.tr\/index.php\/wp-json\/wp\/v2\/product\/767830","targetHints":{"allow":["GET"]}}],"collection":[{"href":"https:\/\/roveyayinevi.com.tr\/index.php\/wp-json\/wp\/v2\/product"}],"about":[{"href":"https:\/\/roveyayinevi.com.tr\/index.php\/wp-json\/wp\/v2\/types\/product"}],"wp:attachment":[{"href":"https:\/\/roveyayinevi.com.tr\/index.php\/wp-json\/wp\/v2\/media?parent=767830"}],"wp:term":[{"taxonomy":"product_brand","embeddable":true,"href":"https:\/\/roveyayinevi.com.tr\/index.php\/wp-json\/wp\/v2\/product_brand?post=767830"},{"taxonomy":"product_cat","embeddable":true,"href":"https:\/\/roveyayinevi.com.tr\/index.php\/wp-json\/wp\/v2\/product_cat?post=767830"},{"taxonomy":"product_tag","embeddable":true,"href":"https:\/\/roveyayinevi.com.tr\/index.php\/wp-json\/wp\/v2\/product_tag?post=767830"}],"curies":[{"name":"wp","href":"https:\/\/api.w.org\/{rel}","templated":true}]}}