{"id":767828,"date":"2025-08-28T13:00:39","date_gmt":"2025-08-28T10:00:39","guid":{"rendered":"https:\/\/roveyayinevi.com.tr\/index.php\/urun\/degisim-8\/"},"modified":"2026-04-08T03:30:12","modified_gmt":"2026-04-08T00:30:12","slug":"degisim-8","status":"publish","type":"product","link":"https:\/\/roveyayinevi.com.tr\/index.php\/urun\/degisim-8\/","title":{"rendered":"De\u011fi\u015fim"},"content":{"rendered":"<p>\u201cBiraz olsun huzur bulamayacak m\u0131yd\u0131n\u0131z, duru ve taptaze bir a\u015fk\u0131n i\u00e7tenli\u011fiyle tazelenemeyecek miydiniz? Korundu\u011funu d\u00fc\u015f\u00fcnd\u00fc\u011f\u00fcn\u00fcz bu par\u00e7an\u0131z\u0131 da daha \u015fimdiden kemirmeye mi ba\u015fl\u0131yordu ihtiyarl\u0131k?\u201d Orta ya\u015fl\u0131 bir adam olan L\u00e9on Delmont, Roma\u2019daki sevgilisi C\u00e9cile\u2019e s\u00fcrpriz yapmak ve ona kar\u0131s\u0131ndan ayr\u0131lmaya karar verdi\u011fini s\u00f6ylemek \u00fczere Paris\u2019ten trene biner. Ne var ki tren yolculu\u011fu boyunca yakas\u0131n\u0131 b\u0131rakmayan an\u0131lar, aniden beliriveren hayaller, teredd\u00fctler ve i\u00e7 hesapla\u015fmalar\u0131n girdab\u0131nda, L\u00e9on Delmont sonunda makas de\u011fi\u015ftirecek, beklenmedik bir karar alacakt\u0131r.   Ana kahraman\u0131n\u0131n fiziksel yolculu\u011fu kadar ruhsal yolculu\u011funu da konu edinen De\u011fi\u015fim, s\u0131rad\u0131\u015f\u0131 anlat\u0131m tekni\u011fi ve ikinci \u015fah\u0131s kipinde ilerleyen hik\u00e2yesiyle, Fransa\u2019da 1950\u2019lere damgas\u0131n\u0131 vuran Yeni Roman ak\u0131m\u0131n\u0131n \u00f6nde gelen eserleri aras\u0131nda yer al\u0131yor. Michel Butor\u2019un 1957\u2019de Renaudot \u00d6d\u00fcl\u00fc alan bu roman\u0131n\u0131, s\u00fcrrealist yazar Michel Leiris\u2019in incelemesiyle birlikte sunuyoruz.   \u2026soluk solu\u011fa size el sallayan C\u00e9cile\u2019i seyredeceksiniz, tren istasyondan ayr\u0131l\u0131rken b\u00fcy\u00fcyen mesafeyle gitgide ufalacak, sonra rahats\u0131z gece yolculu\u011fu i\u00e7in yerinize oturacaks\u0131n\u0131z, bu kez kitap da okuyamayacaks\u0131n\u0131z \u00e7\u00fcnk\u00fc akl\u0131n\u0131z fikriniz C\u00e9cile\u2019de olacak, hatta o kadar ki, kompart\u0131man\u0131n\u0131zdaki di\u011fer yolcular ve Roma Tuscolana, Roma Ostiense, Roma Trastevere banliy\u00f6 istasyonlar\u0131ndaki peronlarda tren bekleyen herkes size onun g\u00f6zleriyle bak\u0131p, onun dudaklar\u0131yla g\u00fcl\u00fcmseyecek.<\/p>\n","protected":false},"excerpt":{"rendered":"<p>\u201cBiraz olsun huzur bulamayacak m\u0131yd\u0131n\u0131z, duru ve taptaze bir a\u015fk\u0131n i\u00e7tenli\u011fiyle tazelenemeyecek miydiniz? Korundu\u011funu d\u00fc\u015f\u00fcnd\u00fc\u011f\u00fcn\u00fcz bu par\u00e7an\u0131z\u0131 da daha \u015fimdiden kemirmeye mi ba\u015fl\u0131yordu ihtiyarl\u0131k?\u201d Orta ya\u015fl\u0131<span class=\"excerpt-hellip\"> [\u2026]<\/span><\/p>\n","protected":false},"featured_media":0,"template":"","meta":{"_monsterinsights_skip_tracking":false,"_monsterinsights_sitenote_active":false,"_monsterinsights_sitenote_note":"","_monsterinsights_sitenote_category":0},"product_brand":[],"product_cat":[12291,12711],"product_tag":[],"class_list":{"0":"post-767828","1":"product","2":"type-product","3":"status-publish","5":"product_cat-edebiyat","6":"product_cat-roman-oyku","7":"pa_cilt-ciltsiz","8":"pa_tur-kitap","9":"pa_yayinevi-everest-yayinlari","10":"pa_yazar-michel-butor","12":"first","13":"instock","14":"sale","15":"shipping-taxable","16":"purchasable","17":"product-type-simple"},"_links":{"self":[{"href":"https:\/\/roveyayinevi.com.tr\/index.php\/wp-json\/wp\/v2\/product\/767828","targetHints":{"allow":["GET"]}}],"collection":[{"href":"https:\/\/roveyayinevi.com.tr\/index.php\/wp-json\/wp\/v2\/product"}],"about":[{"href":"https:\/\/roveyayinevi.com.tr\/index.php\/wp-json\/wp\/v2\/types\/product"}],"wp:attachment":[{"href":"https:\/\/roveyayinevi.com.tr\/index.php\/wp-json\/wp\/v2\/media?parent=767828"}],"wp:term":[{"taxonomy":"product_brand","embeddable":true,"href":"https:\/\/roveyayinevi.com.tr\/index.php\/wp-json\/wp\/v2\/product_brand?post=767828"},{"taxonomy":"product_cat","embeddable":true,"href":"https:\/\/roveyayinevi.com.tr\/index.php\/wp-json\/wp\/v2\/product_cat?post=767828"},{"taxonomy":"product_tag","embeddable":true,"href":"https:\/\/roveyayinevi.com.tr\/index.php\/wp-json\/wp\/v2\/product_tag?post=767828"}],"curies":[{"name":"wp","href":"https:\/\/api.w.org\/{rel}","templated":true}]}}