{"id":767826,"date":"2025-08-28T13:00:35","date_gmt":"2025-08-28T10:00:35","guid":{"rendered":"https:\/\/roveyayinevi.com.tr\/index.php\/urun\/filistini-gorme-bicimleri\/"},"modified":"2026-04-15T03:33:33","modified_gmt":"2026-04-15T00:33:33","slug":"filistini-gorme-bicimleri","status":"publish","type":"product","link":"https:\/\/roveyayinevi.com.tr\/index.php\/urun\/filistini-gorme-bicimleri\/","title":{"rendered":"Filistin\u2019i G\u00f6rme Bi\u00e7imleri"},"content":{"rendered":"<p>Filistinliler, 1948\u2019den bug\u00fcne imgeler, na\u011fmeler, \u00e7izgiler ve kanavi\u00e7e desenleriyle ac\u0131lar\u0131n\u0131 dile d\u00f6k\u00fcyorlar. 76 y\u0131ld\u0131r s\u00fcren i\u015fgali g\u00f6rmezden   gelmeden, ac\u0131y\u0131 estetize etmeden, \u00f6l\u00fcm\u00fc y\u00fcceltmeden, s\u0131radanla\u015ft\u0131rmadan; ger\u00e7e\u011fin \u00fcst\u00fcn\u00fc efsanelerle \u00f6rtmeden, Filistinli yazar ve sanat\u00e7\u0131lar\u0131n seslerine kulak veriyor, s\u00f6ylediklerini anlamaya \u00e7abal\u0131yor ve eserlerini \u201cg\u00f6rebiliyor\u201d muyuz?   Tarihte ilk kez bir i\u015fgali ve soyk\u0131r\u0131m\u0131, buna maruz kalanlar\u0131n do\u011frudan aktar\u0131m\u0131 sayesinde ayr\u0131nt\u0131lar\u0131yla biliyoruz art\u0131k; ama bu bir ayr\u0131cal\u0131k de\u011fil, daha \u00e7ok bir ceza gibi&#8230; Bir y\u0131ld\u0131r dozu azalmayan bir zulme seyirci kalman\u0131n \u00e7aresizli\u011fi i\u00e7inde bize d\u00fc\u015fen, tan\u0131kl\u0131\u011f\u0131m\u0131z\u0131 kay\u0131t alt\u0131na almak ve Filistin\u2019in hik\u00e2yesini \u00e7o\u011faltmak. Meseleye ele\u015ftirel bir bak\u0131\u015f a\u00e7\u0131s\u0131yla yakla\u015fan bu se\u00e7ki, Filistin edebiyat\u0131 ve sinemas\u0131n\u0131n yan\u0131 s\u0131ra sanat olaylar\u0131, Filistin\u2019in g\u00f6rsel haf\u0131zas\u0131 ve k\u00fclt\u00fcrel miras\u0131 \u00fczerine metinler ve r\u00f6portajlar\u0131 bir araya getiriyor. Kitapta 21 yazar\u0131n kaleminden \u00e7\u0131kan 23 yaz\u0131 ve 3 r\u00f6portaj yer al\u0131yor. Filistin\u2019i G\u00f6rme Bi\u00e7imleri, T\u00fcrk\u00e7ede Filistin meselesini sanat\u0131n ve k\u00fclt\u00fcr\u00fcn farkl\u0131 alanlar\u0131 dolay\u0131m\u0131ndan ele alan ilk \u00e7al\u0131\u015fmad\u0131r.<\/p>\n","protected":false},"excerpt":{"rendered":"<p>Filistinliler, 1948\u2019den bug\u00fcne imgeler, na\u011fmeler, \u00e7izgiler ve kanavi\u00e7e desenleriyle ac\u0131lar\u0131n\u0131 dile d\u00f6k\u00fcyorlar. 76 y\u0131ld\u0131r s\u00fcren i\u015fgali g\u00f6rmezden gelmeden, ac\u0131y\u0131 estetize etmeden, \u00f6l\u00fcm\u00fc y\u00fcceltmeden, s\u0131radanla\u015ft\u0131rmadan; ger\u00e7e\u011fin \u00fcst\u00fcn\u00fc<span class=\"excerpt-hellip\"> [\u2026]<\/span><\/p>\n","protected":false},"featured_media":0,"template":"","meta":{"_monsterinsights_skip_tracking":false,"_monsterinsights_sitenote_active":false,"_monsterinsights_sitenote_note":"","_monsterinsights_sitenote_category":0},"product_brand":[],"product_cat":[12777,12291],"product_tag":[],"class_list":{"0":"post-767826","1":"product","2":"type-product","3":"status-publish","5":"product_cat-deneme","6":"product_cat-edebiyat","7":"pa_cilt-ciltsiz","8":"pa_tur-kitap","9":"pa_yayinevi-everest-yayinlari","10":"pa_yazar-neslihan-demirci","12":"first","13":"instock","14":"sale","15":"shipping-taxable","16":"purchasable","17":"product-type-simple"},"_links":{"self":[{"href":"https:\/\/roveyayinevi.com.tr\/index.php\/wp-json\/wp\/v2\/product\/767826","targetHints":{"allow":["GET"]}}],"collection":[{"href":"https:\/\/roveyayinevi.com.tr\/index.php\/wp-json\/wp\/v2\/product"}],"about":[{"href":"https:\/\/roveyayinevi.com.tr\/index.php\/wp-json\/wp\/v2\/types\/product"}],"wp:attachment":[{"href":"https:\/\/roveyayinevi.com.tr\/index.php\/wp-json\/wp\/v2\/media?parent=767826"}],"wp:term":[{"taxonomy":"product_brand","embeddable":true,"href":"https:\/\/roveyayinevi.com.tr\/index.php\/wp-json\/wp\/v2\/product_brand?post=767826"},{"taxonomy":"product_cat","embeddable":true,"href":"https:\/\/roveyayinevi.com.tr\/index.php\/wp-json\/wp\/v2\/product_cat?post=767826"},{"taxonomy":"product_tag","embeddable":true,"href":"https:\/\/roveyayinevi.com.tr\/index.php\/wp-json\/wp\/v2\/product_tag?post=767826"}],"curies":[{"name":"wp","href":"https:\/\/api.w.org\/{rel}","templated":true}]}}