{"id":767821,"date":"2025-08-28T13:00:24","date_gmt":"2025-08-28T10:00:24","guid":{"rendered":"https:\/\/roveyayinevi.com.tr\/index.php\/urun\/diyarbakir-kanadikca-istanbul-bogulur\/"},"modified":"2026-01-29T04:04:33","modified_gmt":"2026-01-29T01:04:33","slug":"diyarbakir-kanadikca-istanbul-bogulur","status":"publish","type":"product","link":"https:\/\/roveyayinevi.com.tr\/index.php\/urun\/diyarbakir-kanadikca-istanbul-bogulur\/","title":{"rendered":"Diyarbak\u0131r Kanad\u0131k\u00e7a \u0130stanbul Bo\u011fulur"},"content":{"rendered":"<p>Serhat gen\u00e7 ve i\u015fsiz bir arkeologdur. \u00dcniversite i\u00e7in geldi\u011fi \u0130stanbul\u2019da mezun olduktan sonra da tutunmaya \u00e7al\u0131\u015f\u0131r. Bir\u00e7ok farkl\u0131 i\u015fe girer \u00e7\u0131kar. \u00d6\u011fretmen olan sevgilisi Elif tam bir \u0130stanbul \u00e2\u015f\u0131\u011f\u0131d\u0131r. Bir kitabevinde \u00e7al\u0131\u015f\u0131rken, kendisi gibi arkeoloji mezunu ama meslek haklar\u0131 elinden al\u0131nm\u0131\u015f Neslihan \u00f6\u011fretmenle tan\u0131\u015fmak, Serhat\u2019a olduk\u00e7a iyi gelir. Fakat Elif\u2019te i\u015fler sarpa sarm\u0131\u015ft\u0131r ve gen\u00e7 kad\u0131n yurt d\u0131\u015f\u0131na \u00e7\u0131kmakta bulur \u00e7\u00f6z\u00fcm\u00fc. Neslihan\u2019\u0131n y\u00f6nlendirmesiyle haftal\u0131k bir dergide arkeoloji yaz\u0131lar\u0131 yazmaya ba\u015flar. Neslihan, Serhat\u2019\u0131 da kataca\u011f\u0131 yeni bir \u00e7al\u0131\u015fma organize eder: Serbest Saatler At\u00f6lyesi! Serhat, sular alt\u0131nda kalacak Hasankeyf\u2019i yazmak \u00fczere o b\u00f6lgeye gider. Elaz\u0131\u011f, Diyarbak\u0131r, Batman, Siirt, Mardin, Lice, Hasankeyf; b\u00f6lgedeki \u00e7ok say\u0131da mahalle, semt, kentle tan\u0131\u015f\u0131r. Tan\u0131kl\u0131klar, hik\u00e2yeler biriktirir. \u0130stanbul\u2019a \u00e7ok farkl\u0131 duygu ve d\u00fc\u015f\u00fcnceler i\u00e7inde d\u00f6ner. D\u00f6nd\u00fc\u011f\u00fc kent, onun g\u00f6z\u00fcnde \u201cbo\u011fulmakta olan bir \u0130stanbul\u201cdur art\u0131k ve bu hal, bir\u00e7ok kentin kana bulanmas\u0131yla ba\u011flant\u0131l\u0131d\u0131r. O kentler kanad\u0131k\u00e7a, \u0130stanbul biraz daha bo\u011fulmaktad\u0131r. Romanda ge\u00e7en olaylar\u0131n toplam\u0131ndan ortaya \u00e7\u0131kan, T\u00fcrkiye tarihinde \u00f6nemli bir d\u00f6nemin b\u00fcy\u00fck foto\u011fraf\u0131d\u0131r. <\/p>\n","protected":false},"excerpt":{"rendered":"<p>Serhat gen\u00e7 ve i\u015fsiz bir arkeologdur. \u00dcniversite i\u00e7in geldi\u011fi \u0130stanbul\u2019da mezun olduktan sonra da tutunmaya \u00e7al\u0131\u015f\u0131r. Bir\u00e7ok farkl\u0131 i\u015fe girer \u00e7\u0131kar. \u00d6\u011fretmen olan sevgilisi Elif tam<span class=\"excerpt-hellip\"> [\u2026]<\/span><\/p>\n","protected":false},"featured_media":0,"template":"","meta":{"_monsterinsights_skip_tracking":false,"_monsterinsights_sitenote_active":false,"_monsterinsights_sitenote_note":"","_monsterinsights_sitenote_category":0},"product_brand":[],"product_cat":[12291,12711],"product_tag":[],"class_list":{"0":"post-767821","1":"product","2":"type-product","3":"status-publish","5":"product_cat-edebiyat","6":"product_cat-roman-oyku","7":"pa_cilt-ciltsiz","8":"pa_tur-kitap","9":"pa_yayinevi-utopya-yayinevi","10":"pa_yazar-huseyin-a-simsek","12":"first","13":"instock","14":"sale","15":"shipping-taxable","16":"purchasable","17":"product-type-simple"},"_links":{"self":[{"href":"https:\/\/roveyayinevi.com.tr\/index.php\/wp-json\/wp\/v2\/product\/767821","targetHints":{"allow":["GET"]}}],"collection":[{"href":"https:\/\/roveyayinevi.com.tr\/index.php\/wp-json\/wp\/v2\/product"}],"about":[{"href":"https:\/\/roveyayinevi.com.tr\/index.php\/wp-json\/wp\/v2\/types\/product"}],"wp:attachment":[{"href":"https:\/\/roveyayinevi.com.tr\/index.php\/wp-json\/wp\/v2\/media?parent=767821"}],"wp:term":[{"taxonomy":"product_brand","embeddable":true,"href":"https:\/\/roveyayinevi.com.tr\/index.php\/wp-json\/wp\/v2\/product_brand?post=767821"},{"taxonomy":"product_cat","embeddable":true,"href":"https:\/\/roveyayinevi.com.tr\/index.php\/wp-json\/wp\/v2\/product_cat?post=767821"},{"taxonomy":"product_tag","embeddable":true,"href":"https:\/\/roveyayinevi.com.tr\/index.php\/wp-json\/wp\/v2\/product_tag?post=767821"}],"curies":[{"name":"wp","href":"https:\/\/api.w.org\/{rel}","templated":true}]}}