{"id":767817,"date":"2025-08-28T13:00:16","date_gmt":"2025-08-28T10:00:16","guid":{"rendered":"https:\/\/roveyayinevi.com.tr\/index.php\/urun\/matematik-ciltli\/"},"modified":"2026-04-15T03:33:33","modified_gmt":"2026-04-15T00:33:33","slug":"matematik-ciltli","status":"publish","type":"product","link":"https:\/\/roveyayinevi.com.tr\/index.php\/urun\/matematik-ciltli\/","title":{"rendered":"Matematik (Ciltli)"},"content":{"rendered":"<p>Matematik t\u00fcm \u00e7evremizde. Fakat matematik\u00e7iler i\u00e7in t\u00fcm evreni temsil ederken, bir\u00e7o\u011fumuz i\u00e7in kara tahtadaki denklemler bi\u00e7iminde de, ay sonunda bir t\u00fcrl\u00fc toplam\u0131n\u0131 bulamad\u0131\u011f\u0131n\u0131z faturalar bi\u00e7iminde de olsa g\u00f6z korkutan bir konu. Ama b\u00f6yle olmas\u0131 gerekmiyor: Matemati\u011fin dili ve ifade etti\u011fi d\u00fc\u015f\u00fcnceler ba\u015fl\u0131ba\u015f\u0131na bir g\u00fczellik olabilir. Matematik: Cebirden Algoritmalara Say\u0131lar\u0131n Aras\u0131nda Maceralar, s\u0131radan bir matematik kitab\u0131 de\u011fil. Okuru bir yandan matemati\u011fin tarihinde bir geziye \u00e7\u0131kararak yolda t\u00fcm d\u00fcnyadan b\u00fcy\u00fcleyici ki\u015filikler ve fikirlerle tan\u0131\u015ft\u0131r\u0131yor; bir yandan da matemati\u011fin en temel konular\u0131n\u0131 ders kitaplar\u0131ndan farkl\u0131 bir dille anlatarak okul \u00e7a\u011f\u0131ndan beri ba\u015f\u0131 matematikle ho\u015f olmam\u0131\u015f herkese bamba\u015fka bir i\u00e7g\u00f6r\u00fc kazand\u0131r\u0131yor. Her konuda zengin g\u00f6rsellere k\u00fc\u00e7\u00fck egzersizler, d\u00fc\u015f\u00fcnce deneyleri ve okurun kendini deneyebilece\u011fi problemler e\u015flik ediyor. Michael Wellers\u2019\u0131n kaleme ald\u0131\u011f\u0131 Matematik: Cebirden Algoritmalara Say\u0131lar\u0131n Aras\u0131nda Maceralar matemati\u011fin gizemlerini ve tarih boyunca geli\u015fimini bamba\u015fka bir yakla\u015f\u0131mla tan\u0131t\u0131yor. \u0130\u00e7indekiler Cebir: Bir Giri\u015f Cebir Temelleri Antik Yunan M\u0131s\u0131r, Hindistan ve Persler \u0130talyan Ba\u011flant\u0131s\u0131 R\u00f6nesans Sonras\u0131 Avrupa Para ve \u00d6zel Hayat Dizin<\/p>\n","protected":false},"excerpt":{"rendered":"<p>Matematik t\u00fcm \u00e7evremizde. Fakat matematik\u00e7iler i\u00e7in t\u00fcm evreni temsil ederken, bir\u00e7o\u011fumuz i\u00e7in kara tahtadaki denklemler bi\u00e7iminde de, ay sonunda bir t\u00fcrl\u00fc toplam\u0131n\u0131 bulamad\u0131\u011f\u0131n\u0131z faturalar bi\u00e7iminde de<span class=\"excerpt-hellip\"> [\u2026]<\/span><\/p>\n","protected":false},"featured_media":0,"template":"","meta":{"_monsterinsights_skip_tracking":false,"_monsterinsights_sitenote_active":false,"_monsterinsights_sitenote_note":"","_monsterinsights_sitenote_category":0},"product_brand":[],"product_cat":[13005,13006],"product_tag":[],"class_list":{"0":"post-767817","1":"product","2":"type-product","3":"status-publish","5":"product_cat-bilim-muhendislik","6":"product_cat-populer-bilim","7":"pa_cilt-ciltli","8":"pa_tur-kitap","9":"pa_yayinevi-literatur-yayinevi","10":"pa_yazar-michael-willers","12":"first","13":"instock","14":"sale","15":"shipping-taxable","16":"purchasable","17":"product-type-simple"},"_links":{"self":[{"href":"https:\/\/roveyayinevi.com.tr\/index.php\/wp-json\/wp\/v2\/product\/767817","targetHints":{"allow":["GET"]}}],"collection":[{"href":"https:\/\/roveyayinevi.com.tr\/index.php\/wp-json\/wp\/v2\/product"}],"about":[{"href":"https:\/\/roveyayinevi.com.tr\/index.php\/wp-json\/wp\/v2\/types\/product"}],"wp:attachment":[{"href":"https:\/\/roveyayinevi.com.tr\/index.php\/wp-json\/wp\/v2\/media?parent=767817"}],"wp:term":[{"taxonomy":"product_brand","embeddable":true,"href":"https:\/\/roveyayinevi.com.tr\/index.php\/wp-json\/wp\/v2\/product_brand?post=767817"},{"taxonomy":"product_cat","embeddable":true,"href":"https:\/\/roveyayinevi.com.tr\/index.php\/wp-json\/wp\/v2\/product_cat?post=767817"},{"taxonomy":"product_tag","embeddable":true,"href":"https:\/\/roveyayinevi.com.tr\/index.php\/wp-json\/wp\/v2\/product_tag?post=767817"}],"curies":[{"name":"wp","href":"https:\/\/api.w.org\/{rel}","templated":true}]}}