{"id":767816,"date":"2025-08-28T13:00:15","date_gmt":"2025-08-28T10:00:15","guid":{"rendered":"https:\/\/roveyayinevi.com.tr\/index.php\/urun\/antroposen-alegorileri\/"},"modified":"2026-04-15T03:33:33","modified_gmt":"2026-04-15T00:33:33","slug":"antroposen-alegorileri","status":"publish","type":"product","link":"https:\/\/roveyayinevi.com.tr\/index.php\/urun\/antroposen-alegorileri\/","title":{"rendered":"Antroposen Alegorileri"},"content":{"rendered":"<p>\u0130nsanl\u0131\u011f\u0131n kendi eserlerinin enkaz\u0131 alt\u0131nda ya\u015famaya mahk\u00fbm oldu\u011fu bu \u00e7a\u011fda, Elizabeth M. DeLoughrey i\u00e7erisinde bulundu\u011fumuz k\u00fcresel krizin k\u00f6klerini s\u00f6m\u00fcrge topraklar\u0131n\u0131n ge\u00e7mi\u015finde ar\u0131yor. Antroposen \u00e7a\u011f\u0131n\u0131n karakteristi\u011fini y\u00fckselen deniz seviyelerinden n\u00fckleer radyasyona, y\u0131\u011f\u0131larak biriken at\u0131klardan t\u00fcrlerin yok olu\u015funa dek uzanan geni\u015f bir yelpazede tarif eden Antroposen Alegorileri; yerli ve postkolonyal halklar\u0131n s\u00f6m\u00fcrgecilik ve insan kaynakl\u0131 iklim de\u011fi\u015fiminin etkileriyle nas\u0131l edebiyat arac\u0131l\u0131\u011f\u0131yla m\u00fccadele etti\u011finin izini s\u00fcr\u00fcyor ve postkolonyal adaletsizliklerin g\u00fcn\u00fcm\u00fcz\u00fcn \u00e7evresel felaketleriyle nas\u0131l i\u00e7 i\u00e7e ge\u00e7ti\u011fini, y\u0131k\u0131m\u0131n esteti\u011fi ve anlat\u0131 bi\u00e7imleri \u00fczerinden \u00e7arp\u0131c\u0131 bir bi\u00e7imde g\u00f6zler \u00f6n\u00fcne seriyor. Yerel deneyimlerle k\u00fcresel sistemler aras\u0131ndaki u\u00e7urumlar\u0131 \u201calegori\u201d kavram\u0131 \u00fczerinden kurdu\u011fu k\u00f6pr\u00fclerle ge\u00e7meye \u00e7al\u0131\u015fan yazar, gezegenimizin \u00e7ok katmanl\u0131 ve karanl\u0131k tarihinin dehlizlerinde bir umut \u0131\u015f\u0131\u011f\u0131 bulmaya \u00e7al\u0131\u015f\u0131yor. <\/p>\n","protected":false},"excerpt":{"rendered":"<p>\u0130nsanl\u0131\u011f\u0131n kendi eserlerinin enkaz\u0131 alt\u0131nda ya\u015famaya mahk\u00fbm oldu\u011fu bu \u00e7a\u011fda, Elizabeth M. DeLoughrey i\u00e7erisinde bulundu\u011fumuz k\u00fcresel krizin k\u00f6klerini s\u00f6m\u00fcrge topraklar\u0131n\u0131n ge\u00e7mi\u015finde ar\u0131yor. Antroposen \u00e7a\u011f\u0131n\u0131n karakteristi\u011fini y\u00fckselen<span class=\"excerpt-hellip\"> [\u2026]<\/span><\/p>\n","protected":false},"featured_media":0,"template":"","meta":{"_monsterinsights_skip_tracking":false,"_monsterinsights_sitenote_active":false,"_monsterinsights_sitenote_note":"","_monsterinsights_sitenote_category":0},"product_brand":[],"product_cat":[12388],"product_tag":[],"class_list":{"0":"post-767816","1":"product","2":"type-product","3":"status-publish","5":"product_cat-felsefe","6":"pa_cilt-ciltsiz","7":"pa_tur-kitap","8":"pa_yayinevi-livera-yayinevi","9":"pa_yazar-elizabeth-m-deloughrey","11":"first","12":"instock","13":"sale","14":"shipping-taxable","15":"purchasable","16":"product-type-simple"},"_links":{"self":[{"href":"https:\/\/roveyayinevi.com.tr\/index.php\/wp-json\/wp\/v2\/product\/767816","targetHints":{"allow":["GET"]}}],"collection":[{"href":"https:\/\/roveyayinevi.com.tr\/index.php\/wp-json\/wp\/v2\/product"}],"about":[{"href":"https:\/\/roveyayinevi.com.tr\/index.php\/wp-json\/wp\/v2\/types\/product"}],"wp:attachment":[{"href":"https:\/\/roveyayinevi.com.tr\/index.php\/wp-json\/wp\/v2\/media?parent=767816"}],"wp:term":[{"taxonomy":"product_brand","embeddable":true,"href":"https:\/\/roveyayinevi.com.tr\/index.php\/wp-json\/wp\/v2\/product_brand?post=767816"},{"taxonomy":"product_cat","embeddable":true,"href":"https:\/\/roveyayinevi.com.tr\/index.php\/wp-json\/wp\/v2\/product_cat?post=767816"},{"taxonomy":"product_tag","embeddable":true,"href":"https:\/\/roveyayinevi.com.tr\/index.php\/wp-json\/wp\/v2\/product_tag?post=767816"}],"curies":[{"name":"wp","href":"https:\/\/api.w.org\/{rel}","templated":true}]}}