{"id":767815,"date":"2025-08-28T13:00:14","date_gmt":"2025-08-28T10:00:14","guid":{"rendered":"https:\/\/roveyayinevi.com.tr\/index.php\/urun\/kaldirilmasinin-100-yilinda-halifelik\/"},"modified":"2026-04-15T03:33:33","modified_gmt":"2026-04-15T00:33:33","slug":"kaldirilmasinin-100-yilinda-halifelik","status":"publish","type":"product","link":"https:\/\/roveyayinevi.com.tr\/index.php\/urun\/kaldirilmasinin-100-yilinda-halifelik\/","title":{"rendered":"Kald\u0131r\u0131lmas\u0131n\u0131n 100.Y\u0131l\u0131nda Halifelik"},"content":{"rendered":"<p>Osmanl\u0131 siyasal sisteminin en belirgin \u00f6zelli\u011fi ku\u015fkusuz Saltanat ve Hilafet kurumlar\u0131d\u0131r. \u00c7a\u011fda\u015f devlet sistemine ge\u00e7i\u015fte bu kurumlar\u0131n yerinin olamayaca\u011f\u0131 ger\u00e7e\u011finin yeterince alg\u0131lanamad\u0131\u011f\u0131, hatta siyasal beklentiler u\u011fruna devrim yasalar\u0131n\u0131n yanl\u0131\u015f yorumland\u0131\u011f\u0131 g\u00f6r\u00fclebilmektedir. Halifeli\u011fin kald\u0131r\u0131lmas\u0131n\u0131 konu alan elinizdeki kitap, T\u00fcrkiye ve d\u00fcnya tarihinin bu \u00f6nemli olay\u0131n\u0131n y\u00fcz\u00fcnc\u00fc y\u0131l\u0131 dolay\u0131s\u0131yla yay\u0131mland\u0131. Y\u00fcz y\u0131l \u00f6nce kurulan T\u00fcrkiye Cumhuriyeti\u2019nin B\u00fcy\u00fck Millet Meclisi\u2019nde 3 Mart 1924\u2019te kabul edilen devrim yasalar\u0131yla tarih sayfalar\u0131na g\u00f6m\u00fclen bu kurumun canland\u0131r\u0131lmas\u0131n\u0131n son y\u0131llarda \u00fclkemizde dile getirilir olmas\u0131, Halifeli\u011fin niteli\u011fine ili\u015fkin bilgi eksikli\u011finden kaynaklan\u0131r. Halifeli\u011fin kald\u0131r\u0131lmas\u0131yla T\u00fcrk Devrimi\u2019nin en \u00f6nemli ad\u0131mlar\u0131ndan biri at\u0131lm\u0131\u015ft\u0131r. G\u00fcn\u00fcm\u00fczde ise bu at\u0131l\u0131m\u0131n tarihsel ge\u00e7mi\u015fi bilinmeksizin yap\u0131lan yorumlar, toplumu, olay ve olgular\u0131 de\u011ferlendirmede sa\u011fl\u0131kl\u0131 sonu\u00e7lara g\u00f6t\u00fcrmemektedir. Halifeli\u011fin kimli\u011fi, tarihsel ge\u00e7mi\u015fi, Osmanl\u0131 Devleti\u2019ndeki durumunu da \u00f6zetleyen elinizdeki kitap, bu kurumun laik T\u00fcrkiye Cumhuriyeti\u2019nde yersizli\u011finin anla\u015f\u0131larak kald\u0131r\u0131lmas\u0131na kadarki d\u00f6nemi de \u00f6zetleyen bir ba\u015fvuru kayna\u011f\u0131 niteli\u011finde\u2026 <\/p>\n","protected":false},"excerpt":{"rendered":"<p>Osmanl\u0131 siyasal sisteminin en belirgin \u00f6zelli\u011fi ku\u015fkusuz Saltanat ve Hilafet kurumlar\u0131d\u0131r. \u00c7a\u011fda\u015f devlet sistemine ge\u00e7i\u015fte bu kurumlar\u0131n yerinin olamayaca\u011f\u0131 ger\u00e7e\u011finin yeterince alg\u0131lanamad\u0131\u011f\u0131, hatta siyasal beklentiler u\u011fruna<span class=\"excerpt-hellip\"> [\u2026]<\/span><\/p>\n","protected":false},"featured_media":0,"template":"","meta":{"_monsterinsights_skip_tracking":false,"_monsterinsights_sitenote_active":false,"_monsterinsights_sitenote_note":"","_monsterinsights_sitenote_category":0},"product_brand":[],"product_cat":[12370,12304],"product_tag":[],"class_list":{"0":"post-767815","1":"product","2":"type-product","3":"status-publish","5":"product_cat-arastirma-inceleme","6":"product_cat-tarih","7":"pa_cilt-ciltsiz","8":"pa_tur-kitap","9":"pa_yayinevi-cumhuriyet-kitaplari","10":"pa_yazar-secil-karal-akgun","12":"first","13":"instock","14":"sale","15":"shipping-taxable","16":"purchasable","17":"product-type-simple"},"_links":{"self":[{"href":"https:\/\/roveyayinevi.com.tr\/index.php\/wp-json\/wp\/v2\/product\/767815","targetHints":{"allow":["GET"]}}],"collection":[{"href":"https:\/\/roveyayinevi.com.tr\/index.php\/wp-json\/wp\/v2\/product"}],"about":[{"href":"https:\/\/roveyayinevi.com.tr\/index.php\/wp-json\/wp\/v2\/types\/product"}],"wp:attachment":[{"href":"https:\/\/roveyayinevi.com.tr\/index.php\/wp-json\/wp\/v2\/media?parent=767815"}],"wp:term":[{"taxonomy":"product_brand","embeddable":true,"href":"https:\/\/roveyayinevi.com.tr\/index.php\/wp-json\/wp\/v2\/product_brand?post=767815"},{"taxonomy":"product_cat","embeddable":true,"href":"https:\/\/roveyayinevi.com.tr\/index.php\/wp-json\/wp\/v2\/product_cat?post=767815"},{"taxonomy":"product_tag","embeddable":true,"href":"https:\/\/roveyayinevi.com.tr\/index.php\/wp-json\/wp\/v2\/product_tag?post=767815"}],"curies":[{"name":"wp","href":"https:\/\/api.w.org\/{rel}","templated":true}]}}