{"id":767814,"date":"2025-08-28T13:00:12","date_gmt":"2025-08-28T10:00:12","guid":{"rendered":"https:\/\/roveyayinevi.com.tr\/index.php\/urun\/guzel-ahlak\/"},"modified":"2026-04-15T03:33:33","modified_gmt":"2026-04-15T00:33:33","slug":"guzel-ahlak","status":"publish","type":"product","link":"https:\/\/roveyayinevi.com.tr\/index.php\/urun\/guzel-ahlak\/","title":{"rendered":"G\u00fczel Ahlak"},"content":{"rendered":"<p>Var oldu\u011fundan beri insan\u0131n hakikaten neye ihtiyac\u0131 oldu\u011fu tart\u0131\u015f\u0131lm\u0131\u015ft\u0131r. Bu konuda \u00e7ok s\u00f6z s\u00f6ylenmi\u015ftir ama en k\u0131ymetlisi \u015fudur: \u0130nsan\u0131n temelde kendisi i\u00e7in ahlakl\u0131 olmaya ihtiyac\u0131 vard\u0131r. \u00c7\u00fcnk\u00fc herhangi bir \u015feyin yoklu\u011funda insanlar bir \u015fekilde onu telafi edip ayakta durabilir, sa\u011f kal\u0131p ya\u015fayabilir ancak ahlak olmazsa insan\u0131n sa\u011f kalmas\u0131 m\u00fcmk\u00fcn de\u011fildir. Ahlak olmad\u0131\u011f\u0131nda insanlar birbirlerini yerler. <\/p>\n","protected":false},"excerpt":{"rendered":"<p>Var oldu\u011fundan beri insan\u0131n hakikaten neye ihtiyac\u0131 oldu\u011fu tart\u0131\u015f\u0131lm\u0131\u015ft\u0131r. Bu konuda \u00e7ok s\u00f6z s\u00f6ylenmi\u015ftir ama en k\u0131ymetlisi \u015fudur: \u0130nsan\u0131n temelde kendisi i\u00e7in ahlakl\u0131 olmaya ihtiyac\u0131 vard\u0131r.<span class=\"excerpt-hellip\"> [\u2026]<\/span><\/p>\n","protected":false},"featured_media":0,"template":"","meta":{"_monsterinsights_skip_tracking":false,"_monsterinsights_sitenote_active":false,"_monsterinsights_sitenote_note":"","_monsterinsights_sitenote_category":0},"product_brand":[],"product_cat":[12357],"product_tag":[],"class_list":{"0":"post-767814","1":"product","2":"type-product","3":"status-publish","5":"product_cat-psikoloji","6":"pa_cilt-ciltsiz","7":"pa_tur-kitap","8":"pa_yayinevi-muhit-kitap","9":"pa_yazar-mehmet-dinc","11":"first","12":"instock","13":"sale","14":"shipping-taxable","15":"purchasable","16":"product-type-simple"},"_links":{"self":[{"href":"https:\/\/roveyayinevi.com.tr\/index.php\/wp-json\/wp\/v2\/product\/767814","targetHints":{"allow":["GET"]}}],"collection":[{"href":"https:\/\/roveyayinevi.com.tr\/index.php\/wp-json\/wp\/v2\/product"}],"about":[{"href":"https:\/\/roveyayinevi.com.tr\/index.php\/wp-json\/wp\/v2\/types\/product"}],"wp:attachment":[{"href":"https:\/\/roveyayinevi.com.tr\/index.php\/wp-json\/wp\/v2\/media?parent=767814"}],"wp:term":[{"taxonomy":"product_brand","embeddable":true,"href":"https:\/\/roveyayinevi.com.tr\/index.php\/wp-json\/wp\/v2\/product_brand?post=767814"},{"taxonomy":"product_cat","embeddable":true,"href":"https:\/\/roveyayinevi.com.tr\/index.php\/wp-json\/wp\/v2\/product_cat?post=767814"},{"taxonomy":"product_tag","embeddable":true,"href":"https:\/\/roveyayinevi.com.tr\/index.php\/wp-json\/wp\/v2\/product_tag?post=767814"}],"curies":[{"name":"wp","href":"https:\/\/api.w.org\/{rel}","templated":true}]}}