{"id":767812,"date":"2025-08-28T13:00:09","date_gmt":"2025-08-28T10:00:09","guid":{"rendered":"https:\/\/roveyayinevi.com.tr\/index.php\/urun\/bir-mucizedir-insan\/"},"modified":"2026-04-15T03:33:33","modified_gmt":"2026-04-15T00:33:33","slug":"bir-mucizedir-insan","status":"publish","type":"product","link":"https:\/\/roveyayinevi.com.tr\/index.php\/urun\/bir-mucizedir-insan\/","title":{"rendered":"Bir Mucizedir \u0130nsan"},"content":{"rendered":"<p>Her bir ya\u015fam evresi, insan\u0131n kendi varolu\u015fsal hik\u00e2yesini in\u015fa etmesine katk\u0131 sa\u011flayan mucizevi ve i\u015flevsel \u00f6\u011frenmelerle doludur. Bu kitap, insan\u0131n anne rahmindeki ilk anlar\u0131ndan ya\u015fl\u0131l\u0131k d\u00f6neminin olgunlu\u011funa kadar uzanan benzersiz yolculu\u011funu ele al\u0131yor. Beynimizdeki kimyasallar\u0131n etkisinden hormonal de\u011fi\u015fimlere, ya\u015fam\u0131n her evresinde kar\u015f\u0131la\u015f\u0131lan zorluklara ve f\u0131rsatlara \u0131\u015f\u0131k tutarak okurlara kendi hayatlar\u0131na dair yeni bir fark\u0131ndal\u0131k kazand\u0131r\u0131yor. Hangi n\u00f6robiyolojik yap\u0131lar bir \u00e7ocu\u011fun d\u00fcnyay\u0131 ke\u015ffetme arzusunu tetikler? Beynimiz ergenlik d\u00f6neminde neden bu kadar kaotik \u00e7al\u0131\u015f\u0131r? Yeti\u015fkinlikteki kararlar\u0131m\u0131z\u0131 hangi biyolojik s\u00fcre\u00e7ler \u015fekillendirir? Ruh sa\u011fl\u0131\u011f\u0131 alan\u0131ndaki yirmi y\u0131ll\u0131k deneyimin birikimiyle yaz\u0131lan bu eser, bireyin geli\u015fimsel hik\u00e2yesini anlamas\u0131na ve kendisiyle daha derin bir ba\u011f kurmas\u0131na yard\u0131mc\u0131 olmay\u0131 ama\u00e7l\u0131yor. \u0130nsan olman\u0131n mucizesini ve s\u00fcrekli de\u011fi\u015fim h\u00e2lindeki benli\u011finizi ke\u015ffetmeye haz\u0131r m\u0131s\u0131n\u0131z? <\/p>\n","protected":false},"excerpt":{"rendered":"<p>Her bir ya\u015fam evresi, insan\u0131n kendi varolu\u015fsal hik\u00e2yesini in\u015fa etmesine katk\u0131 sa\u011flayan mucizevi ve i\u015flevsel \u00f6\u011frenmelerle doludur. Bu kitap, insan\u0131n anne rahmindeki ilk anlar\u0131ndan ya\u015fl\u0131l\u0131k d\u00f6neminin<span class=\"excerpt-hellip\"> [\u2026]<\/span><\/p>\n","protected":false},"featured_media":0,"template":"","meta":{"_monsterinsights_skip_tracking":false,"_monsterinsights_sitenote_active":false,"_monsterinsights_sitenote_note":"","_monsterinsights_sitenote_category":0},"product_brand":[],"product_cat":[12357],"product_tag":[],"class_list":{"0":"post-767812","1":"product","2":"type-product","3":"status-publish","5":"product_cat-psikoloji","6":"pa_cilt-ciltsiz","7":"pa_tur-kitap","8":"pa_yayinevi-profil-kitap","9":"pa_yazar-neslihan-arici-ozcan","11":"first","12":"instock","13":"sale","14":"shipping-taxable","15":"purchasable","16":"product-type-simple"},"_links":{"self":[{"href":"https:\/\/roveyayinevi.com.tr\/index.php\/wp-json\/wp\/v2\/product\/767812","targetHints":{"allow":["GET"]}}],"collection":[{"href":"https:\/\/roveyayinevi.com.tr\/index.php\/wp-json\/wp\/v2\/product"}],"about":[{"href":"https:\/\/roveyayinevi.com.tr\/index.php\/wp-json\/wp\/v2\/types\/product"}],"wp:attachment":[{"href":"https:\/\/roveyayinevi.com.tr\/index.php\/wp-json\/wp\/v2\/media?parent=767812"}],"wp:term":[{"taxonomy":"product_brand","embeddable":true,"href":"https:\/\/roveyayinevi.com.tr\/index.php\/wp-json\/wp\/v2\/product_brand?post=767812"},{"taxonomy":"product_cat","embeddable":true,"href":"https:\/\/roveyayinevi.com.tr\/index.php\/wp-json\/wp\/v2\/product_cat?post=767812"},{"taxonomy":"product_tag","embeddable":true,"href":"https:\/\/roveyayinevi.com.tr\/index.php\/wp-json\/wp\/v2\/product_tag?post=767812"}],"curies":[{"name":"wp","href":"https:\/\/api.w.org\/{rel}","templated":true}]}}