{"id":767811,"date":"2025-08-28T13:00:08","date_gmt":"2025-08-28T10:00:08","guid":{"rendered":"https:\/\/roveyayinevi.com.tr\/index.php\/urun\/zamanin-olmadigi-bir-evren\/"},"modified":"2026-04-15T03:33:33","modified_gmt":"2026-04-15T00:33:33","slug":"zamanin-olmadigi-bir-evren","status":"publish","type":"product","link":"https:\/\/roveyayinevi.com.tr\/index.php\/urun\/zamanin-olmadigi-bir-evren\/","title":{"rendered":"Zaman\u0131n Olmad\u0131\u011f\u0131 Bir Evren"},"content":{"rendered":"<p>Albert Einstein ve Kurt G\u00f6del\u2019in, Einstein\u2019\u0131n hayat\u0131n\u0131n son on y\u0131l\u0131nda \u00e7ok iyi arkada\u015f olduklar\u0131 yayg\u0131n olarak bilinen ancak \u00fczerinde \u00e7ok az d\u00fc\u015f\u00fcn\u00fclen bir ger\u00e7ektir. \u0130kili Princeton \u0130leri Ara\u015ft\u0131rmalar Enstit\u00fcs\u00fc\u2019nden evlerine her g\u00fcn birlikte y\u00fcr\u00fcyor; fizik, felsefe, politika ve i\u00e7inde b\u00fcy\u00fcd\u00fckleri Alman biliminin kay\u0131p d\u00fcnyas\u0131 hakk\u0131nda fikir al\u0131\u015fveri\u015finde bulunuyorlard\u0131. 1949 y\u0131l\u0131na gelindi\u011finde G\u00f6del dikkate de\u011fer bir kan\u0131t \u00fcretmi\u015fti: \u0130zafiyet Teorisi taraf\u0131ndan tan\u0131mlanan herhangi bir evrende zaman var olamaz. Einstein bu sonucu g\u00f6n\u00fcls\u00fczce de olsa onaylad\u0131, \u00e7\u00fcnk\u00fc bu sonu\u00e7 onun ba\u011fl\u0131 oldu\u011fu klasik d\u00fcnya g\u00f6r\u00fc\u015f\u00fcn\u00fc kesin bir \u015fekilde ala\u015fa\u011f\u0131 ediyordu. Ancak bunu \u00e7\u00fcr\u00fctmenin bir yolunu bulamad\u0131 ve o zamandan bu yana ge\u00e7en yar\u0131m y\u00fczy\u0131lda ba\u015fka hi\u00e7 kimse de bulamad\u0131. Ancak bu \u00e7arp\u0131c\u0131 ke\u015fiften daha da dikkat \u00e7ekici olan, sonras\u0131nda ne oldu\u011fuydu: hi\u00e7bir \u015fey. Kozmologlar ve filozoflar sanki G\u00f6del\u2019in kan\u0131t\u0131 hi\u00e7 var olmam\u0131\u015f gibi \u00e7al\u0131\u015fmalar\u0131na devam ettiler \u2013 modern entelekt\u00fcel tarihin en b\u00fcy\u00fck skandallar\u0131ndan biri. Zaman\u0131n Olmad\u0131\u011f\u0131 Bir Evren kapsaml\u0131, iddial\u0131 ama bir o kadar da dokunakl\u0131 ve samimi bir kitap. Zaman\u0131n bilimsel modas\u0131 taraf\u0131ndan rafa kald\u0131r\u0131lan iki muhte\u015fem zihnin hik\u00e2yesini anlat\u0131yor ve birlikte yapt\u0131klar\u0131 parlak \u00e7al\u0131\u015fmalar\u0131 hak etmedikleri bir bilinmezlikten kurtarmaya \u00e7al\u0131\u015f\u0131yor. <\/p>\n","protected":false},"excerpt":{"rendered":"<p>Albert Einstein ve Kurt G\u00f6del\u2019in, Einstein\u2019\u0131n hayat\u0131n\u0131n son on y\u0131l\u0131nda \u00e7ok iyi arkada\u015f olduklar\u0131 yayg\u0131n olarak bilinen ancak \u00fczerinde \u00e7ok az d\u00fc\u015f\u00fcn\u00fclen bir ger\u00e7ektir. \u0130kili Princeton<span class=\"excerpt-hellip\"> [\u2026]<\/span><\/p>\n","protected":false},"featured_media":0,"template":"","meta":{"_monsterinsights_skip_tracking":false,"_monsterinsights_sitenote_active":false,"_monsterinsights_sitenote_note":"","_monsterinsights_sitenote_category":0},"product_brand":[],"product_cat":[13005],"product_tag":[],"class_list":{"0":"post-767811","1":"product","2":"type-product","3":"status-publish","5":"product_cat-bilim-muhendislik","6":"pa_cilt-ciltsiz","7":"pa_tur-kitap","8":"pa_yayinevi-vakifbank-kultur-yayinlari","9":"pa_yazar-palle-yourgrau","11":"first","12":"instock","13":"sale","14":"shipping-taxable","15":"purchasable","16":"product-type-simple"},"_links":{"self":[{"href":"https:\/\/roveyayinevi.com.tr\/index.php\/wp-json\/wp\/v2\/product\/767811","targetHints":{"allow":["GET"]}}],"collection":[{"href":"https:\/\/roveyayinevi.com.tr\/index.php\/wp-json\/wp\/v2\/product"}],"about":[{"href":"https:\/\/roveyayinevi.com.tr\/index.php\/wp-json\/wp\/v2\/types\/product"}],"wp:attachment":[{"href":"https:\/\/roveyayinevi.com.tr\/index.php\/wp-json\/wp\/v2\/media?parent=767811"}],"wp:term":[{"taxonomy":"product_brand","embeddable":true,"href":"https:\/\/roveyayinevi.com.tr\/index.php\/wp-json\/wp\/v2\/product_brand?post=767811"},{"taxonomy":"product_cat","embeddable":true,"href":"https:\/\/roveyayinevi.com.tr\/index.php\/wp-json\/wp\/v2\/product_cat?post=767811"},{"taxonomy":"product_tag","embeddable":true,"href":"https:\/\/roveyayinevi.com.tr\/index.php\/wp-json\/wp\/v2\/product_tag?post=767811"}],"curies":[{"name":"wp","href":"https:\/\/api.w.org\/{rel}","templated":true}]}}