{"id":767810,"date":"2025-08-28T13:00:07","date_gmt":"2025-08-28T10:00:07","guid":{"rendered":"https:\/\/roveyayinevi.com.tr\/index.php\/urun\/uykuya-yatmak\/"},"modified":"2026-04-15T03:33:33","modified_gmt":"2026-04-15T00:33:33","slug":"uykuya-yatmak","status":"publish","type":"product","link":"https:\/\/roveyayinevi.com.tr\/index.php\/urun\/uykuya-yatmak\/","title":{"rendered":"Uykuya Yatmak"},"content":{"rendered":"<p>\u2014 Nas\u0131l ba\u015flasak? \u2014 Unutu\u015fu, nisyan\u0131 konu\u015fal\u0131m.   Mantua\u2019da San Giorgio Kalesi\u2019ndeki \u201cGelin Odas\u0131\u201dn\u0131n duvar resimleri, baba ve k\u0131z, John ile Katya Berger aras\u0131nda bir sohbet ba\u015flat\u0131r. D\u00fcnyan\u0131n uykuya yatmak i\u00e7in tasarlanm\u0131\u015f bu en g\u00fczel odas\u0131nda, onlarla birlikte bakarken, resimlerin bir yandan her \u015feyi a\u00e7\u0131k\u00e7a g\u00f6zler \u00f6n\u00fcne serdi\u011fine, di\u011fer yandan pek \u00e7ok \u015feyi gizledi\u011fine \u015fahit oluruz. <\/p>\n","protected":false},"excerpt":{"rendered":"<p>\u2014 Nas\u0131l ba\u015flasak? \u2014 Unutu\u015fu, nisyan\u0131 konu\u015fal\u0131m. Mantua\u2019da San Giorgio Kalesi\u2019ndeki \u201cGelin Odas\u0131\u201dn\u0131n duvar resimleri, baba ve k\u0131z, John ile Katya Berger aras\u0131nda bir sohbet ba\u015flat\u0131r.<span class=\"excerpt-hellip\"> [\u2026]<\/span><\/p>\n","protected":false},"featured_media":0,"template":"","meta":{"_monsterinsights_skip_tracking":false,"_monsterinsights_sitenote_active":false,"_monsterinsights_sitenote_note":"","_monsterinsights_sitenote_category":0},"product_brand":[],"product_cat":[44608,12408],"product_tag":[],"class_list":{"0":"post-767810","1":"product","2":"type-product","3":"status-publish","5":"product_cat-diger-sanat","6":"product_cat-sanat","7":"pa_cilt-ciltsiz","8":"pa_tur-kitap","9":"pa_yayinevi-metis-yayinlari","10":"pa_yazar-john-berger-katya-berger","12":"first","13":"instock","14":"sale","15":"shipping-taxable","16":"purchasable","17":"product-type-simple"},"_links":{"self":[{"href":"https:\/\/roveyayinevi.com.tr\/index.php\/wp-json\/wp\/v2\/product\/767810","targetHints":{"allow":["GET"]}}],"collection":[{"href":"https:\/\/roveyayinevi.com.tr\/index.php\/wp-json\/wp\/v2\/product"}],"about":[{"href":"https:\/\/roveyayinevi.com.tr\/index.php\/wp-json\/wp\/v2\/types\/product"}],"wp:attachment":[{"href":"https:\/\/roveyayinevi.com.tr\/index.php\/wp-json\/wp\/v2\/media?parent=767810"}],"wp:term":[{"taxonomy":"product_brand","embeddable":true,"href":"https:\/\/roveyayinevi.com.tr\/index.php\/wp-json\/wp\/v2\/product_brand?post=767810"},{"taxonomy":"product_cat","embeddable":true,"href":"https:\/\/roveyayinevi.com.tr\/index.php\/wp-json\/wp\/v2\/product_cat?post=767810"},{"taxonomy":"product_tag","embeddable":true,"href":"https:\/\/roveyayinevi.com.tr\/index.php\/wp-json\/wp\/v2\/product_tag?post=767810"}],"curies":[{"name":"wp","href":"https:\/\/api.w.org\/{rel}","templated":true}]}}