{"id":767807,"date":"2025-08-28T12:59:59","date_gmt":"2025-08-28T09:59:59","guid":{"rendered":"https:\/\/roveyayinevi.com.tr\/index.php\/urun\/hastanin-sonsuz-yolculugu\/"},"modified":"2026-04-15T03:33:33","modified_gmt":"2026-04-15T00:33:33","slug":"hastanin-sonsuz-yolculugu","status":"publish","type":"product","link":"https:\/\/roveyayinevi.com.tr\/index.php\/urun\/hastanin-sonsuz-yolculugu\/","title":{"rendered":"Hastan\u0131n Sonsuz Yolculu\u011fu"},"content":{"rendered":"<p>\u201cAc\u0131 \u00e7ekmenin, a\u011fr\u0131 ve \u0131st\u0131rab\u0131n, hastal\u0131\u011f\u0131n \u00f6\u011frencisi olmak: Dile kolay. \u00d6\u011frencili\u011fin ne kadar s\u00fcrece\u011fi belirsizdir bir defa; savrulu\u015flarla ya\u015fanacakt\u0131r. \u00d6denecek bedellerin k\u00fclfeti de \u00f6yle. Peki ya sa\u011f \u00e7\u0131k\u0131lacak olursa? Ya\u015fam, eski al\u0131\u015fkanl\u0131klar\u0131n g\u00fcd\u00fcm\u00fcnde mi s\u00fcrd\u00fcr\u00fclecektir yeniden? Peki ama ya, eyvah, bilincin ta kendisi hastalanacak, benlik de orta yerinden \u00e7at\u0131rdayacak olursa?\u201d \u00d6zen B. Demir\u2019in yaz\u0131lar\u0131, t\u0131pla edebiyat\u0131n etkile\u015fimlerini incelerken geni\u015f anlamda \u201cyaz\u0131n\u201da da a\u00e7\u0131l\u0131yor, felsefenin, antropolojinin, psikanalizin, tarihin ve politikan\u0131n \u201csa\u011fl\u0131k\u201dla ve \u201chastal\u0131k\u201dla, hasta ve hekimle ili\u015fkilerine bak\u0131yor. Ola\u011fan\u00fcst\u00fc geni\u015f bir literat\u00fcrle sohbete giren, T\u00fcrk\u00e7e ve d\u00fcnya edebiyat\u0131ndaki say\u0131s\u0131z hasta ve hekim imgesini \u201cmuayene eden\u201d yaz\u0131lar&#8230; Romantizmden (romantiklik, hastal\u0131k m\u0131yd\u0131 yoksa tedavi mi!) modernist t\u0131bbiyeli tipine, biyopolitikaya, geni\u015f bir analiz \u00e7er\u00e7evesi\u2026 Ba\u015fl\u0131ba\u015f\u0131na, topyek\u00fbn bir d\u00fc\u015f\u00fcnce ve duygular tarihi merce\u011fi&#8230; Hastan\u0131n Sonsuz Yolculu\u011fu, \u201cac\u0131 \u00e7ekmenin, a\u011fr\u0131 ve \u0131st\u0131rab\u0131n, hastal\u0131\u011f\u0131n \u00f6\u011frencisi olma\u201dn\u0131n a\u00e7\u0131ld\u0131\u011f\u0131 \u201cimgeler co\u011frafyas\u0131\u201dnda, kendisi de edebi tat ta\u015f\u0131yan metinlerle, uzun ve zevkli bir seyahat.<\/p>\n","protected":false},"excerpt":{"rendered":"<p>\u201cAc\u0131 \u00e7ekmenin, a\u011fr\u0131 ve \u0131st\u0131rab\u0131n, hastal\u0131\u011f\u0131n \u00f6\u011frencisi olmak: Dile kolay. \u00d6\u011frencili\u011fin ne kadar s\u00fcrece\u011fi belirsizdir bir defa; savrulu\u015flarla ya\u015fanacakt\u0131r. \u00d6denecek bedellerin k\u00fclfeti de \u00f6yle. Peki ya<span class=\"excerpt-hellip\"> [\u2026]<\/span><\/p>\n","protected":false},"featured_media":0,"template":"","meta":{"_monsterinsights_skip_tracking":false,"_monsterinsights_sitenote_active":false,"_monsterinsights_sitenote_note":"","_monsterinsights_sitenote_category":0},"product_brand":[],"product_cat":[12777,12291],"product_tag":[],"class_list":{"0":"post-767807","1":"product","2":"type-product","3":"status-publish","5":"product_cat-deneme","6":"product_cat-edebiyat","7":"pa_cilt-ciltsiz","8":"pa_tur-kitap","9":"pa_yayinevi-iletisim-yayinlari","10":"pa_yazar-ozen-b-demir","12":"first","13":"instock","14":"sale","15":"shipping-taxable","16":"purchasable","17":"product-type-simple"},"_links":{"self":[{"href":"https:\/\/roveyayinevi.com.tr\/index.php\/wp-json\/wp\/v2\/product\/767807","targetHints":{"allow":["GET"]}}],"collection":[{"href":"https:\/\/roveyayinevi.com.tr\/index.php\/wp-json\/wp\/v2\/product"}],"about":[{"href":"https:\/\/roveyayinevi.com.tr\/index.php\/wp-json\/wp\/v2\/types\/product"}],"wp:attachment":[{"href":"https:\/\/roveyayinevi.com.tr\/index.php\/wp-json\/wp\/v2\/media?parent=767807"}],"wp:term":[{"taxonomy":"product_brand","embeddable":true,"href":"https:\/\/roveyayinevi.com.tr\/index.php\/wp-json\/wp\/v2\/product_brand?post=767807"},{"taxonomy":"product_cat","embeddable":true,"href":"https:\/\/roveyayinevi.com.tr\/index.php\/wp-json\/wp\/v2\/product_cat?post=767807"},{"taxonomy":"product_tag","embeddable":true,"href":"https:\/\/roveyayinevi.com.tr\/index.php\/wp-json\/wp\/v2\/product_tag?post=767807"}],"curies":[{"name":"wp","href":"https:\/\/api.w.org\/{rel}","templated":true}]}}