{"id":767806,"date":"2025-08-28T12:59:57","date_gmt":"2025-08-28T09:59:57","guid":{"rendered":"https:\/\/roveyayinevi.com.tr\/index.php\/urun\/muhasebe-ve-denetim-alanindaki-calismalarin-bibliyometrik-analizi\/"},"modified":"2026-04-15T03:33:33","modified_gmt":"2026-04-15T00:33:33","slug":"muhasebe-ve-denetim-alanindaki-calismalarin-bibliyometrik-analizi","status":"publish","type":"product","link":"https:\/\/roveyayinevi.com.tr\/index.php\/urun\/muhasebe-ve-denetim-alanindaki-calismalarin-bibliyometrik-analizi\/","title":{"rendered":"Muhasebe ve Denetim Alan\u0131ndaki \u00c7al\u0131\u015fmalar\u0131n Bibliyometrik Analizi"},"content":{"rendered":"<p>\u0130\u00e7indekiler :   \u00b7         Muhasebe Standartlar\u0131 Alan\u0131nda Yap\u0131lm\u0131\u015f \u00c7al\u0131\u015fmalar\u0131n Bibliyometrik Analizi \u00b7         B\u00fcy\u00fck ve Orta Boy \u0130\u015fletmeler \u0130\u00e7in Finansal Raporlama Standard\u0131 (BOB\u0130 FRS): 2016 \u2013 2023 D\u00f6nemi \u00dczerine Bibliyometrik Analiz \u00b7         S\u00fcrd\u00fcr\u00fclebilirlik Raporlamas\u0131 Konusunda Yap\u0131lm\u0131\u015f \u00c7al\u0131\u015fmalar\u0131n Bibliyometrik Analizi: Dergipark \u00d6rne\u011fi \u00b7         Entegre Raporlama Konusunda Yap\u0131lm\u0131\u015f \u00c7al\u0131\u015fmalar\u0131n Bibliyometrik Analizi \u00b7         Muhasebe E\u011fitimi Ara\u015ft\u0131rmalar\u0131n\u0131n Bilim Haritalama Teknikleri \u0130le Bibliyometrik Analizi Muhasebe Meslek Eti\u011fi Konusunda Yap\u0131lm\u0131\u015f \u00c7al\u0131\u015fmalar\u0131n Bibliyometrik Analizi \u00b7         Visual Mapping Of Accounting Ethic Issues: A Bibliometric Analysis Using Vosviewer \u00b7         Tar\u0131m Muhasebesine Y\u00f6nelik Makalelerin Bibliyometrik Analizi \u00b7         \u00c7evre Muhasebesi Konusunda Yap\u0131lm\u0131\u015f \u00c7al\u0131\u015fmalar\u0131n Bibliyometrik Analizi \u00b7         Adli Muhasebe Alan\u0131nda Yay\u0131mlanm\u0131\u015f Makalelerin Web Of Science Temelli Bibliyometrik Analizi (1982-2024) \u00b7         Enflasyon Muhasebesi Konusunda Haz\u0131rlanm\u0131\u015f Akademik Makalelerin Bibliyometrik Analizi Denetim Faaliyetlerinde Bilgi Teknolojilerinin Kullan\u0131m\u0131: T\u00fcrkiye\u2019de Yap\u0131lan \u00c7al\u0131\u015fmalar\u0131n Bibliyometrik Analizi   \u00b7         Bilgi Teknolojileri Ortam\u0131nda Denetim Konusunda Yap\u0131lm\u0131\u015f Uluslararas\u0131 \u00c7al\u0131\u015fmalar\u0131n Bibliyometrik Analizi \u00b7         Denetim Kalitesi \u00dczerine Yap\u0131lan \u00c7al\u0131\u015fmalar\u0131n Vosviewer \u0130le Bibliyometrik Bir Analizi Denetimde \u00d6nemlilik Konusunda Yap\u0131lm\u0131\u015f \u00c7al\u0131\u015fmalar\u0131n Bibliyometrik Analizi \u00b7         Hile Denetimi: 2010-2023 Y\u0131llar\u0131 Aras\u0131nda Ulusal D\u00fczeyde Yap\u0131lan \u00c7al\u0131\u015fmalar\u0131n Bibliyometrik Analizi \u00b7         Denetim Konular\u0131na Y\u00f6nelik Yap\u0131lan Akademik Ara\u015ft\u0131rmalar\u0131n Bibliyometrik Analizi \u00b7         Ba\u011f\u0131ms\u0131z Denetim Standartlar\u0131 Konusunda Yay\u0131nlanan Makalelerin Bibliyometrik Analizi \u00b7         \u0130\u00e7 Kontrol ve \u0130\u00e7 Denetim Alan\u0131nda Yap\u0131lan Uluslararas\u0131 \u00c7al\u0131\u015fmalar\u0131n Bibliyometrik Analizi \u00b7         Blockchain Teknolojisi \u0130le Muhasebe ve Denetim \u00dczerine Vosviewer \u0130le Bibliyometrik Bir Analiz \u00b7         Faaliyet Tabanl\u0131 Maliyetleme Alan\u0131nda Yap\u0131lan \u00c7al\u0131\u015fmalar\u0131n Bibliyometrik Analizi: Web Of Science Uygulamas\u0131 \u00b7         Hedef Maliyetleme Alan\u0131nda Yaz\u0131lan Makalelerin Bibliyometrik Analizi \u00b7         T\u00fcrkiye\u2019de Yay\u0131nlanan Kaizen Maliyetleme Konulu Makalelerin Bibliyometrik \u0130ncelemesi: 2000 \u2013 2023 D\u00f6nemi \u00b7         Lojistik Maliyetleri Konusunda Yap\u0131lm\u0131\u015f \u00c7al\u0131\u015fmalar\u0131n Bibliyometrik Analiz \u0130le De\u011ferlendirilmesi Muhasebe Bilgi Sistemi-Kurumsal Y\u00f6netim Etkile\u015fimine Y\u00f6nelik \u00c7al\u0131\u015fmalar\u0131n Bibliyometrik Analizi \u00b7         Kurumsal Y\u00f6netim-Risk Y\u00f6netim Etkile\u015fimine Y\u00f6nelik Makalelerin Bibliyometrik Analizi <\/p>\n","protected":false},"excerpt":{"rendered":"<p>\u0130\u00e7indekiler : \u00b7 Muhasebe Standartlar\u0131 Alan\u0131nda Yap\u0131lm\u0131\u015f \u00c7al\u0131\u015fmalar\u0131n Bibliyometrik Analizi \u00b7 B\u00fcy\u00fck ve Orta Boy \u0130\u015fletmeler \u0130\u00e7in Finansal Raporlama Standard\u0131 (BOB\u0130 FRS): 2016 \u2013 2023 D\u00f6nemi<span class=\"excerpt-hellip\"> [\u2026]<\/span><\/p>\n","protected":false},"featured_media":0,"template":"","meta":{"_monsterinsights_skip_tracking":false,"_monsterinsights_sitenote_active":false,"_monsterinsights_sitenote_note":"","_monsterinsights_sitenote_category":0},"product_brand":[],"product_cat":[13043],"product_tag":[],"class_list":{"0":"post-767806","1":"product","2":"type-product","3":"status-publish","5":"product_cat-ekonomi","6":"pa_cilt-ciltsiz","7":"pa_tur-kitap","8":"pa_yayinevi-gazi-kitabevi","9":"pa_yazar-kolektif","11":"first","12":"instock","13":"sale","14":"shipping-taxable","15":"purchasable","16":"product-type-simple"},"_links":{"self":[{"href":"https:\/\/roveyayinevi.com.tr\/index.php\/wp-json\/wp\/v2\/product\/767806","targetHints":{"allow":["GET"]}}],"collection":[{"href":"https:\/\/roveyayinevi.com.tr\/index.php\/wp-json\/wp\/v2\/product"}],"about":[{"href":"https:\/\/roveyayinevi.com.tr\/index.php\/wp-json\/wp\/v2\/types\/product"}],"wp:attachment":[{"href":"https:\/\/roveyayinevi.com.tr\/index.php\/wp-json\/wp\/v2\/media?parent=767806"}],"wp:term":[{"taxonomy":"product_brand","embeddable":true,"href":"https:\/\/roveyayinevi.com.tr\/index.php\/wp-json\/wp\/v2\/product_brand?post=767806"},{"taxonomy":"product_cat","embeddable":true,"href":"https:\/\/roveyayinevi.com.tr\/index.php\/wp-json\/wp\/v2\/product_cat?post=767806"},{"taxonomy":"product_tag","embeddable":true,"href":"https:\/\/roveyayinevi.com.tr\/index.php\/wp-json\/wp\/v2\/product_tag?post=767806"}],"curies":[{"name":"wp","href":"https:\/\/api.w.org\/{rel}","templated":true}]}}