{"id":767803,"date":"2025-08-28T12:59:51","date_gmt":"2025-08-28T09:59:51","guid":{"rendered":"https:\/\/roveyayinevi.com.tr\/index.php\/urun\/ciceklenmeler\/"},"modified":"2026-04-15T03:33:33","modified_gmt":"2026-04-15T00:33:33","slug":"ciceklenmeler","status":"publish","type":"product","link":"https:\/\/roveyayinevi.com.tr\/index.php\/urun\/ciceklenmeler\/","title":{"rendered":"\u00c7i\u00e7eklenmeler"},"content":{"rendered":"<p>\u201cB\u00fct\u00fcn ya\u015fam\u0131m\u0131 birilerinin yan\u0131nda durarak ge\u00e7irmi\u015ftim. Birilerinin bana a\u00e7t\u0131\u011f\u0131 bo\u015fluklara s\u0131\u011fm\u0131\u015f, ta\u015fmam\u0131\u015f, y\u00fckselmemi\u015f bile ama kurumam\u0131\u015f da, orada eski bir g\u00f6l gibi durup beklemi\u015ftim. (&#8230;) Hi\u00e7 kendi kaderimi tayin edecek bir ad\u0131m atmam\u0131\u015f, ekseriyetle bana g\u00f6sterilen yere ili\u015fmi\u015f, bundan \u015fik\u00e2yet etmemi\u015f ama \u015fimdilerde yeni yeni ve epey sars\u0131larak fark etti\u011fim \u015fekilde bu s\u0131n\u0131rlar\u0131 belirlenmi\u015f hayattan sand\u0131\u011f\u0131m kadar tatmin olmam\u0131\u015ft\u0131m.\u201d Hayat\u0131n tekd\u00fcze ak\u0131p gidi\u015fi i\u00e7inde hayallerini usul usul yitirdi\u011fini fark etmeyen, a\u015fk\u0131n neye benzedi\u011fini unutan, bir adada tek ba\u015f\u0131naym\u0131\u015f gibi ya\u015famay\u0131 benli\u011finin par\u00e7as\u0131 olarak kabullenen, neyi bekledi\u011fini tam olarak bilmeden y\u0131llarca bekleyen bir kad\u0131n\u0131n hik\u00e2yesi&#8230; Melisa Kesmez, hayat\u0131 \u0131skalam\u0131\u015f bir kad\u0131n\u0131n kocas\u0131n\u0131n \u00f6l\u00fcm\u00fcn\u00fcn ard\u0131ndan yeni bir ba\u015flang\u0131\u00e7 yapmak i\u00e7in cesaret aray\u0131\u015f\u0131n\u0131 anlat\u0131yor. T\u00fcrkan&#8217;\u0131n &#8220;her \u015fey m\u00fcmk\u00fcn&#8221;lerle, ye\u015feren umutlarla &#8220;d\u00fcnyaya do\u011fru&#8221; att\u0131\u011f\u0131 ad\u0131mlar\u0131n\u0131 takip ederek okuru \u00e7i\u00e7ekli bir i\u00e7sel yolculu\u011fa davet ediyor. \u00c7i\u00e7eklenmeler, bir b\u00fcy\u00fcme hik\u00e2yesi&#8230;Melisa Kesmez, hayat\u0131 \u0131skalam\u0131\u015f bir kad\u0131n\u0131n kocas\u0131n\u0131n \u00f6l\u00fcm\u00fcn\u00fcn ard\u0131ndan yeni bir ba\u015flang\u0131\u00e7 yapmak i\u00e7in cesaret aray\u0131\u015f\u0131n\u0131 anlat\u0131yor. T\u00fcrkan&#8217;\u0131n &#8220;her \u015fey m\u00fcmk\u00fcn&#8221;lerle, ye\u015feren umutlarla &#8220;d\u00fcnyaya do\u011fru&#8221; att\u0131\u011f\u0131 ad\u0131mlar\u0131n\u0131 takip ederek okuru \u00e7i\u00e7ekli bir i\u00e7sel yolculu\u011fa davet ediyor. \u00c7i\u00e7eklenmeler, bir b\u00fcy\u00fcme hik\u00e2yesi&#8230;<\/p>\n","protected":false},"excerpt":{"rendered":"<p>\u201cB\u00fct\u00fcn ya\u015fam\u0131m\u0131 birilerinin yan\u0131nda durarak ge\u00e7irmi\u015ftim. Birilerinin bana a\u00e7t\u0131\u011f\u0131 bo\u015fluklara s\u0131\u011fm\u0131\u015f, ta\u015fmam\u0131\u015f, y\u00fckselmemi\u015f bile ama kurumam\u0131\u015f da, orada eski bir g\u00f6l gibi durup beklemi\u015ftim. (&#8230;) Hi\u00e7<span class=\"excerpt-hellip\"> [\u2026]<\/span><\/p>\n","protected":false},"featured_media":0,"template":"","meta":{"_monsterinsights_skip_tracking":false,"_monsterinsights_sitenote_active":false,"_monsterinsights_sitenote_note":"","_monsterinsights_sitenote_category":0},"product_brand":[],"product_cat":[12291,18202],"product_tag":[],"class_list":{"0":"post-767803","1":"product","2":"type-product","3":"status-publish","5":"product_cat-edebiyat","6":"product_cat-hikaye","7":"pa_cilt-ciltsiz","8":"pa_tur-kitap","9":"pa_yayinevi-iletisim-yayinlari","10":"pa_yazar-melisa-kesmez","12":"first","13":"instock","14":"sale","15":"shipping-taxable","16":"purchasable","17":"product-type-simple"},"_links":{"self":[{"href":"https:\/\/roveyayinevi.com.tr\/index.php\/wp-json\/wp\/v2\/product\/767803","targetHints":{"allow":["GET"]}}],"collection":[{"href":"https:\/\/roveyayinevi.com.tr\/index.php\/wp-json\/wp\/v2\/product"}],"about":[{"href":"https:\/\/roveyayinevi.com.tr\/index.php\/wp-json\/wp\/v2\/types\/product"}],"wp:attachment":[{"href":"https:\/\/roveyayinevi.com.tr\/index.php\/wp-json\/wp\/v2\/media?parent=767803"}],"wp:term":[{"taxonomy":"product_brand","embeddable":true,"href":"https:\/\/roveyayinevi.com.tr\/index.php\/wp-json\/wp\/v2\/product_brand?post=767803"},{"taxonomy":"product_cat","embeddable":true,"href":"https:\/\/roveyayinevi.com.tr\/index.php\/wp-json\/wp\/v2\/product_cat?post=767803"},{"taxonomy":"product_tag","embeddable":true,"href":"https:\/\/roveyayinevi.com.tr\/index.php\/wp-json\/wp\/v2\/product_tag?post=767803"}],"curies":[{"name":"wp","href":"https:\/\/api.w.org\/{rel}","templated":true}]}}