{"id":767802,"date":"2025-08-28T12:59:50","date_gmt":"2025-08-28T09:59:50","guid":{"rendered":"https:\/\/roveyayinevi.com.tr\/index.php\/urun\/aristotelesten-modern-bilime-depremler\/"},"modified":"2025-11-21T11:16:52","modified_gmt":"2025-11-21T08:16:52","slug":"aristotelesten-modern-bilime-depremler","status":"publish","type":"product","link":"https:\/\/roveyayinevi.com.tr\/index.php\/urun\/aristotelesten-modern-bilime-depremler\/","title":{"rendered":"Aristoteles\u2019ten Modern Bilime Depremler"},"content":{"rendered":"<p>\u201cBilim bir olgu oldu\u011fu kadar bir s\u00fcre\u00e7 ve birikimdir de. \u0130stanbul \u00dcniversitesi, Cambridge \u00dcniversitesi, Harvard \u00dcniversitesi ve son olarak da \u0130stanbul \u00dcniversitesi-Cerrahpa\u015fa\u2019da jeofizi\u011fe ve tarihine ili\u015fkin edindi\u011fi bilgi birikimlerinin ve deneyimlerinin sonuncusu olan bu kitab\u0131n yay\u0131nlanmas\u0131na de\u011ferli e\u015fim Prof. Dr. Ferhat \u00d6z\u00e7ep\u2019in \u00f6mr\u00fc maalesef vefa etmemi\u015ftir. Vefat\u0131ndan \u00f6nce b\u00fcy\u00fck bir istek ve zevkle yazd\u0131\u011f\u0131 bu eserin ba\u015fta Yer Bilimleri Tarihi ve \u00f6zellikle Bilim Tarihi\u2019ne ilgi duyan bilim insanlar\u0131na yararl\u0131 olaca\u011f\u0131n\u0131 d\u00fc\u015f\u00fcn\u00fcyoruz.\u201d Dr. Tazeg\u00fcl \u00d6z\u00e7ep <\/p>\n","protected":false},"excerpt":{"rendered":"<p>\u201cBilim bir olgu oldu\u011fu kadar bir s\u00fcre\u00e7 ve birikimdir de. \u0130stanbul \u00dcniversitesi, Cambridge \u00dcniversitesi, Harvard \u00dcniversitesi ve son olarak da \u0130stanbul \u00dcniversitesi-Cerrahpa\u015fa\u2019da jeofizi\u011fe ve tarihine ili\u015fkin<span class=\"excerpt-hellip\"> [\u2026]<\/span><\/p>\n","protected":false},"featured_media":0,"template":"","meta":{"_monsterinsights_skip_tracking":false,"_monsterinsights_sitenote_active":false,"_monsterinsights_sitenote_note":"","_monsterinsights_sitenote_category":0},"product_brand":[],"product_cat":[13005,13006],"product_tag":[],"class_list":{"0":"post-767802","1":"product","2":"type-product","3":"status-publish","5":"product_cat-bilim-muhendislik","6":"product_cat-populer-bilim","7":"pa_cilt-ciltsiz","8":"pa_tur-kitap","9":"pa_yayinevi-ginko-kitap","10":"pa_yazar-ferhat-ozcep","12":"first","13":"instock","14":"sale","15":"shipping-taxable","16":"purchasable","17":"product-type-simple"},"_links":{"self":[{"href":"https:\/\/roveyayinevi.com.tr\/index.php\/wp-json\/wp\/v2\/product\/767802","targetHints":{"allow":["GET"]}}],"collection":[{"href":"https:\/\/roveyayinevi.com.tr\/index.php\/wp-json\/wp\/v2\/product"}],"about":[{"href":"https:\/\/roveyayinevi.com.tr\/index.php\/wp-json\/wp\/v2\/types\/product"}],"wp:attachment":[{"href":"https:\/\/roveyayinevi.com.tr\/index.php\/wp-json\/wp\/v2\/media?parent=767802"}],"wp:term":[{"taxonomy":"product_brand","embeddable":true,"href":"https:\/\/roveyayinevi.com.tr\/index.php\/wp-json\/wp\/v2\/product_brand?post=767802"},{"taxonomy":"product_cat","embeddable":true,"href":"https:\/\/roveyayinevi.com.tr\/index.php\/wp-json\/wp\/v2\/product_cat?post=767802"},{"taxonomy":"product_tag","embeddable":true,"href":"https:\/\/roveyayinevi.com.tr\/index.php\/wp-json\/wp\/v2\/product_tag?post=767802"}],"curies":[{"name":"wp","href":"https:\/\/api.w.org\/{rel}","templated":true}]}}