{"id":767801,"date":"2025-08-28T12:59:49","date_gmt":"2025-08-28T09:59:49","guid":{"rendered":"https:\/\/roveyayinevi.com.tr\/index.php\/urun\/oncesiyle-sonrasiyla-12-eylul-doneminde-ermeniler-olaylar-tanikliklar\/"},"modified":"2026-04-15T03:33:33","modified_gmt":"2026-04-15T00:33:33","slug":"oncesiyle-sonrasiyla-12-eylul-doneminde-ermeniler-olaylar-tanikliklar","status":"publish","type":"product","link":"https:\/\/roveyayinevi.com.tr\/index.php\/urun\/oncesiyle-sonrasiyla-12-eylul-doneminde-ermeniler-olaylar-tanikliklar\/","title":{"rendered":"\u00d6ncesiyle Sonras\u0131yla 12 Eyl\u00fcl D\u00f6neminde Ermeniler Olaylar Tan\u0131kl\u0131klar"},"content":{"rendered":"<p>Gazeteci Serdar Korucu, T\u00fcrkiye Ermenilerinin 1970\u2019lerin ba\u015f\u0131ndan 1990\u2019lar\u0131n ikinci yar\u0131s\u0131na kadar olan d\u00f6nemdeki sosyal hayatlar\u0131n\u0131, kolektif tecr\u00fcbelerini d\u00f6nemin bas\u0131n\u0131ndan toplad\u0131\u011f\u0131 verilerin yan\u0131 s\u0131ra T\u00fcrkiye Ermeni toplumundan o g\u00fcnleri ya\u015fayan 22 ki\u015fiyle yapt\u0131\u011f\u0131 r\u00f6portajlar \u0131\u015f\u0131\u011f\u0131nda inceliyor. ASALA eylemlerinin, 12 Eyl\u00fcl darbesinin ve PKK\u2019n\u0131n ortaya \u00e7\u0131k\u0131\u015f\u0131n\u0131n T\u00fcrkiye Ermenilerinin hayat\u0131n\u0131 nas\u0131l etkiledi\u011fini, bunlar vas\u0131tas\u0131yla maruz kald\u0131\u011f\u0131 bask\u0131y\u0131 g\u00f6zler \u00f6n\u00fcne seren bu kitap, 12 Eyl\u00fcl d\u00f6neminde T\u00fcrkiye\u2019de bir\u00e7ok Ermeni\u2019nin de polis ve mahkeme s\u00fcre\u00e7lerinden ge\u00e7ti\u011fini, hatta i\u015fkence g\u00f6rd\u00fc\u011f\u00fcn\u00fc ortaya koyuyor. Kitab\u0131n birinci b\u00f6l\u00fcm\u00fcnde Korucu, baz\u0131 \u00f6nemli olaylar ve fig\u00fcrlerden yola \u00e7\u0131karak d\u00f6nemin bir foto\u011fraf\u0131n\u0131 \u00e7ekiyor. \u0130kinci b\u00f6l\u00fcm ise bu 22 ki\u015finin, ba\u015flar\u0131na gelen \u00e7o\u011fu zaman gergin, \u00fcz\u00fcc\u00fc ama kimi zaman da trajikomik olaylar\u0131 anlatt\u0131klar\u0131 tan\u0131kl\u0131klardan olu\u015fuyor. <\/p>\n","protected":false},"excerpt":{"rendered":"<p>Gazeteci Serdar Korucu, T\u00fcrkiye Ermenilerinin 1970\u2019lerin ba\u015f\u0131ndan 1990\u2019lar\u0131n ikinci yar\u0131s\u0131na kadar olan d\u00f6nemdeki sosyal hayatlar\u0131n\u0131, kolektif tecr\u00fcbelerini d\u00f6nemin bas\u0131n\u0131ndan toplad\u0131\u011f\u0131 verilerin yan\u0131 s\u0131ra T\u00fcrkiye Ermeni toplumundan<span class=\"excerpt-hellip\"> [\u2026]<\/span><\/p>\n","protected":false},"featured_media":0,"template":"","meta":{"_monsterinsights_skip_tracking":false,"_monsterinsights_sitenote_active":false,"_monsterinsights_sitenote_note":"","_monsterinsights_sitenote_category":0},"product_brand":[],"product_cat":[12337],"product_tag":[],"class_list":{"0":"post-767801","1":"product","2":"type-product","3":"status-publish","5":"product_cat-politika-siyaset","6":"pa_cilt-ciltsiz","7":"pa_tur-kitap","8":"pa_yayinevi-aras-yayinlari","9":"pa_yazar-serdar-korucu-haz","11":"first","12":"instock","13":"sale","14":"shipping-taxable","15":"purchasable","16":"product-type-simple"},"_links":{"self":[{"href":"https:\/\/roveyayinevi.com.tr\/index.php\/wp-json\/wp\/v2\/product\/767801","targetHints":{"allow":["GET"]}}],"collection":[{"href":"https:\/\/roveyayinevi.com.tr\/index.php\/wp-json\/wp\/v2\/product"}],"about":[{"href":"https:\/\/roveyayinevi.com.tr\/index.php\/wp-json\/wp\/v2\/types\/product"}],"wp:attachment":[{"href":"https:\/\/roveyayinevi.com.tr\/index.php\/wp-json\/wp\/v2\/media?parent=767801"}],"wp:term":[{"taxonomy":"product_brand","embeddable":true,"href":"https:\/\/roveyayinevi.com.tr\/index.php\/wp-json\/wp\/v2\/product_brand?post=767801"},{"taxonomy":"product_cat","embeddable":true,"href":"https:\/\/roveyayinevi.com.tr\/index.php\/wp-json\/wp\/v2\/product_cat?post=767801"},{"taxonomy":"product_tag","embeddable":true,"href":"https:\/\/roveyayinevi.com.tr\/index.php\/wp-json\/wp\/v2\/product_tag?post=767801"}],"curies":[{"name":"wp","href":"https:\/\/api.w.org\/{rel}","templated":true}]}}