{"id":767800,"date":"2025-08-28T12:59:46","date_gmt":"2025-08-28T09:59:46","guid":{"rendered":"https:\/\/roveyayinevi.com.tr\/index.php\/urun\/arayis-ormani-solgun-ruhlar-kitabi\/"},"modified":"2026-04-15T03:33:33","modified_gmt":"2026-04-15T00:33:33","slug":"arayis-ormani-solgun-ruhlar-kitabi","status":"publish","type":"product","link":"https:\/\/roveyayinevi.com.tr\/index.php\/urun\/arayis-ormani-solgun-ruhlar-kitabi\/","title":{"rendered":"Aray\u0131\u015f Orman\u0131 &#8211; Solgun Ruhlar Kitab\u0131"},"content":{"rendered":"<p>Aray\u0131\u015f Devam Ediyor. . . \u201c\u00d6n\u00fcnde daha uzun bir yol var Bek\u00e7i. \u00d6nce evine d\u00f6necek, Alt \u0130stanbul\u2019un ruhuna Aray\u0131\u015f Orman\u0131\u2019ndan \u00e7\u0131kt\u0131\u011f\u0131n\u0131 ve benim bir par\u00e7am\u0131 ald\u0131\u011f\u0131n\u0131 s\u00f6yleyeceksin. O da seni tan\u0131mal\u0131. Sonra evine git. Fedailerin seni e\u011fitmesine izin ver\u2026\u201d ARAYI\u015e ORMANI-B\u0130R\u0130NC\u0130 K\u0130TAP   Deniz, kendi a\u011fac\u0131n\u0131n, yani Ruhlar A\u011fac\u0131\u2019n\u0131n s\u00f6yledi\u011fi her \u015feyi yapt\u0131. Hayalet Marangoz\u2019a asas\u0131n\u0131 yapt\u0131rmak ve ard\u0131ndan da Ay Manast\u0131r\u0131\u2019n\u0131 bulmak i\u00e7in sab\u0131rs\u0131zlan\u0131yordu. Kendini diyara Bek\u00e7i olarak tan\u0131tabilmesi i\u00e7in bu \u015fartt\u0131. Ama beklenmedik bir geli\u015fme, maceran\u0131n tahmin etti\u011finden de \u00f6nce ba\u015flamas\u0131na neden olacakt\u0131. Art\u0131k Konsey\u2019in ve diyar\u0131n gelece\u011fi gen\u00e7 bek\u00e7i Deniz\u2019in elindeydi. \u00dcst \u0130stanbul\u2019un b\u00fcy\u00fc dolu d\u00fcnyas\u0131nda, t\u0131ls\u0131mc\u0131 dostu Ena ve Bozk\u0131r Cad\u0131lar\u0131ndan Levia ile birlikte \u00e7\u0131kaca\u011f\u0131 yolculuk hi\u00e7 kolay olmayacakt\u0131. Deniz, Hayalet Marangoz\u2019u nas\u0131l bulacakt\u0131 ve Ay Manast\u0131r\u0131\u2019nda nelerle kar\u015f\u0131la\u015facakt\u0131? Cad\u0131lara ve karanl\u0131k g\u00fc\u00e7lere kar\u015f\u0131 verece\u011fi sava\u015f\u0131 kazanabilmek i\u00e7in \u00f6n\u00fcnde zorlu bir macera vard\u0131. <\/p>\n","protected":false},"excerpt":{"rendered":"<p>Aray\u0131\u015f Devam Ediyor. . . \u201c\u00d6n\u00fcnde daha uzun bir yol var Bek\u00e7i. \u00d6nce evine d\u00f6necek, Alt \u0130stanbul\u2019un ruhuna Aray\u0131\u015f Orman\u0131\u2019ndan \u00e7\u0131kt\u0131\u011f\u0131n\u0131 ve benim bir par\u00e7am\u0131 ald\u0131\u011f\u0131n\u0131<span class=\"excerpt-hellip\"> [\u2026]<\/span><\/p>\n","protected":false},"featured_media":0,"template":"","meta":{"_monsterinsights_skip_tracking":false,"_monsterinsights_sitenote_active":false,"_monsterinsights_sitenote_note":"","_monsterinsights_sitenote_category":0},"product_brand":[],"product_cat":[12274,12284],"product_tag":[],"class_list":{"0":"post-767800","1":"product","2":"type-product","3":"status-publish","5":"product_cat-cocuk-ve-genclik-kitaplari","6":"product_cat-hikayeler","7":"pa_cilt-ciltsiz","8":"pa_tur-kitap","9":"pa_yayinevi-x-libris","10":"pa_yazar-goktug-canbaba","12":"first","13":"instock","14":"sale","15":"shipping-taxable","16":"purchasable","17":"product-type-simple"},"_links":{"self":[{"href":"https:\/\/roveyayinevi.com.tr\/index.php\/wp-json\/wp\/v2\/product\/767800","targetHints":{"allow":["GET"]}}],"collection":[{"href":"https:\/\/roveyayinevi.com.tr\/index.php\/wp-json\/wp\/v2\/product"}],"about":[{"href":"https:\/\/roveyayinevi.com.tr\/index.php\/wp-json\/wp\/v2\/types\/product"}],"wp:attachment":[{"href":"https:\/\/roveyayinevi.com.tr\/index.php\/wp-json\/wp\/v2\/media?parent=767800"}],"wp:term":[{"taxonomy":"product_brand","embeddable":true,"href":"https:\/\/roveyayinevi.com.tr\/index.php\/wp-json\/wp\/v2\/product_brand?post=767800"},{"taxonomy":"product_cat","embeddable":true,"href":"https:\/\/roveyayinevi.com.tr\/index.php\/wp-json\/wp\/v2\/product_cat?post=767800"},{"taxonomy":"product_tag","embeddable":true,"href":"https:\/\/roveyayinevi.com.tr\/index.php\/wp-json\/wp\/v2\/product_tag?post=767800"}],"curies":[{"name":"wp","href":"https:\/\/api.w.org\/{rel}","templated":true}]}}