{"id":767799,"date":"2025-08-28T12:59:44","date_gmt":"2025-08-28T09:59:44","guid":{"rendered":"https:\/\/roveyayinevi.com.tr\/index.php\/urun\/ciftci-lama\/"},"modified":"2026-04-15T03:33:33","modified_gmt":"2026-04-15T00:33:33","slug":"ciftci-lama","status":"publish","type":"product","link":"https:\/\/roveyayinevi.com.tr\/index.php\/urun\/ciftci-lama\/","title":{"rendered":"\u00c7ift\u00e7i Lama"},"content":{"rendered":"<p>\u00c7ift\u00e7i-Lama, Pijama-Lama, Muz-Lama, Panik-Lama, D\u00e2hi-Lama\u2026 \u00c7iftlikte g\u00fczel bir g\u00fcn ba\u015fl\u0131yordu ve \u00c7ift\u00e7i Lama samanlar\u0131 almak i\u00e7in kamyonetini \u00e7al\u0131\u015ft\u0131rd\u0131. Peki, baz\u0131 inat\u00e7\u0131 inekler yolundan \u00e7ekilmezse ne olacakt\u0131? Sesli okumaya uygun, zekice ve g\u00fcl\u00fcn\u00e7 kafiyelerle dolu e\u011flenceli bir \u00e7iftlik maceras\u0131&#8230; <\/p>\n","protected":false},"excerpt":{"rendered":"<p>\u00c7ift\u00e7i-Lama, Pijama-Lama, Muz-Lama, Panik-Lama, D\u00e2hi-Lama\u2026 \u00c7iftlikte g\u00fczel bir g\u00fcn ba\u015fl\u0131yordu ve \u00c7ift\u00e7i Lama samanlar\u0131 almak i\u00e7in kamyonetini \u00e7al\u0131\u015ft\u0131rd\u0131. Peki, baz\u0131 inat\u00e7\u0131 inekler yolundan \u00e7ekilmezse ne olacakt\u0131?<span class=\"excerpt-hellip\"> [\u2026]<\/span><\/p>\n","protected":false},"featured_media":0,"template":"","meta":{"_monsterinsights_skip_tracking":false,"_monsterinsights_sitenote_active":false,"_monsterinsights_sitenote_note":"","_monsterinsights_sitenote_category":0},"product_brand":[],"product_cat":[12274,12284],"product_tag":[],"class_list":{"0":"post-767799","1":"product","2":"type-product","3":"status-publish","5":"product_cat-cocuk-ve-genclik-kitaplari","6":"product_cat-hikayeler","7":"pa_cilt-ciltsiz","8":"pa_tur-kitap","9":"pa_yayinevi-is-bankasi-kultur-yayinlari","10":"pa_yazar-donna-david","12":"first","13":"instock","14":"sale","15":"shipping-taxable","16":"purchasable","17":"product-type-simple"},"_links":{"self":[{"href":"https:\/\/roveyayinevi.com.tr\/index.php\/wp-json\/wp\/v2\/product\/767799","targetHints":{"allow":["GET"]}}],"collection":[{"href":"https:\/\/roveyayinevi.com.tr\/index.php\/wp-json\/wp\/v2\/product"}],"about":[{"href":"https:\/\/roveyayinevi.com.tr\/index.php\/wp-json\/wp\/v2\/types\/product"}],"wp:attachment":[{"href":"https:\/\/roveyayinevi.com.tr\/index.php\/wp-json\/wp\/v2\/media?parent=767799"}],"wp:term":[{"taxonomy":"product_brand","embeddable":true,"href":"https:\/\/roveyayinevi.com.tr\/index.php\/wp-json\/wp\/v2\/product_brand?post=767799"},{"taxonomy":"product_cat","embeddable":true,"href":"https:\/\/roveyayinevi.com.tr\/index.php\/wp-json\/wp\/v2\/product_cat?post=767799"},{"taxonomy":"product_tag","embeddable":true,"href":"https:\/\/roveyayinevi.com.tr\/index.php\/wp-json\/wp\/v2\/product_tag?post=767799"}],"curies":[{"name":"wp","href":"https:\/\/api.w.org\/{rel}","templated":true}]}}