{"id":767797,"date":"2025-08-28T12:59:40","date_gmt":"2025-08-28T09:59:40","guid":{"rendered":"https:\/\/roveyayinevi.com.tr\/index.php\/urun\/ada-biraz-ofkeli-ilk-okuma-kitabim\/"},"modified":"2026-04-15T03:33:33","modified_gmt":"2026-04-15T00:33:33","slug":"ada-biraz-ofkeli-ilk-okuma-kitabim","status":"publish","type":"product","link":"https:\/\/roveyayinevi.com.tr\/index.php\/urun\/ada-biraz-ofkeli-ilk-okuma-kitabim\/","title":{"rendered":"Ada Biraz \u00d6fkeli &#8211; Ilk Okuma Kitab\u0131m"},"content":{"rendered":"<p>Ada\u2019n\u0131n pek iyi ba\u015flamayan g\u00fcn\u00fc \u00e7e\u015fitli aksiliklerle devam etti. En sonunda resminin \u00fczerine su d\u00f6k\u00fcl\u00fcnce i\u00e7ini \u00f6fke kaplad\u0131! Ada\u2019n\u0131n \u00f6fkesini anlamay\u0131 ve ba\u015fa \u00e7\u0131kmay\u0131 \u00f6\u011frendi\u011fi \u00f6yk\u00fc, duygular\u0131n\u0131 tan\u0131malar\u0131 ve do\u011fru \u015fekilde ifade etmeleri i\u00e7in \u00e7ocuklara yol g\u00f6sterebilir. <\/p>\n","protected":false},"excerpt":{"rendered":"<p>Ada\u2019n\u0131n pek iyi ba\u015flamayan g\u00fcn\u00fc \u00e7e\u015fitli aksiliklerle devam etti. En sonunda resminin \u00fczerine su d\u00f6k\u00fcl\u00fcnce i\u00e7ini \u00f6fke kaplad\u0131! Ada\u2019n\u0131n \u00f6fkesini anlamay\u0131 ve ba\u015fa \u00e7\u0131kmay\u0131 \u00f6\u011frendi\u011fi \u00f6yk\u00fc,<span class=\"excerpt-hellip\"> [\u2026]<\/span><\/p>\n","protected":false},"featured_media":0,"template":"","meta":{"_monsterinsights_skip_tracking":false,"_monsterinsights_sitenote_active":false,"_monsterinsights_sitenote_note":"","_monsterinsights_sitenote_category":0},"product_brand":[],"product_cat":[12274,12284],"product_tag":[],"class_list":{"0":"post-767797","1":"product","2":"type-product","3":"status-publish","5":"product_cat-cocuk-ve-genclik-kitaplari","6":"product_cat-hikayeler","7":"pa_cilt-ciltsiz","8":"pa_tur-kitap","9":"pa_yayinevi-is-bankasi-kultur-yayinlari","10":"pa_yazar-anna-wagenhoff","12":"first","13":"instock","14":"sale","15":"shipping-taxable","16":"purchasable","17":"product-type-simple"},"_links":{"self":[{"href":"https:\/\/roveyayinevi.com.tr\/index.php\/wp-json\/wp\/v2\/product\/767797","targetHints":{"allow":["GET"]}}],"collection":[{"href":"https:\/\/roveyayinevi.com.tr\/index.php\/wp-json\/wp\/v2\/product"}],"about":[{"href":"https:\/\/roveyayinevi.com.tr\/index.php\/wp-json\/wp\/v2\/types\/product"}],"wp:attachment":[{"href":"https:\/\/roveyayinevi.com.tr\/index.php\/wp-json\/wp\/v2\/media?parent=767797"}],"wp:term":[{"taxonomy":"product_brand","embeddable":true,"href":"https:\/\/roveyayinevi.com.tr\/index.php\/wp-json\/wp\/v2\/product_brand?post=767797"},{"taxonomy":"product_cat","embeddable":true,"href":"https:\/\/roveyayinevi.com.tr\/index.php\/wp-json\/wp\/v2\/product_cat?post=767797"},{"taxonomy":"product_tag","embeddable":true,"href":"https:\/\/roveyayinevi.com.tr\/index.php\/wp-json\/wp\/v2\/product_tag?post=767797"}],"curies":[{"name":"wp","href":"https:\/\/api.w.org\/{rel}","templated":true}]}}