{"id":767796,"date":"2025-08-28T12:59:38","date_gmt":"2025-08-28T09:59:38","guid":{"rendered":"https:\/\/roveyayinevi.com.tr\/index.php\/urun\/harika-uzay-uzayla-ilgili-101-olaganustu-bilgi\/"},"modified":"2026-04-15T03:33:32","modified_gmt":"2026-04-15T00:33:32","slug":"harika-uzay-uzayla-ilgili-101-olaganustu-bilgi","status":"publish","type":"product","link":"https:\/\/roveyayinevi.com.tr\/index.php\/urun\/harika-uzay-uzayla-ilgili-101-olaganustu-bilgi\/","title":{"rendered":"Harika Uzay &#8211; Uzayla ilgili 101 Ola\u011fan\u00fcst\u00fc Bilgi"},"content":{"rendered":"<p>Neredeyse her g\u00fcn yeni bir gezegenin ke\u015ffedildi\u011fini ya da teleskoplarla milyonlarca y\u0131l ge\u00e7mi\u015fe bak\u0131labildi\u011fini biliyor muydun? Bu kitap, G\u00fcne\u015f Sistemi\u2019ndeki gezegenlerden ve onlar\u0131n uydular\u0131ndan, evrenin en u\u00e7 noktalar\u0131na kadar uzay\u0131n birbirinden ilgin\u00e7 harikalar\u0131n\u0131n anlat\u0131ld\u0131\u011f\u0131 bir k\u0131lavuzdur. Bilime merakl\u0131 minikler, uzaya ili\u015fkin s\u0131ra d\u0131\u015f\u0131 101 bilginin yer ald\u0131\u011f\u0131 bu kitab\u0131 \u00e7ok sevecek. Buradaki bilgilerin hepsi ola\u011fan\u00fcst\u00fc !<\/p>\n","protected":false},"excerpt":{"rendered":"<p>Neredeyse her g\u00fcn yeni bir gezegenin ke\u015ffedildi\u011fini ya da teleskoplarla milyonlarca y\u0131l ge\u00e7mi\u015fe bak\u0131labildi\u011fini biliyor muydun? Bu kitap, G\u00fcne\u015f Sistemi\u2019ndeki gezegenlerden ve onlar\u0131n uydular\u0131ndan, evrenin en<span class=\"excerpt-hellip\"> [\u2026]<\/span><\/p>\n","protected":false},"featured_media":0,"template":"","meta":{"_monsterinsights_skip_tracking":false,"_monsterinsights_sitenote_active":false,"_monsterinsights_sitenote_note":"","_monsterinsights_sitenote_category":0},"product_brand":[],"product_cat":[13829,12274],"product_tag":[],"class_list":{"0":"post-767796","1":"product","2":"type-product","3":"status-publish","5":"product_cat-bilimsel-kitaplar","6":"product_cat-cocuk-ve-genclik-kitaplari","7":"pa_cilt-ciltsiz","8":"pa_tur-kitap","9":"pa_yayinevi-is-bankasi-kultur-yayinlari","10":"pa_yazar-alice-harman","12":"first","13":"instock","14":"sale","15":"shipping-taxable","16":"purchasable","17":"product-type-simple"},"_links":{"self":[{"href":"https:\/\/roveyayinevi.com.tr\/index.php\/wp-json\/wp\/v2\/product\/767796","targetHints":{"allow":["GET"]}}],"collection":[{"href":"https:\/\/roveyayinevi.com.tr\/index.php\/wp-json\/wp\/v2\/product"}],"about":[{"href":"https:\/\/roveyayinevi.com.tr\/index.php\/wp-json\/wp\/v2\/types\/product"}],"wp:attachment":[{"href":"https:\/\/roveyayinevi.com.tr\/index.php\/wp-json\/wp\/v2\/media?parent=767796"}],"wp:term":[{"taxonomy":"product_brand","embeddable":true,"href":"https:\/\/roveyayinevi.com.tr\/index.php\/wp-json\/wp\/v2\/product_brand?post=767796"},{"taxonomy":"product_cat","embeddable":true,"href":"https:\/\/roveyayinevi.com.tr\/index.php\/wp-json\/wp\/v2\/product_cat?post=767796"},{"taxonomy":"product_tag","embeddable":true,"href":"https:\/\/roveyayinevi.com.tr\/index.php\/wp-json\/wp\/v2\/product_tag?post=767796"}],"curies":[{"name":"wp","href":"https:\/\/api.w.org\/{rel}","templated":true}]}}